{"id":175,"date":"2025-03-13T12:36:37","date_gmt":"2025-03-13T10:36:37","guid":{"rendered":"https:\/\/sponsorsmill-store.fi\/fcmullit\/tuote\/hart-sport-energy-gel-30-g-sitruuna-40-kpln-pakkaus"},"modified":"2025-10-14T17:21:00","modified_gmt":"2025-10-14T14:21:00","slug":"hart-sport-energy-gel-30-g-sitruuna-40-kpln-pakkaus","status":"publish","type":"product","link":"https:\/\/sponsorsmill-store.fi\/fcmullit\/tuote\/hart-sport-energy-gel-30-g-sitruuna-40-kpln-pakkaus","title":{"rendered":"Hart-Sport Energy Gel 30 g Sitruuna &#8211; 40 kpl:n pakkaus."},"content":{"rendered":"","protected":false},"excerpt":{"rendered":"<p>Paranna suorituskyky\u00e4si uudella energiageelill\u00e4!<\/p>\n<p>T\u00e4m\u00e4 korkealaatuinen geeli antaa sinulle v\u00e4lit\u00f6nt\u00e4 energiaa ja t\u00e4rkeit\u00e4 elektrolyyttej\u00e4, jotta pysyt energisen\u00e4 ja valppaana huipputasolla. Olipa kyse sitten juoksusta, py\u00f6r\u00e4ilyst\u00e4 tai kuntosaliharjoittelusta, t\u00e4m\u00e4 energiageeli on avain suorituskykysi maksimointiin. Nauti maukkaasta energiaboostista &#8211; valmistaudu ylitt\u00e4m\u00e4\u00e4n rajasi!<\/p>\n","protected":false},"featured_media":10000005290,"comment_status":"closed","ping_status":"closed","template":"","meta":[],"product_brand":[],"product_cat":[50],"product_tag":[77],"class_list":{"0":"post-175","1":"product","2":"type-product","3":"status-publish","4":"has-post-thumbnail","6":"product_cat-hart-sport-box","7":"product_tag-hart-sport-energy-gel-30-g-sitruuna","9":"first","10":"instock","11":"featured","12":"taxable","13":"shipping-taxable","14":"purchasable","15":"product-type-simple"},"yoast_head":"<!-- This site is optimized with the Yoast SEO plugin v27.4 - https:\/\/yoast.com\/product\/yoast-seo-wordpress\/ -->\n<title>Hart-Sport Energy Gel 30 g Sitruuna - 40 kpl:n pakkaus. - FC Mullit - Isosti hyv\u00e4\u00e4!<\/title>\n<meta name=\"robots\" content=\"index, follow, max-snippet:-1, max-image-preview:large, max-video-preview:-1\" \/>\n<link rel=\"canonical\" href=\"https:\/\/sponsorsmill-store.fi\/fcmullit\/tuote\/hart-sport-energy-gel-30-g-sitruuna-40-kpln-pakkaus\" \/>\n<meta property=\"og:locale\" content=\"fi_FI\" \/>\n<meta property=\"og:type\" content=\"article\" \/>\n<meta property=\"og:title\" content=\"Hart-Sport Energy Gel 30 g Sitruuna - 40 kpl:n pakkaus. - FC Mullit - Isosti hyv\u00e4\u00e4!\" \/>\n<meta property=\"og:description\" content=\"Paranna suorituskyky\u00e4si uudella energiageelill\u00e4!T\u00e4m\u00e4 korkealaatuinen geeli antaa sinulle v\u00e4lit\u00f6nt\u00e4 energiaa ja t\u00e4rkeit\u00e4 elektrolyyttej\u00e4, jotta pysyt energisen\u00e4 ja valppaana huipputasolla. Olipa kyse sitten juoksusta, py\u00f6r\u00e4ilyst\u00e4 tai kuntosaliharjoittelusta, t\u00e4m\u00e4 energiageeli on avain suorituskykysi maksimointiin. Nauti maukkaasta energiaboostista - valmistaudu ylitt\u00e4m\u00e4\u00e4n rajasi!\" \/>\n<meta property=\"og:url\" content=\"https:\/\/sponsorsmill-store.fi\/fcmullit\/tuote\/hart-sport-energy-gel-30-g-sitruuna-40-kpln-pakkaus\" \/>\n<meta property=\"og:site_name\" content=\"FC Mullit - Isosti hyv\u00e4\u00e4!\" \/>\n<meta property=\"article:modified_time\" content=\"2025-10-14T14:21:00+00:00\" \/>\n<meta name=\"twitter:card\" content=\"summary_large_image\" \/>\n<script type=\"application\/ld+json\" class=\"yoast-schema-graph\">{\"@context\":\"https:\\\/\\\/schema.org\",\"@graph\":[{\"@type\":\"WebPage\",\"@id\":\"https:\\\/\\\/sponsorsmill-store.fi\\\/fcmullit\\\/tuote\\\/hart-sport-energy-gel-30-g-sitruuna-40-kpln-pakkaus\",\"url\":\"https:\\\/\\\/sponsorsmill-store.fi\\\/fcmullit\\\/tuote\\\/hart-sport-energy-gel-30-g-sitruuna-40-kpln-pakkaus\",\"name\":\"Hart-Sport Energy Gel 30 g Sitruuna - 40 kpl:n pakkaus. - FC Mullit - Isosti hyv\u00e4\u00e4!\",\"isPartOf\":{\"@id\":\"https:\\\/\\\/sponsorsmill-store.fi\\\/fcmullit\\\/#website\"},\"primaryImageOfPage\":{\"@id\":\"https:\\\/\\\/sponsorsmill-store.fi\\\/fcmullit\\\/tuote\\\/hart-sport-energy-gel-30-g-sitruuna-40-kpln-pakkaus#primaryimage\"},\"image\":{\"@id\":\"https:\\\/\\\/sponsorsmill-store.fi\\\/fcmullit\\\/tuote\\\/hart-sport-energy-gel-30-g-sitruuna-40-kpln-pakkaus#primaryimage\"},\"thumbnailUrl\":\"https:\\\/\\\/sponsorsmill-store.fi\\\/fcmullit\\\/wp-content\\\/uploads\\\/2025\\\/03\\\/Hart-Sport-Energy-Gel-mockup-v5_lemon1-scaled.webp\",\"datePublished\":\"2025-03-13T10:36:37+00:00\",\"dateModified\":\"2025-10-14T14:21:00+00:00\",\"breadcrumb\":{\"@id\":\"https:\\\/\\\/sponsorsmill-store.fi\\\/fcmullit\\\/tuote\\\/hart-sport-energy-gel-30-g-sitruuna-40-kpln-pakkaus#breadcrumb\"},\"inLanguage\":\"fi\",\"potentialAction\":[{\"@type\":\"ReadAction\",\"target\":[\"https:\\\/\\\/sponsorsmill-store.fi\\\/fcmullit\\\/tuote\\\/hart-sport-energy-gel-30-g-sitruuna-40-kpln-pakkaus\"]}]},{\"@type\":\"ImageObject\",\"inLanguage\":\"fi\",\"@id\":\"https:\\\/\\\/sponsorsmill-store.fi\\\/fcmullit\\\/tuote\\\/hart-sport-energy-gel-30-g-sitruuna-40-kpln-pakkaus#primaryimage\",\"url\":\"https:\\\/\\\/sponsorsmill-store.fi\\\/fcmullit\\\/wp-content\\\/uploads\\\/2025\\\/03\\\/Hart-Sport-Energy-Gel-mockup-v5_lemon1-scaled.webp\",\"contentUrl\":\"https:\\\/\\\/sponsorsmill-store.fi\\\/fcmullit\\\/wp-content\\\/uploads\\\/2025\\\/03\\\/Hart-Sport-Energy-Gel-mockup-v5_lemon1-scaled.webp\"},{\"@type\":\"BreadcrumbList\",\"@id\":\"https:\\\/\\\/sponsorsmill-store.fi\\\/fcmullit\\\/tuote\\\/hart-sport-energy-gel-30-g-sitruuna-40-kpln-pakkaus#breadcrumb\",\"itemListElement\":[{\"@type\":\"ListItem\",\"position\":1,\"name\":\"Etusivu\",\"item\":\"https:\\\/\\\/sponsorsmill-store.fi\\\/fcmullit\\\/\"},{\"@type\":\"ListItem\",\"position\":2,\"name\":\"Kauppa\",\"item\":\"https:\\\/\\\/sponsorsmill-store.fi\\\/fcmullit\\\/kauppa\"},{\"@type\":\"ListItem\",\"position\":3,\"name\":\"Hart-Sport Energy Gel 30 g Sitruuna &#8211; 40 kpl:n pakkaus.\"}]},{\"@type\":\"WebSite\",\"@id\":\"https:\\\/\\\/sponsorsmill-store.fi\\\/fcmullit\\\/#website\",\"url\":\"https:\\\/\\\/sponsorsmill-store.fi\\\/fcmullit\\\/\",\"name\":\"Sponsors Mill Store\",\"description\":\"\",\"publisher\":{\"@id\":\"https:\\\/\\\/sponsorsmill-store.fi\\\/fcmullit\\\/#organization\"},\"potentialAction\":[{\"@type\":\"SearchAction\",\"target\":{\"@type\":\"EntryPoint\",\"urlTemplate\":\"https:\\\/\\\/sponsorsmill-store.fi\\\/fcmullit\\\/?s={search_term_string}\"},\"query-input\":{\"@type\":\"PropertyValueSpecification\",\"valueRequired\":true,\"valueName\":\"search_term_string\"}}],\"inLanguage\":\"fi\"},{\"@type\":\"Organization\",\"@id\":\"https:\\\/\\\/sponsorsmill-store.fi\\\/fcmullit\\\/#organization\",\"name\":\"Sponsors Mill Store\",\"url\":\"https:\\\/\\\/sponsorsmill-store.fi\\\/fcmullit\\\/\",\"logo\":{\"@type\":\"ImageObject\",\"inLanguage\":\"fi\",\"@id\":\"https:\\\/\\\/sponsorsmill-store.fi\\\/fcmullit\\\/#\\\/schema\\\/logo\\\/image\\\/\",\"url\":\"https:\\\/\\\/sponsorsmill-store.fi\\\/wp-content\\\/uploads\\\/2025\\\/01\\\/Sponsorsmill-Logo-1024x724.png\",\"contentUrl\":\"https:\\\/\\\/sponsorsmill-store.fi\\\/wp-content\\\/uploads\\\/2025\\\/01\\\/Sponsorsmill-Logo-1024x724.png\",\"width\":1024,\"height\":724,\"caption\":\"Sponsors Mill Store\"},\"image\":{\"@id\":\"https:\\\/\\\/sponsorsmill-store.fi\\\/fcmullit\\\/#\\\/schema\\\/logo\\\/image\\\/\"}}]}<\/script>\n<!-- \/ Yoast SEO plugin. -->","yoast_head_json":{"title":"Hart-Sport Energy Gel 30 g Sitruuna - 40 kpl:n pakkaus. - FC Mullit - Isosti hyv\u00e4\u00e4!","robots":{"index":"index","follow":"follow","max-snippet":"max-snippet:-1","max-image-preview":"max-image-preview:large","max-video-preview":"max-video-preview:-1"},"canonical":"https:\/\/sponsorsmill-store.fi\/fcmullit\/tuote\/hart-sport-energy-gel-30-g-sitruuna-40-kpln-pakkaus","og_locale":"fi_FI","og_type":"article","og_title":"Hart-Sport Energy Gel 30 g Sitruuna - 40 kpl:n pakkaus. - FC Mullit - Isosti hyv\u00e4\u00e4!","og_description":"Paranna suorituskyky\u00e4si uudella energiageelill\u00e4!T\u00e4m\u00e4 korkealaatuinen geeli antaa sinulle v\u00e4lit\u00f6nt\u00e4 energiaa ja t\u00e4rkeit\u00e4 elektrolyyttej\u00e4, jotta pysyt energisen\u00e4 ja valppaana huipputasolla. Olipa kyse sitten juoksusta, py\u00f6r\u00e4ilyst\u00e4 tai kuntosaliharjoittelusta, t\u00e4m\u00e4 energiageeli on avain suorituskykysi maksimointiin. Nauti maukkaasta energiaboostista - valmistaudu ylitt\u00e4m\u00e4\u00e4n rajasi!","og_url":"https:\/\/sponsorsmill-store.fi\/fcmullit\/tuote\/hart-sport-energy-gel-30-g-sitruuna-40-kpln-pakkaus","og_site_name":"FC Mullit - Isosti hyv\u00e4\u00e4!","article_modified_time":"2025-10-14T14:21:00+00:00","twitter_card":"summary_large_image","schema":{"@context":"https:\/\/schema.org","@graph":[{"@type":"WebPage","@id":"https:\/\/sponsorsmill-store.fi\/fcmullit\/tuote\/hart-sport-energy-gel-30-g-sitruuna-40-kpln-pakkaus","url":"https:\/\/sponsorsmill-store.fi\/fcmullit\/tuote\/hart-sport-energy-gel-30-g-sitruuna-40-kpln-pakkaus","name":"Hart-Sport Energy Gel 30 g Sitruuna - 40 kpl:n pakkaus. - FC Mullit - Isosti hyv\u00e4\u00e4!","isPartOf":{"@id":"https:\/\/sponsorsmill-store.fi\/fcmullit\/#website"},"primaryImageOfPage":{"@id":"https:\/\/sponsorsmill-store.fi\/fcmullit\/tuote\/hart-sport-energy-gel-30-g-sitruuna-40-kpln-pakkaus#primaryimage"},"image":{"@id":"https:\/\/sponsorsmill-store.fi\/fcmullit\/tuote\/hart-sport-energy-gel-30-g-sitruuna-40-kpln-pakkaus#primaryimage"},"thumbnailUrl":"https:\/\/sponsorsmill-store.fi\/fcmullit\/wp-content\/uploads\/2025\/03\/Hart-Sport-Energy-Gel-mockup-v5_lemon1-scaled.webp","datePublished":"2025-03-13T10:36:37+00:00","dateModified":"2025-10-14T14:21:00+00:00","breadcrumb":{"@id":"https:\/\/sponsorsmill-store.fi\/fcmullit\/tuote\/hart-sport-energy-gel-30-g-sitruuna-40-kpln-pakkaus#breadcrumb"},"inLanguage":"fi","potentialAction":[{"@type":"ReadAction","target":["https:\/\/sponsorsmill-store.fi\/fcmullit\/tuote\/hart-sport-energy-gel-30-g-sitruuna-40-kpln-pakkaus"]}]},{"@type":"ImageObject","inLanguage":"fi","@id":"https:\/\/sponsorsmill-store.fi\/fcmullit\/tuote\/hart-sport-energy-gel-30-g-sitruuna-40-kpln-pakkaus#primaryimage","url":"https:\/\/sponsorsmill-store.fi\/fcmullit\/wp-content\/uploads\/2025\/03\/Hart-Sport-Energy-Gel-mockup-v5_lemon1-scaled.webp","contentUrl":"https:\/\/sponsorsmill-store.fi\/fcmullit\/wp-content\/uploads\/2025\/03\/Hart-Sport-Energy-Gel-mockup-v5_lemon1-scaled.webp"},{"@type":"BreadcrumbList","@id":"https:\/\/sponsorsmill-store.fi\/fcmullit\/tuote\/hart-sport-energy-gel-30-g-sitruuna-40-kpln-pakkaus#breadcrumb","itemListElement":[{"@type":"ListItem","position":1,"name":"Etusivu","item":"https:\/\/sponsorsmill-store.fi\/fcmullit\/"},{"@type":"ListItem","position":2,"name":"Kauppa","item":"https:\/\/sponsorsmill-store.fi\/fcmullit\/kauppa"},{"@type":"ListItem","position":3,"name":"Hart-Sport Energy Gel 30 g Sitruuna &#8211; 40 kpl:n pakkaus."}]},{"@type":"WebSite","@id":"https:\/\/sponsorsmill-store.fi\/fcmullit\/#website","url":"https:\/\/sponsorsmill-store.fi\/fcmullit\/","name":"Sponsors Mill Store","description":"","publisher":{"@id":"https:\/\/sponsorsmill-store.fi\/fcmullit\/#organization"},"potentialAction":[{"@type":"SearchAction","target":{"@type":"EntryPoint","urlTemplate":"https:\/\/sponsorsmill-store.fi\/fcmullit\/?s={search_term_string}"},"query-input":{"@type":"PropertyValueSpecification","valueRequired":true,"valueName":"search_term_string"}}],"inLanguage":"fi"},{"@type":"Organization","@id":"https:\/\/sponsorsmill-store.fi\/fcmullit\/#organization","name":"Sponsors Mill Store","url":"https:\/\/sponsorsmill-store.fi\/fcmullit\/","logo":{"@type":"ImageObject","inLanguage":"fi","@id":"https:\/\/sponsorsmill-store.fi\/fcmullit\/#\/schema\/logo\/image\/","url":"https:\/\/sponsorsmill-store.fi\/wp-content\/uploads\/2025\/01\/Sponsorsmill-Logo-1024x724.png","contentUrl":"https:\/\/sponsorsmill-store.fi\/wp-content\/uploads\/2025\/01\/Sponsorsmill-Logo-1024x724.png","width":1024,"height":724,"caption":"Sponsors Mill Store"},"image":{"@id":"https:\/\/sponsorsmill-store.fi\/fcmullit\/#\/schema\/logo\/image\/"}}]}},"_links":{"self":[{"href":"https:\/\/sponsorsmill-store.fi\/fcmullit\/wp-json\/wp\/v2\/product\/175","targetHints":{"allow":["GET"]}}],"collection":[{"href":"https:\/\/sponsorsmill-store.fi\/fcmullit\/wp-json\/wp\/v2\/product"}],"about":[{"href":"https:\/\/sponsorsmill-store.fi\/fcmullit\/wp-json\/wp\/v2\/types\/product"}],"replies":[{"embeddable":true,"href":"https:\/\/sponsorsmill-store.fi\/fcmullit\/wp-json\/wp\/v2\/comments?post=175"}],"wp:featuredmedia":[{"embeddable":true,"href":"https:\/\/sponsorsmill-store.fi\/fcmullit\/wp-json\/"}],"wp:attachment":[{"href":"https:\/\/sponsorsmill-store.fi\/fcmullit\/wp-json\/wp\/v2\/media?parent=175"}],"wp:term":[{"taxonomy":"product_brand","embeddable":true,"href":"https:\/\/sponsorsmill-store.fi\/fcmullit\/wp-json\/wp\/v2\/product_brand?post=175"},{"taxonomy":"product_cat","embeddable":true,"href":"https:\/\/sponsorsmill-store.fi\/fcmullit\/wp-json\/wp\/v2\/product_cat?post=175"},{"taxonomy":"product_tag","embeddable":true,"href":"https:\/\/sponsorsmill-store.fi\/fcmullit\/wp-json\/wp\/v2\/product_tag?post=175"}],"curies":[{"name":"wp","href":"https:\/\/api.w.org\/{rel}","templated":true}]}}