{"id":279,"date":"2025-03-13T12:05:20","date_gmt":"2025-03-13T10:05:20","guid":{"rendered":"https:\/\/sponsorsmill-store.fi\/fcmullit\/tuote\/hart-sport-vahva-monivitamiini-60-vegekaps"},"modified":"2025-10-14T17:50:14","modified_gmt":"2025-10-14T14:50:14","slug":"hart-sport-vahva-monivitamiini-60-vegekaps","status":"publish","type":"product","link":"https:\/\/sponsorsmill-store.fi\/fcmullit\/tuote\/hart-sport-vahva-monivitamiini-60-vegekaps","title":{"rendered":"Hart-Sport Vahva Monivitamiini 60 vegekaps"},"content":{"rendered":"","protected":false},"excerpt":{"rendered":"<p>Esittelemme erityisesti urheilun harrastajien ja aktiivisten henkil\u00f6iden dynaamiseen el\u00e4m\u00e4ntapaan suunnitellun monivitamiinin. T\u00e4m\u00e4 tuote on t\u00e4ynn\u00e4 tehokkaita vitamiineja, kivenn\u00e4isaineita ja antioksidantteja.<\/p>\n<p>T\u00e4m\u00e4n tuotteen avulla voit vahvistaa vastustuskyky\u00e4si ja elvytt\u00e4\u00e4 energiatasojasi ja sanoa hyv\u00e4stit v\u00e4symykselle.<\/p>\n<p>HartSport Multivitamin on Suomessa valmistettu korkealaatuinen tuote.<\/p>\n","protected":false},"featured_media":10000005270,"comment_status":"closed","ping_status":"closed","template":"","meta":[],"product_brand":[],"product_cat":[126],"product_tag":[],"class_list":{"0":"post-279","1":"product","2":"type-product","3":"status-publish","4":"has-post-thumbnail","6":"product_cat-hart-sport","8":"first","9":"instock","10":"sale","11":"featured","12":"taxable","13":"shipping-taxable","14":"purchasable","15":"product-type-simple"},"yoast_head":"<!-- This site is optimized with the Yoast SEO plugin v27.4 - https:\/\/yoast.com\/product\/yoast-seo-wordpress\/ -->\n<title>Hart-Sport Vahva Monivitamiini 60 vegekaps - FC Mullit - Isosti hyv\u00e4\u00e4!<\/title>\n<meta name=\"robots\" content=\"index, follow, max-snippet:-1, max-image-preview:large, max-video-preview:-1\" \/>\n<link rel=\"canonical\" href=\"https:\/\/sponsorsmill-store.fi\/fcmullit\/tuote\/hart-sport-vahva-monivitamiini-60-vegekaps\" \/>\n<meta property=\"og:locale\" content=\"fi_FI\" \/>\n<meta property=\"og:type\" content=\"article\" \/>\n<meta property=\"og:title\" content=\"Hart-Sport Vahva Monivitamiini 60 vegekaps - FC Mullit - Isosti hyv\u00e4\u00e4!\" \/>\n<meta property=\"og:description\" content=\"Esittelemme erityisesti urheilun harrastajien ja aktiivisten henkil\u00f6iden dynaamiseen el\u00e4m\u00e4ntapaan suunnitellun monivitamiinin. T\u00e4m\u00e4 tuote on t\u00e4ynn\u00e4 tehokkaita vitamiineja, kivenn\u00e4isaineita ja antioksidantteja. T\u00e4m\u00e4n tuotteen avulla voit vahvistaa vastustuskyky\u00e4si ja elvytt\u00e4\u00e4 energiatasojasi ja sanoa hyv\u00e4stit v\u00e4symykselle. HartSport Multivitamin on Suomessa valmistettu korkealaatuinen tuote.\" \/>\n<meta property=\"og:url\" content=\"https:\/\/sponsorsmill-store.fi\/fcmullit\/tuote\/hart-sport-vahva-monivitamiini-60-vegekaps\" \/>\n<meta property=\"og:site_name\" content=\"FC Mullit - Isosti hyv\u00e4\u00e4!\" \/>\n<meta property=\"article:modified_time\" content=\"2025-10-14T14:50:14+00:00\" \/>\n<meta name=\"twitter:card\" content=\"summary_large_image\" \/>\n<script type=\"application\/ld+json\" class=\"yoast-schema-graph\">{\"@context\":\"https:\\\/\\\/schema.org\",\"@graph\":[{\"@type\":\"WebPage\",\"@id\":\"https:\\\/\\\/sponsorsmill-store.fi\\\/fcmullit\\\/tuote\\\/hart-sport-vahva-monivitamiini-60-vegekaps\",\"url\":\"https:\\\/\\\/sponsorsmill-store.fi\\\/fcmullit\\\/tuote\\\/hart-sport-vahva-monivitamiini-60-vegekaps\",\"name\":\"Hart-Sport Vahva Monivitamiini 60 vegekaps - FC Mullit - Isosti hyv\u00e4\u00e4!\",\"isPartOf\":{\"@id\":\"https:\\\/\\\/sponsorsmill-store.fi\\\/fcmullit\\\/#website\"},\"primaryImageOfPage\":{\"@id\":\"https:\\\/\\\/sponsorsmill-store.fi\\\/fcmullit\\\/tuote\\\/hart-sport-vahva-monivitamiini-60-vegekaps#primaryimage\"},\"image\":{\"@id\":\"https:\\\/\\\/sponsorsmill-store.fi\\\/fcmullit\\\/tuote\\\/hart-sport-vahva-monivitamiini-60-vegekaps#primaryimage\"},\"thumbnailUrl\":\"https:\\\/\\\/sponsorsmill-store.fi\\\/fcmullit\\\/wp-content\\\/uploads\\\/2025\\\/03\\\/Hart-Sport-MONIVITAMIINI-scaled.webp\",\"datePublished\":\"2025-03-13T10:05:20+00:00\",\"dateModified\":\"2025-10-14T14:50:14+00:00\",\"breadcrumb\":{\"@id\":\"https:\\\/\\\/sponsorsmill-store.fi\\\/fcmullit\\\/tuote\\\/hart-sport-vahva-monivitamiini-60-vegekaps#breadcrumb\"},\"inLanguage\":\"fi\",\"potentialAction\":[{\"@type\":\"ReadAction\",\"target\":[\"https:\\\/\\\/sponsorsmill-store.fi\\\/fcmullit\\\/tuote\\\/hart-sport-vahva-monivitamiini-60-vegekaps\"]}]},{\"@type\":\"ImageObject\",\"inLanguage\":\"fi\",\"@id\":\"https:\\\/\\\/sponsorsmill-store.fi\\\/fcmullit\\\/tuote\\\/hart-sport-vahva-monivitamiini-60-vegekaps#primaryimage\",\"url\":\"https:\\\/\\\/sponsorsmill-store.fi\\\/fcmullit\\\/wp-content\\\/uploads\\\/2025\\\/03\\\/Hart-Sport-MONIVITAMIINI-scaled.webp\",\"contentUrl\":\"https:\\\/\\\/sponsorsmill-store.fi\\\/fcmullit\\\/wp-content\\\/uploads\\\/2025\\\/03\\\/Hart-Sport-MONIVITAMIINI-scaled.webp\"},{\"@type\":\"BreadcrumbList\",\"@id\":\"https:\\\/\\\/sponsorsmill-store.fi\\\/fcmullit\\\/tuote\\\/hart-sport-vahva-monivitamiini-60-vegekaps#breadcrumb\",\"itemListElement\":[{\"@type\":\"ListItem\",\"position\":1,\"name\":\"Etusivu\",\"item\":\"https:\\\/\\\/sponsorsmill-store.fi\\\/fcmullit\\\/\"},{\"@type\":\"ListItem\",\"position\":2,\"name\":\"Kauppa\",\"item\":\"https:\\\/\\\/sponsorsmill-store.fi\\\/fcmullit\\\/kauppa\"},{\"@type\":\"ListItem\",\"position\":3,\"name\":\"Hart-Sport Vahva Monivitamiini 60 vegekaps\"}]},{\"@type\":\"WebSite\",\"@id\":\"https:\\\/\\\/sponsorsmill-store.fi\\\/fcmullit\\\/#website\",\"url\":\"https:\\\/\\\/sponsorsmill-store.fi\\\/fcmullit\\\/\",\"name\":\"Sponsors Mill Store\",\"description\":\"\",\"publisher\":{\"@id\":\"https:\\\/\\\/sponsorsmill-store.fi\\\/fcmullit\\\/#organization\"},\"potentialAction\":[{\"@type\":\"SearchAction\",\"target\":{\"@type\":\"EntryPoint\",\"urlTemplate\":\"https:\\\/\\\/sponsorsmill-store.fi\\\/fcmullit\\\/?s={search_term_string}\"},\"query-input\":{\"@type\":\"PropertyValueSpecification\",\"valueRequired\":true,\"valueName\":\"search_term_string\"}}],\"inLanguage\":\"fi\"},{\"@type\":\"Organization\",\"@id\":\"https:\\\/\\\/sponsorsmill-store.fi\\\/fcmullit\\\/#organization\",\"name\":\"Sponsors Mill Store\",\"url\":\"https:\\\/\\\/sponsorsmill-store.fi\\\/fcmullit\\\/\",\"logo\":{\"@type\":\"ImageObject\",\"inLanguage\":\"fi\",\"@id\":\"https:\\\/\\\/sponsorsmill-store.fi\\\/fcmullit\\\/#\\\/schema\\\/logo\\\/image\\\/\",\"url\":\"https:\\\/\\\/sponsorsmill-store.fi\\\/wp-content\\\/uploads\\\/2025\\\/01\\\/Sponsorsmill-Logo-1024x724.png\",\"contentUrl\":\"https:\\\/\\\/sponsorsmill-store.fi\\\/wp-content\\\/uploads\\\/2025\\\/01\\\/Sponsorsmill-Logo-1024x724.png\",\"width\":1024,\"height\":724,\"caption\":\"Sponsors Mill Store\"},\"image\":{\"@id\":\"https:\\\/\\\/sponsorsmill-store.fi\\\/fcmullit\\\/#\\\/schema\\\/logo\\\/image\\\/\"}}]}<\/script>\n<!-- \/ Yoast SEO plugin. -->","yoast_head_json":{"title":"Hart-Sport Vahva Monivitamiini 60 vegekaps - FC Mullit - Isosti hyv\u00e4\u00e4!","robots":{"index":"index","follow":"follow","max-snippet":"max-snippet:-1","max-image-preview":"max-image-preview:large","max-video-preview":"max-video-preview:-1"},"canonical":"https:\/\/sponsorsmill-store.fi\/fcmullit\/tuote\/hart-sport-vahva-monivitamiini-60-vegekaps","og_locale":"fi_FI","og_type":"article","og_title":"Hart-Sport Vahva Monivitamiini 60 vegekaps - FC Mullit - Isosti hyv\u00e4\u00e4!","og_description":"Esittelemme erityisesti urheilun harrastajien ja aktiivisten henkil\u00f6iden dynaamiseen el\u00e4m\u00e4ntapaan suunnitellun monivitamiinin. T\u00e4m\u00e4 tuote on t\u00e4ynn\u00e4 tehokkaita vitamiineja, kivenn\u00e4isaineita ja antioksidantteja. T\u00e4m\u00e4n tuotteen avulla voit vahvistaa vastustuskyky\u00e4si ja elvytt\u00e4\u00e4 energiatasojasi ja sanoa hyv\u00e4stit v\u00e4symykselle. HartSport Multivitamin on Suomessa valmistettu korkealaatuinen tuote.","og_url":"https:\/\/sponsorsmill-store.fi\/fcmullit\/tuote\/hart-sport-vahva-monivitamiini-60-vegekaps","og_site_name":"FC Mullit - Isosti hyv\u00e4\u00e4!","article_modified_time":"2025-10-14T14:50:14+00:00","twitter_card":"summary_large_image","schema":{"@context":"https:\/\/schema.org","@graph":[{"@type":"WebPage","@id":"https:\/\/sponsorsmill-store.fi\/fcmullit\/tuote\/hart-sport-vahva-monivitamiini-60-vegekaps","url":"https:\/\/sponsorsmill-store.fi\/fcmullit\/tuote\/hart-sport-vahva-monivitamiini-60-vegekaps","name":"Hart-Sport Vahva Monivitamiini 60 vegekaps - FC Mullit - Isosti hyv\u00e4\u00e4!","isPartOf":{"@id":"https:\/\/sponsorsmill-store.fi\/fcmullit\/#website"},"primaryImageOfPage":{"@id":"https:\/\/sponsorsmill-store.fi\/fcmullit\/tuote\/hart-sport-vahva-monivitamiini-60-vegekaps#primaryimage"},"image":{"@id":"https:\/\/sponsorsmill-store.fi\/fcmullit\/tuote\/hart-sport-vahva-monivitamiini-60-vegekaps#primaryimage"},"thumbnailUrl":"https:\/\/sponsorsmill-store.fi\/fcmullit\/wp-content\/uploads\/2025\/03\/Hart-Sport-MONIVITAMIINI-scaled.webp","datePublished":"2025-03-13T10:05:20+00:00","dateModified":"2025-10-14T14:50:14+00:00","breadcrumb":{"@id":"https:\/\/sponsorsmill-store.fi\/fcmullit\/tuote\/hart-sport-vahva-monivitamiini-60-vegekaps#breadcrumb"},"inLanguage":"fi","potentialAction":[{"@type":"ReadAction","target":["https:\/\/sponsorsmill-store.fi\/fcmullit\/tuote\/hart-sport-vahva-monivitamiini-60-vegekaps"]}]},{"@type":"ImageObject","inLanguage":"fi","@id":"https:\/\/sponsorsmill-store.fi\/fcmullit\/tuote\/hart-sport-vahva-monivitamiini-60-vegekaps#primaryimage","url":"https:\/\/sponsorsmill-store.fi\/fcmullit\/wp-content\/uploads\/2025\/03\/Hart-Sport-MONIVITAMIINI-scaled.webp","contentUrl":"https:\/\/sponsorsmill-store.fi\/fcmullit\/wp-content\/uploads\/2025\/03\/Hart-Sport-MONIVITAMIINI-scaled.webp"},{"@type":"BreadcrumbList","@id":"https:\/\/sponsorsmill-store.fi\/fcmullit\/tuote\/hart-sport-vahva-monivitamiini-60-vegekaps#breadcrumb","itemListElement":[{"@type":"ListItem","position":1,"name":"Etusivu","item":"https:\/\/sponsorsmill-store.fi\/fcmullit\/"},{"@type":"ListItem","position":2,"name":"Kauppa","item":"https:\/\/sponsorsmill-store.fi\/fcmullit\/kauppa"},{"@type":"ListItem","position":3,"name":"Hart-Sport Vahva Monivitamiini 60 vegekaps"}]},{"@type":"WebSite","@id":"https:\/\/sponsorsmill-store.fi\/fcmullit\/#website","url":"https:\/\/sponsorsmill-store.fi\/fcmullit\/","name":"Sponsors Mill Store","description":"","publisher":{"@id":"https:\/\/sponsorsmill-store.fi\/fcmullit\/#organization"},"potentialAction":[{"@type":"SearchAction","target":{"@type":"EntryPoint","urlTemplate":"https:\/\/sponsorsmill-store.fi\/fcmullit\/?s={search_term_string}"},"query-input":{"@type":"PropertyValueSpecification","valueRequired":true,"valueName":"search_term_string"}}],"inLanguage":"fi"},{"@type":"Organization","@id":"https:\/\/sponsorsmill-store.fi\/fcmullit\/#organization","name":"Sponsors Mill Store","url":"https:\/\/sponsorsmill-store.fi\/fcmullit\/","logo":{"@type":"ImageObject","inLanguage":"fi","@id":"https:\/\/sponsorsmill-store.fi\/fcmullit\/#\/schema\/logo\/image\/","url":"https:\/\/sponsorsmill-store.fi\/wp-content\/uploads\/2025\/01\/Sponsorsmill-Logo-1024x724.png","contentUrl":"https:\/\/sponsorsmill-store.fi\/wp-content\/uploads\/2025\/01\/Sponsorsmill-Logo-1024x724.png","width":1024,"height":724,"caption":"Sponsors Mill Store"},"image":{"@id":"https:\/\/sponsorsmill-store.fi\/fcmullit\/#\/schema\/logo\/image\/"}}]}},"_links":{"self":[{"href":"https:\/\/sponsorsmill-store.fi\/fcmullit\/wp-json\/wp\/v2\/product\/279","targetHints":{"allow":["GET"]}}],"collection":[{"href":"https:\/\/sponsorsmill-store.fi\/fcmullit\/wp-json\/wp\/v2\/product"}],"about":[{"href":"https:\/\/sponsorsmill-store.fi\/fcmullit\/wp-json\/wp\/v2\/types\/product"}],"replies":[{"embeddable":true,"href":"https:\/\/sponsorsmill-store.fi\/fcmullit\/wp-json\/wp\/v2\/comments?post=279"}],"wp:featuredmedia":[{"embeddable":true,"href":"https:\/\/sponsorsmill-store.fi\/fcmullit\/wp-json\/"}],"wp:attachment":[{"href":"https:\/\/sponsorsmill-store.fi\/fcmullit\/wp-json\/wp\/v2\/media?parent=279"}],"wp:term":[{"taxonomy":"product_brand","embeddable":true,"href":"https:\/\/sponsorsmill-store.fi\/fcmullit\/wp-json\/wp\/v2\/product_brand?post=279"},{"taxonomy":"product_cat","embeddable":true,"href":"https:\/\/sponsorsmill-store.fi\/fcmullit\/wp-json\/wp\/v2\/product_cat?post=279"},{"taxonomy":"product_tag","embeddable":true,"href":"https:\/\/sponsorsmill-store.fi\/fcmullit\/wp-json\/wp\/v2\/product_tag?post=279"}],"curies":[{"name":"wp","href":"https:\/\/api.w.org\/{rel}","templated":true}]}}