{"id":287,"date":"2025-03-13T12:05:20","date_gmt":"2025-03-13T10:05:20","guid":{"rendered":"https:\/\/sponsorsmill-store.fi\/fcmullit\/tuote\/hart-sport-electrolytes-poretabletti-appelsiini-20-tbl-2"},"modified":"2025-10-14T17:47:34","modified_gmt":"2025-10-14T14:47:34","slug":"hart-sport-electrolytes-poretabletti-appelsiini-20-tbl-2","status":"publish","type":"product","link":"https:\/\/sponsorsmill-store.fi\/fcmullit\/tuote\/hart-sport-electrolytes-poretabletti-appelsiini-20-tbl-2","title":{"rendered":"Hart-Sport Electrolytes Poretabletti appelsiini 20 tbl"},"content":{"rendered":"","protected":false},"excerpt":{"rendered":"<p>Nesteytys on avain menestykseen! Uudet elektrolyyttiporetabletit on suunniteltu erityisesti aktiivisille henkil\u00f6ille. T\u00e4m\u00e4 poretabletti tarjoaa nopean ja tehokkaan tavan t\u00e4ydent\u00e4\u00e4 kehosi elektrolyyttej\u00e4 intensiivisen harjoittelun, kilpailujen tai helteisen p\u00e4iv\u00e4n j\u00e4lkeen. Helposti liukeneva, virkist\u00e4v\u00e4 maku ja t\u00e4ynn\u00e4 v\u00e4ltt\u00e4m\u00e4tt\u00f6mi\u00e4 mineraaleja!<\/p>\n","protected":false},"featured_media":10000004322,"comment_status":"closed","ping_status":"closed","template":"","meta":[],"product_brand":[],"product_cat":[126],"product_tag":[55],"class_list":{"0":"post-287","1":"product","2":"type-product","3":"status-publish","4":"has-post-thumbnail","6":"product_cat-hart-sport","7":"product_tag-hart-sport-electrolytes-poretabletti-appelsiini-20-tbl","9":"first","10":"instock","11":"taxable","12":"shipping-taxable","13":"purchasable","14":"product-type-simple"},"yoast_head":"<!-- This site is optimized with the Yoast SEO plugin v27.4 - https:\/\/yoast.com\/product\/yoast-seo-wordpress\/ -->\n<title>Hart-Sport Electrolytes Poretabletti appelsiini 20 tbl - FC Mullit - Isosti hyv\u00e4\u00e4!<\/title>\n<meta name=\"robots\" content=\"index, follow, max-snippet:-1, max-image-preview:large, max-video-preview:-1\" \/>\n<link rel=\"canonical\" href=\"https:\/\/sponsorsmill-store.fi\/fcmullit\/tuote\/hart-sport-electrolytes-poretabletti-appelsiini-20-tbl-2\" \/>\n<meta property=\"og:locale\" content=\"fi_FI\" \/>\n<meta property=\"og:type\" content=\"article\" \/>\n<meta property=\"og:title\" content=\"Hart-Sport Electrolytes Poretabletti appelsiini 20 tbl - FC Mullit - Isosti hyv\u00e4\u00e4!\" \/>\n<meta property=\"og:description\" content=\"Nesteytys on avain menestykseen! Uudet elektrolyyttiporetabletit on suunniteltu erityisesti aktiivisille henkil\u00f6ille. T\u00e4m\u00e4 poretabletti tarjoaa nopean ja tehokkaan tavan t\u00e4ydent\u00e4\u00e4 kehosi elektrolyyttej\u00e4 intensiivisen harjoittelun, kilpailujen tai helteisen p\u00e4iv\u00e4n j\u00e4lkeen. Helposti liukeneva, virkist\u00e4v\u00e4 maku ja t\u00e4ynn\u00e4 v\u00e4ltt\u00e4m\u00e4tt\u00f6mi\u00e4 mineraaleja!\" \/>\n<meta property=\"og:url\" content=\"https:\/\/sponsorsmill-store.fi\/fcmullit\/tuote\/hart-sport-electrolytes-poretabletti-appelsiini-20-tbl-2\" \/>\n<meta property=\"og:site_name\" content=\"FC Mullit - Isosti hyv\u00e4\u00e4!\" \/>\n<meta property=\"article:modified_time\" content=\"2025-10-14T14:47:34+00:00\" \/>\n<meta name=\"twitter:card\" content=\"summary_large_image\" \/>\n<script type=\"application\/ld+json\" class=\"yoast-schema-graph\">{\"@context\":\"https:\\\/\\\/schema.org\",\"@graph\":[{\"@type\":\"WebPage\",\"@id\":\"https:\\\/\\\/sponsorsmill-store.fi\\\/fcmullit\\\/tuote\\\/hart-sport-electrolytes-poretabletti-appelsiini-20-tbl-2\",\"url\":\"https:\\\/\\\/sponsorsmill-store.fi\\\/fcmullit\\\/tuote\\\/hart-sport-electrolytes-poretabletti-appelsiini-20-tbl-2\",\"name\":\"Hart-Sport Electrolytes Poretabletti appelsiini 20 tbl - FC Mullit - Isosti hyv\u00e4\u00e4!\",\"isPartOf\":{\"@id\":\"https:\\\/\\\/sponsorsmill-store.fi\\\/fcmullit\\\/#website\"},\"primaryImageOfPage\":{\"@id\":\"https:\\\/\\\/sponsorsmill-store.fi\\\/fcmullit\\\/tuote\\\/hart-sport-electrolytes-poretabletti-appelsiini-20-tbl-2#primaryimage\"},\"image\":{\"@id\":\"https:\\\/\\\/sponsorsmill-store.fi\\\/fcmullit\\\/tuote\\\/hart-sport-electrolytes-poretabletti-appelsiini-20-tbl-2#primaryimage\"},\"thumbnailUrl\":\"https:\\\/\\\/sponsorsmill-store.fi\\\/fcmullit\\\/wp-content\\\/uploads\\\/2025\\\/02\\\/Hart-Sport-Electrolytes-Orange-webp-v-1708091844-width-1600-png.webp\",\"datePublished\":\"2025-03-13T10:05:20+00:00\",\"dateModified\":\"2025-10-14T14:47:34+00:00\",\"breadcrumb\":{\"@id\":\"https:\\\/\\\/sponsorsmill-store.fi\\\/fcmullit\\\/tuote\\\/hart-sport-electrolytes-poretabletti-appelsiini-20-tbl-2#breadcrumb\"},\"inLanguage\":\"fi\",\"potentialAction\":[{\"@type\":\"ReadAction\",\"target\":[\"https:\\\/\\\/sponsorsmill-store.fi\\\/fcmullit\\\/tuote\\\/hart-sport-electrolytes-poretabletti-appelsiini-20-tbl-2\"]}]},{\"@type\":\"ImageObject\",\"inLanguage\":\"fi\",\"@id\":\"https:\\\/\\\/sponsorsmill-store.fi\\\/fcmullit\\\/tuote\\\/hart-sport-electrolytes-poretabletti-appelsiini-20-tbl-2#primaryimage\",\"url\":\"https:\\\/\\\/sponsorsmill-store.fi\\\/fcmullit\\\/wp-content\\\/uploads\\\/2025\\\/02\\\/Hart-Sport-Electrolytes-Orange-webp-v-1708091844-width-1600-png.webp\",\"contentUrl\":\"https:\\\/\\\/sponsorsmill-store.fi\\\/fcmullit\\\/wp-content\\\/uploads\\\/2025\\\/02\\\/Hart-Sport-Electrolytes-Orange-webp-v-1708091844-width-1600-png.webp\"},{\"@type\":\"BreadcrumbList\",\"@id\":\"https:\\\/\\\/sponsorsmill-store.fi\\\/fcmullit\\\/tuote\\\/hart-sport-electrolytes-poretabletti-appelsiini-20-tbl-2#breadcrumb\",\"itemListElement\":[{\"@type\":\"ListItem\",\"position\":1,\"name\":\"Etusivu\",\"item\":\"https:\\\/\\\/sponsorsmill-store.fi\\\/fcmullit\\\/\"},{\"@type\":\"ListItem\",\"position\":2,\"name\":\"Kauppa\",\"item\":\"https:\\\/\\\/sponsorsmill-store.fi\\\/fcmullit\\\/kauppa\"},{\"@type\":\"ListItem\",\"position\":3,\"name\":\"Hart-Sport Electrolytes Poretabletti appelsiini 20 tbl\"}]},{\"@type\":\"WebSite\",\"@id\":\"https:\\\/\\\/sponsorsmill-store.fi\\\/fcmullit\\\/#website\",\"url\":\"https:\\\/\\\/sponsorsmill-store.fi\\\/fcmullit\\\/\",\"name\":\"Sponsors Mill Store\",\"description\":\"\",\"publisher\":{\"@id\":\"https:\\\/\\\/sponsorsmill-store.fi\\\/fcmullit\\\/#organization\"},\"potentialAction\":[{\"@type\":\"SearchAction\",\"target\":{\"@type\":\"EntryPoint\",\"urlTemplate\":\"https:\\\/\\\/sponsorsmill-store.fi\\\/fcmullit\\\/?s={search_term_string}\"},\"query-input\":{\"@type\":\"PropertyValueSpecification\",\"valueRequired\":true,\"valueName\":\"search_term_string\"}}],\"inLanguage\":\"fi\"},{\"@type\":\"Organization\",\"@id\":\"https:\\\/\\\/sponsorsmill-store.fi\\\/fcmullit\\\/#organization\",\"name\":\"Sponsors Mill Store\",\"url\":\"https:\\\/\\\/sponsorsmill-store.fi\\\/fcmullit\\\/\",\"logo\":{\"@type\":\"ImageObject\",\"inLanguage\":\"fi\",\"@id\":\"https:\\\/\\\/sponsorsmill-store.fi\\\/fcmullit\\\/#\\\/schema\\\/logo\\\/image\\\/\",\"url\":\"https:\\\/\\\/sponsorsmill-store.fi\\\/wp-content\\\/uploads\\\/2025\\\/01\\\/Sponsorsmill-Logo-1024x724.png\",\"contentUrl\":\"https:\\\/\\\/sponsorsmill-store.fi\\\/wp-content\\\/uploads\\\/2025\\\/01\\\/Sponsorsmill-Logo-1024x724.png\",\"width\":1024,\"height\":724,\"caption\":\"Sponsors Mill Store\"},\"image\":{\"@id\":\"https:\\\/\\\/sponsorsmill-store.fi\\\/fcmullit\\\/#\\\/schema\\\/logo\\\/image\\\/\"}}]}<\/script>\n<!-- \/ Yoast SEO plugin. -->","yoast_head_json":{"title":"Hart-Sport Electrolytes Poretabletti appelsiini 20 tbl - FC Mullit - Isosti hyv\u00e4\u00e4!","robots":{"index":"index","follow":"follow","max-snippet":"max-snippet:-1","max-image-preview":"max-image-preview:large","max-video-preview":"max-video-preview:-1"},"canonical":"https:\/\/sponsorsmill-store.fi\/fcmullit\/tuote\/hart-sport-electrolytes-poretabletti-appelsiini-20-tbl-2","og_locale":"fi_FI","og_type":"article","og_title":"Hart-Sport Electrolytes Poretabletti appelsiini 20 tbl - FC Mullit - Isosti hyv\u00e4\u00e4!","og_description":"Nesteytys on avain menestykseen! Uudet elektrolyyttiporetabletit on suunniteltu erityisesti aktiivisille henkil\u00f6ille. T\u00e4m\u00e4 poretabletti tarjoaa nopean ja tehokkaan tavan t\u00e4ydent\u00e4\u00e4 kehosi elektrolyyttej\u00e4 intensiivisen harjoittelun, kilpailujen tai helteisen p\u00e4iv\u00e4n j\u00e4lkeen. Helposti liukeneva, virkist\u00e4v\u00e4 maku ja t\u00e4ynn\u00e4 v\u00e4ltt\u00e4m\u00e4tt\u00f6mi\u00e4 mineraaleja!","og_url":"https:\/\/sponsorsmill-store.fi\/fcmullit\/tuote\/hart-sport-electrolytes-poretabletti-appelsiini-20-tbl-2","og_site_name":"FC Mullit - Isosti hyv\u00e4\u00e4!","article_modified_time":"2025-10-14T14:47:34+00:00","twitter_card":"summary_large_image","schema":{"@context":"https:\/\/schema.org","@graph":[{"@type":"WebPage","@id":"https:\/\/sponsorsmill-store.fi\/fcmullit\/tuote\/hart-sport-electrolytes-poretabletti-appelsiini-20-tbl-2","url":"https:\/\/sponsorsmill-store.fi\/fcmullit\/tuote\/hart-sport-electrolytes-poretabletti-appelsiini-20-tbl-2","name":"Hart-Sport Electrolytes Poretabletti appelsiini 20 tbl - FC Mullit - Isosti hyv\u00e4\u00e4!","isPartOf":{"@id":"https:\/\/sponsorsmill-store.fi\/fcmullit\/#website"},"primaryImageOfPage":{"@id":"https:\/\/sponsorsmill-store.fi\/fcmullit\/tuote\/hart-sport-electrolytes-poretabletti-appelsiini-20-tbl-2#primaryimage"},"image":{"@id":"https:\/\/sponsorsmill-store.fi\/fcmullit\/tuote\/hart-sport-electrolytes-poretabletti-appelsiini-20-tbl-2#primaryimage"},"thumbnailUrl":"https:\/\/sponsorsmill-store.fi\/fcmullit\/wp-content\/uploads\/2025\/02\/Hart-Sport-Electrolytes-Orange-webp-v-1708091844-width-1600-png.webp","datePublished":"2025-03-13T10:05:20+00:00","dateModified":"2025-10-14T14:47:34+00:00","breadcrumb":{"@id":"https:\/\/sponsorsmill-store.fi\/fcmullit\/tuote\/hart-sport-electrolytes-poretabletti-appelsiini-20-tbl-2#breadcrumb"},"inLanguage":"fi","potentialAction":[{"@type":"ReadAction","target":["https:\/\/sponsorsmill-store.fi\/fcmullit\/tuote\/hart-sport-electrolytes-poretabletti-appelsiini-20-tbl-2"]}]},{"@type":"ImageObject","inLanguage":"fi","@id":"https:\/\/sponsorsmill-store.fi\/fcmullit\/tuote\/hart-sport-electrolytes-poretabletti-appelsiini-20-tbl-2#primaryimage","url":"https:\/\/sponsorsmill-store.fi\/fcmullit\/wp-content\/uploads\/2025\/02\/Hart-Sport-Electrolytes-Orange-webp-v-1708091844-width-1600-png.webp","contentUrl":"https:\/\/sponsorsmill-store.fi\/fcmullit\/wp-content\/uploads\/2025\/02\/Hart-Sport-Electrolytes-Orange-webp-v-1708091844-width-1600-png.webp"},{"@type":"BreadcrumbList","@id":"https:\/\/sponsorsmill-store.fi\/fcmullit\/tuote\/hart-sport-electrolytes-poretabletti-appelsiini-20-tbl-2#breadcrumb","itemListElement":[{"@type":"ListItem","position":1,"name":"Etusivu","item":"https:\/\/sponsorsmill-store.fi\/fcmullit\/"},{"@type":"ListItem","position":2,"name":"Kauppa","item":"https:\/\/sponsorsmill-store.fi\/fcmullit\/kauppa"},{"@type":"ListItem","position":3,"name":"Hart-Sport Electrolytes Poretabletti appelsiini 20 tbl"}]},{"@type":"WebSite","@id":"https:\/\/sponsorsmill-store.fi\/fcmullit\/#website","url":"https:\/\/sponsorsmill-store.fi\/fcmullit\/","name":"Sponsors Mill Store","description":"","publisher":{"@id":"https:\/\/sponsorsmill-store.fi\/fcmullit\/#organization"},"potentialAction":[{"@type":"SearchAction","target":{"@type":"EntryPoint","urlTemplate":"https:\/\/sponsorsmill-store.fi\/fcmullit\/?s={search_term_string}"},"query-input":{"@type":"PropertyValueSpecification","valueRequired":true,"valueName":"search_term_string"}}],"inLanguage":"fi"},{"@type":"Organization","@id":"https:\/\/sponsorsmill-store.fi\/fcmullit\/#organization","name":"Sponsors Mill Store","url":"https:\/\/sponsorsmill-store.fi\/fcmullit\/","logo":{"@type":"ImageObject","inLanguage":"fi","@id":"https:\/\/sponsorsmill-store.fi\/fcmullit\/#\/schema\/logo\/image\/","url":"https:\/\/sponsorsmill-store.fi\/wp-content\/uploads\/2025\/01\/Sponsorsmill-Logo-1024x724.png","contentUrl":"https:\/\/sponsorsmill-store.fi\/wp-content\/uploads\/2025\/01\/Sponsorsmill-Logo-1024x724.png","width":1024,"height":724,"caption":"Sponsors Mill Store"},"image":{"@id":"https:\/\/sponsorsmill-store.fi\/fcmullit\/#\/schema\/logo\/image\/"}}]}},"_links":{"self":[{"href":"https:\/\/sponsorsmill-store.fi\/fcmullit\/wp-json\/wp\/v2\/product\/287","targetHints":{"allow":["GET"]}}],"collection":[{"href":"https:\/\/sponsorsmill-store.fi\/fcmullit\/wp-json\/wp\/v2\/product"}],"about":[{"href":"https:\/\/sponsorsmill-store.fi\/fcmullit\/wp-json\/wp\/v2\/types\/product"}],"replies":[{"embeddable":true,"href":"https:\/\/sponsorsmill-store.fi\/fcmullit\/wp-json\/wp\/v2\/comments?post=287"}],"wp:featuredmedia":[{"embeddable":true,"href":"https:\/\/sponsorsmill-store.fi\/fcmullit\/wp-json\/"}],"wp:attachment":[{"href":"https:\/\/sponsorsmill-store.fi\/fcmullit\/wp-json\/wp\/v2\/media?parent=287"}],"wp:term":[{"taxonomy":"product_brand","embeddable":true,"href":"https:\/\/sponsorsmill-store.fi\/fcmullit\/wp-json\/wp\/v2\/product_brand?post=287"},{"taxonomy":"product_cat","embeddable":true,"href":"https:\/\/sponsorsmill-store.fi\/fcmullit\/wp-json\/wp\/v2\/product_cat?post=287"},{"taxonomy":"product_tag","embeddable":true,"href":"https:\/\/sponsorsmill-store.fi\/fcmullit\/wp-json\/wp\/v2\/product_tag?post=287"}],"curies":[{"name":"wp","href":"https:\/\/api.w.org\/{rel}","templated":true}]}}