{"id":2,"date":"2025-01-13T12:11:08","date_gmt":"2025-01-13T10:11:08","guid":{"rendered":"https:\/\/sponsorsmill-store.fi\/hyps\/?page_id=2"},"modified":"2025-10-16T14:55:27","modified_gmt":"2025-10-16T11:55:27","slug":"esimerkkisivu","status":"publish","type":"page","link":"https:\/\/sponsorsmill-store.fi\/hyps\/","title":{"rendered":"Etusivu"},"content":{"rendered":"<div class=\"et_pb_section_0 et_pb_section et_section_regular et_block_section\"><div class=\"et_pb_row_0 et_pb_row et_block_row\"><div class=\"et_pb_column_0 et_pb_column et_pb_column_3_5 et_block_column et_pb_css_mix_blend_mode_passthrough\"><div class=\"et_pb_text_0 et_pb_text et_pb_bg_layout_light et_pb_module et_flex_module\"><div class=\"et_pb_text_inner\"><p><!-- divi:paragraph {\"fontSize\":\"small\"} --><\/p>\n<div class=\"x-text x-text-headline e5-e12 m5-x m5-y m5-z m5-10\">\n<div class=\"x-text-content\">\n<div class=\"x-text-content-text\">\n<h3 class=\"x-text-content-text-primary\">Hyvink\u00e4\u00e4n Palloseura<\/h3>\n<\/div>\n<\/div>\n<\/div>\n<p class=\"x-text x-content e5-e13 m5-17\">Olemme Hyvink\u00e4\u00e4n suurin urheiluseura yli tuhannella harrastajallamme.Meill\u00e4 voi harrastaa jalkapalloa aina kaksivuotiaasta saakka, mist\u00e4 l\u00e4htien pystymme tarjoamaan katkeamattomasti toimintaa aina aikuisi\u00e4n kilpa- ja harrastefutikseen asti.Tarjoamme jalkapallotoimintaa niin harraste- kuin kilpapelaajille. Pelaajakehitysyhteisty\u00f6mme mahdollistaa polun aina Veikkausliigaan ja Kansalliseen liigaan saakka.Haluamme olla Hyvink\u00e4\u00e4n vetovoimaisin ja arvostetuin liikuttaja, mink\u00e4 vuoksi toimimme joka p\u00e4iv\u00e4 m\u00e4\u00e4r\u00e4tietoisesti erityisesti lasten ja nuorten liikkumattomuuden ja syrj\u00e4ytymisen ehk\u00e4isemiseksi.UEFA SROI -mallinnuksen mukaan seuramme vuotuinen yhteiskunnallinen arvo on l\u00e4hes 6,5 miljoonaa euroa.<\/p>\n<p>Tervetuloa Hyvink\u00e4\u00e4n Palloseuran\u00a0Teams tilausportaaliin.<\/p>\n<p>\u00a0Tilaamalla tuotteita tuette samalla omaa seuraanne ja joukkuettanne. Tilaajatiedot v\u00e4lilehdell\u00e4 voitte valita oman joukkueenne. Mik\u00e4li olette tukemassa tietty\u00e4 joukkuetta, voitte valita haluamanne kohteen valikosta.<\/p>\n<p><!-- divi:paragraph {\"fontSize\":\"small\"} --><\/p>\n<p>\u00a0Voitte halutessanne jakaa tilausportaalinne linkki\u00e4 omiin verkostoihinne ja laajentaa mahdollisuuksianne J\u00e4rkeenk\u00e4yp\u00e4\u00e4n varainhankintaan!<\/p>\n<p><!-- divi:paragraph {\"fontSize\":\"small\"} --><\/p>\n<p>Muista seurata portaalin tapahtumia ja tiedottamista aktiivisesti sek\u00e4 viesti\u00e4 mm. kampanjoista eteenp\u00e4in.<\/p>\n<p><span style=\"font-size: 13px;\">Ottamalla yhteytt\u00e4 toimisto@sponsorsmill.fi saatte omalle tiimillenne luodun ymp\u00e4rist\u00f6n J\u00e4rkeenk\u00e4yp\u00e4\u00e4n varainhankintaan!<\/span><\/p>\n<p>\u00a0Lis\u00e4tietoja tuotteista l\u00f6ytyy my\u00f6s www.sponsorsmill-store.fi!<\/p>\n<p><!-- \/divi:paragraph --><\/p>\n<\/div><\/div><\/div><div class=\"et_pb_column_1 et_pb_column et_pb_column_2_5 et-last-child et_block_column et_pb_css_mix_blend_mode_passthrough\"><div class=\"et_pb_image_0 et_pb_image et_pb_module et_flex_module\"><span class=\"et_pb_image_wrap\"><img decoding=\"async\" src=\"https:\/\/sponsorsmill-store.fi\/hyps\/wp-content\/uploads\/sites\/17\/2025\/08\/3-HyPS-artikkelikuva-1200-x-628-1.webp\" title=\"3-HyPS-artikkelikuva-1200-x-628-1\" width=\"1200\" height=\"628\" srcset=\"https:\/\/sponsorsmill-store.fi\/hyps\/wp-content\/uploads\/sites\/17\/2025\/08\/3-HyPS-artikkelikuva-1200-x-628-1.webp 1200w, https:\/\/sponsorsmill-store.fi\/hyps\/wp-content\/uploads\/sites\/17\/2025\/08\/3-HyPS-artikkelikuva-1200-x-628-1-980x513.webp 980w, https:\/\/sponsorsmill-store.fi\/hyps\/wp-content\/uploads\/sites\/17\/2025\/08\/3-HyPS-artikkelikuva-1200-x-628-1-480x251.webp 480w\" sizes=\"(min-width: 0px) and (max-width: 480px) 480px, (min-width: 481px) and (max-width: 980px) 980px, (min-width: 981px) 1200px, 100vw\" class=\"wp-image-3751\" \/><\/span><\/div><\/div><\/div><\/div>","protected":false},"excerpt":{"rendered":"","protected":false},"author":1,"featured_media":0,"parent":0,"menu_order":0,"comment_status":"closed","ping_status":"open","template":"","meta":{"footnotes":""},"class_list":["post-2","page","type-page","status-publish","hentry"],"yoast_head":"<!-- This site is optimized with the Yoast SEO plugin v27.4 - https:\/\/yoast.com\/product\/yoast-seo-wordpress\/ -->\n<title>Etusivu - Hyvink\u00e4\u00e4n Palloseura<\/title>\n<meta name=\"robots\" content=\"index, follow, max-snippet:-1, max-image-preview:large, max-video-preview:-1\" \/>\n<link rel=\"canonical\" href=\"https:\/\/sponsorsmill-store.fi\/hyps\/\" \/>\n<meta property=\"og:locale\" content=\"fi_FI\" \/>\n<meta property=\"og:type\" content=\"article\" \/>\n<meta property=\"og:title\" content=\"Etusivu - Hyvink\u00e4\u00e4n Palloseura\" \/>\n<meta property=\"og:url\" content=\"https:\/\/sponsorsmill-store.fi\/hyps\/\" \/>\n<meta property=\"og:site_name\" content=\"Hyvink\u00e4\u00e4n Palloseura\" \/>\n<meta property=\"article:modified_time\" content=\"2025-10-16T11:55:27+00:00\" \/>\n<meta name=\"twitter:card\" content=\"summary_large_image\" \/>\n<meta name=\"twitter:label1\" content=\"Arvioitu lukuaika\" \/>\n\t<meta name=\"twitter:data1\" content=\"1 minuutti\" \/>\n<script type=\"application\/ld+json\" class=\"yoast-schema-graph\">{\"@context\":\"https:\\\/\\\/schema.org\",\"@graph\":[{\"@type\":\"WebPage\",\"@id\":\"https:\\\/\\\/sponsorsmill-store.fi\\\/hyps\\\/\",\"url\":\"https:\\\/\\\/sponsorsmill-store.fi\\\/hyps\\\/\",\"name\":\"Etusivu - Hyvink\u00e4\u00e4n Palloseura\",\"isPartOf\":{\"@id\":\"https:\\\/\\\/sponsorsmill-store.fi\\\/hyps\\\/#website\"},\"datePublished\":\"2025-01-13T10:11:08+00:00\",\"dateModified\":\"2025-10-16T11:55:27+00:00\",\"breadcrumb\":{\"@id\":\"https:\\\/\\\/sponsorsmill-store.fi\\\/hyps\\\/#breadcrumb\"},\"inLanguage\":\"fi\",\"potentialAction\":[{\"@type\":\"ReadAction\",\"target\":[\"https:\\\/\\\/sponsorsmill-store.fi\\\/hyps\\\/\"]}]},{\"@type\":\"BreadcrumbList\",\"@id\":\"https:\\\/\\\/sponsorsmill-store.fi\\\/hyps\\\/#breadcrumb\",\"itemListElement\":[{\"@type\":\"ListItem\",\"position\":1,\"name\":\"Etusivu\",\"item\":\"https:\\\/\\\/sponsorsmill-store.fi\\\/hyps\\\/\"},{\"@type\":\"ListItem\",\"position\":2,\"name\":\"Etusivu\"}]},{\"@type\":\"WebSite\",\"@id\":\"https:\\\/\\\/sponsorsmill-store.fi\\\/hyps\\\/#website\",\"url\":\"https:\\\/\\\/sponsorsmill-store.fi\\\/hyps\\\/\",\"name\":\"Hyvink\u00e4\u00e4n Palloseura\",\"description\":\"\",\"publisher\":{\"@id\":\"https:\\\/\\\/sponsorsmill-store.fi\\\/hyps\\\/#organization\"},\"potentialAction\":[{\"@type\":\"SearchAction\",\"target\":{\"@type\":\"EntryPoint\",\"urlTemplate\":\"https:\\\/\\\/sponsorsmill-store.fi\\\/hyps\\\/?s={search_term_string}\"},\"query-input\":{\"@type\":\"PropertyValueSpecification\",\"valueRequired\":true,\"valueName\":\"search_term_string\"}}],\"inLanguage\":\"fi\"},{\"@type\":\"Organization\",\"@id\":\"https:\\\/\\\/sponsorsmill-store.fi\\\/hyps\\\/#organization\",\"name\":\"Hyvink\u00e4\u00e4n Palloseura\",\"url\":\"https:\\\/\\\/sponsorsmill-store.fi\\\/hyps\\\/\",\"logo\":{\"@type\":\"ImageObject\",\"inLanguage\":\"fi\",\"@id\":\"https:\\\/\\\/sponsorsmill-store.fi\\\/hyps\\\/#\\\/schema\\\/logo\\\/image\\\/\",\"url\":\"https:\\\/\\\/sponsorsmill-store.fi\\\/hyps\\\/wp-content\\\/uploads\\\/sites\\\/17\\\/2025\\\/01\\\/HyPS-Hyvinkaan-Palloseura-logo-sininen-06-png.webp\",\"contentUrl\":\"https:\\\/\\\/sponsorsmill-store.fi\\\/hyps\\\/wp-content\\\/uploads\\\/sites\\\/17\\\/2025\\\/01\\\/HyPS-Hyvinkaan-Palloseura-logo-sininen-06-png.webp\",\"width\":457,\"height\":487,\"caption\":\"Hyvink\u00e4\u00e4n Palloseura\"},\"image\":{\"@id\":\"https:\\\/\\\/sponsorsmill-store.fi\\\/hyps\\\/#\\\/schema\\\/logo\\\/image\\\/\"}}]}<\/script>\n<!-- \/ Yoast SEO plugin. -->","yoast_head_json":{"title":"Etusivu - Hyvink\u00e4\u00e4n Palloseura","robots":{"index":"index","follow":"follow","max-snippet":"max-snippet:-1","max-image-preview":"max-image-preview:large","max-video-preview":"max-video-preview:-1"},"canonical":"https:\/\/sponsorsmill-store.fi\/hyps\/","og_locale":"fi_FI","og_type":"article","og_title":"Etusivu - Hyvink\u00e4\u00e4n Palloseura","og_url":"https:\/\/sponsorsmill-store.fi\/hyps\/","og_site_name":"Hyvink\u00e4\u00e4n Palloseura","article_modified_time":"2025-10-16T11:55:27+00:00","twitter_card":"summary_large_image","twitter_misc":{"Arvioitu lukuaika":"1 minuutti"},"schema":{"@context":"https:\/\/schema.org","@graph":[{"@type":"WebPage","@id":"https:\/\/sponsorsmill-store.fi\/hyps\/","url":"https:\/\/sponsorsmill-store.fi\/hyps\/","name":"Etusivu - Hyvink\u00e4\u00e4n Palloseura","isPartOf":{"@id":"https:\/\/sponsorsmill-store.fi\/hyps\/#website"},"datePublished":"2025-01-13T10:11:08+00:00","dateModified":"2025-10-16T11:55:27+00:00","breadcrumb":{"@id":"https:\/\/sponsorsmill-store.fi\/hyps\/#breadcrumb"},"inLanguage":"fi","potentialAction":[{"@type":"ReadAction","target":["https:\/\/sponsorsmill-store.fi\/hyps\/"]}]},{"@type":"BreadcrumbList","@id":"https:\/\/sponsorsmill-store.fi\/hyps\/#breadcrumb","itemListElement":[{"@type":"ListItem","position":1,"name":"Etusivu","item":"https:\/\/sponsorsmill-store.fi\/hyps\/"},{"@type":"ListItem","position":2,"name":"Etusivu"}]},{"@type":"WebSite","@id":"https:\/\/sponsorsmill-store.fi\/hyps\/#website","url":"https:\/\/sponsorsmill-store.fi\/hyps\/","name":"Hyvink\u00e4\u00e4n Palloseura","description":"","publisher":{"@id":"https:\/\/sponsorsmill-store.fi\/hyps\/#organization"},"potentialAction":[{"@type":"SearchAction","target":{"@type":"EntryPoint","urlTemplate":"https:\/\/sponsorsmill-store.fi\/hyps\/?s={search_term_string}"},"query-input":{"@type":"PropertyValueSpecification","valueRequired":true,"valueName":"search_term_string"}}],"inLanguage":"fi"},{"@type":"Organization","@id":"https:\/\/sponsorsmill-store.fi\/hyps\/#organization","name":"Hyvink\u00e4\u00e4n Palloseura","url":"https:\/\/sponsorsmill-store.fi\/hyps\/","logo":{"@type":"ImageObject","inLanguage":"fi","@id":"https:\/\/sponsorsmill-store.fi\/hyps\/#\/schema\/logo\/image\/","url":"https:\/\/sponsorsmill-store.fi\/hyps\/wp-content\/uploads\/sites\/17\/2025\/01\/HyPS-Hyvinkaan-Palloseura-logo-sininen-06-png.webp","contentUrl":"https:\/\/sponsorsmill-store.fi\/hyps\/wp-content\/uploads\/sites\/17\/2025\/01\/HyPS-Hyvinkaan-Palloseura-logo-sininen-06-png.webp","width":457,"height":487,"caption":"Hyvink\u00e4\u00e4n Palloseura"},"image":{"@id":"https:\/\/sponsorsmill-store.fi\/hyps\/#\/schema\/logo\/image\/"}}]}},"_links":{"self":[{"href":"https:\/\/sponsorsmill-store.fi\/hyps\/wp-json\/wp\/v2\/pages\/2","targetHints":{"allow":["GET"]}}],"collection":[{"href":"https:\/\/sponsorsmill-store.fi\/hyps\/wp-json\/wp\/v2\/pages"}],"about":[{"href":"https:\/\/sponsorsmill-store.fi\/hyps\/wp-json\/wp\/v2\/types\/page"}],"author":[{"embeddable":true,"href":"https:\/\/sponsorsmill-store.fi\/hyps\/wp-json\/wp\/v2\/users\/1"}],"replies":[{"embeddable":true,"href":"https:\/\/sponsorsmill-store.fi\/hyps\/wp-json\/wp\/v2\/comments?post=2"}],"version-history":[{"count":0,"href":"https:\/\/sponsorsmill-store.fi\/hyps\/wp-json\/wp\/v2\/pages\/2\/revisions"}],"wp:attachment":[{"href":"https:\/\/sponsorsmill-store.fi\/hyps\/wp-json\/wp\/v2\/media?parent=2"}],"curies":[{"name":"wp","href":"https:\/\/api.w.org\/{rel}","templated":true}]}}