{"id":3237,"date":"2025-03-13T12:05:19","date_gmt":"2025-03-13T10:05:19","guid":{"rendered":"https:\/\/sponsorsmill-store.fi\/hyps\/tuote\/hart-sport-magnesium-200-mg-b6-poretabletti-sitruuna-triplapakkaus-3-x-20-tbl"},"modified":"2025-10-14T17:53:45","modified_gmt":"2025-10-14T14:53:45","slug":"hart-sport-magnesium-200-mg-b6-poretabletti-sitruuna-triplapakkaus-3-x-20-tbl","status":"publish","type":"product","link":"https:\/\/sponsorsmill-store.fi\/hyps\/tuote\/hart-sport-magnesium-200-mg-b6-poretabletti-sitruuna-triplapakkaus-3-x-20-tbl","title":{"rendered":"Hart-Sport Magnesium\u00a0 200 mg + B6\u00a0 Poretabletti sitruuna Triplapakkaus 3 x 20 tbl"},"content":{"rendered":"","protected":false},"excerpt":{"rendered":"<p>Tehokas yhdistelm\u00e4 magnesiumia ja B6-vitamiinia!<\/p>\n<p>MAGNESIUM on t\u00e4rke\u00e4 urheilijoille, koska se edist\u00e4\u00e4 lihasten toimintaa, energiantuotantoa ja palautumista, sek\u00e4 auttaa ehk\u00e4isem\u00e4\u00e4n v\u00e4symyst\u00e4.<\/p>\n<p>B6-VITAMIINI tukee urheilijoiden energiantuotantoa ja proteiinien aineenvaihduntaa, mik\u00e4 on t\u00e4rke\u00e4\u00e4 lihasten rakentamiselle ja palautumiselle. Se parantaa hermoston toimintaa, mik\u00e4 vaikuttaa positiivisesti koordinaatioon ja reaktiokykyyn. Lis\u00e4ksi B6-vitamiini auttaa v\u00e4hent\u00e4m\u00e4\u00e4n v\u00e4symyst\u00e4 ja tukee immuunij\u00e4rjestelm\u00e4\u00e4, mik\u00e4 on t\u00e4rke\u00e4\u00e4 intensiivisess\u00e4 harjoittelussa.<\/p>\n<p>Hyv\u00e4nmakuinen, raikas sitruuna<\/p>\n<p>1 poretabletti sis\u00e4lt\u00e4\u00e4 200 mg magnesiumia ja 2 mg B6-vitamiinia.<\/p>\n","protected":false},"featured_media":10000005277,"template":"","meta":[],"product_brand":[],"product_cat":[29],"product_tag":[],"class_list":{"0":"post-3237","1":"product","2":"type-product","3":"status-publish","4":"has-post-thumbnail","6":"product_cat-hart-sport","8":"first","9":"instock","10":"sale","11":"featured","12":"taxable","13":"shipping-taxable","14":"purchasable","15":"product-type-simple"},"yoast_head":"<!-- This site is optimized with the Yoast SEO plugin v27.4 - https:\/\/yoast.com\/product\/yoast-seo-wordpress\/ -->\n<title>Hart-Sport Magnesium\u00a0 200 mg + B6\u00a0 Poretabletti sitruuna Triplapakkaus 3 x 20 tbl - Hyvink\u00e4\u00e4n Palloseura<\/title>\n<meta name=\"robots\" content=\"index, follow, max-snippet:-1, max-image-preview:large, max-video-preview:-1\" \/>\n<link rel=\"canonical\" href=\"https:\/\/sponsorsmill-store.fi\/hyps\/tuote\/hart-sport-magnesium-200-mg-b6-poretabletti-sitruuna-triplapakkaus-3-x-20-tbl\" \/>\n<meta property=\"og:locale\" content=\"fi_FI\" \/>\n<meta property=\"og:type\" content=\"article\" \/>\n<meta property=\"og:title\" content=\"Hart-Sport Magnesium\u00a0 200 mg + B6\u00a0 Poretabletti sitruuna Triplapakkaus 3 x 20 tbl - Hyvink\u00e4\u00e4n Palloseura\" \/>\n<meta property=\"og:description\" content=\"Tehokas yhdistelm\u00e4 magnesiumia ja B6-vitamiinia! MAGNESIUM on t\u00e4rke\u00e4 urheilijoille, koska se edist\u00e4\u00e4 lihasten toimintaa, energiantuotantoa ja palautumista, sek\u00e4 auttaa ehk\u00e4isem\u00e4\u00e4n v\u00e4symyst\u00e4. B6-VITAMIINI tukee urheilijoiden energiantuotantoa ja proteiinien aineenvaihduntaa, mik\u00e4 on t\u00e4rke\u00e4\u00e4 lihasten rakentamiselle ja palautumiselle. Se parantaa hermoston toimintaa, mik\u00e4 vaikuttaa positiivisesti koordinaatioon ja reaktiokykyyn. Lis\u00e4ksi B6-vitamiini auttaa v\u00e4hent\u00e4m\u00e4\u00e4n v\u00e4symyst\u00e4 ja tukee immuunij\u00e4rjestelm\u00e4\u00e4, mik\u00e4 on t\u00e4rke\u00e4\u00e4 intensiivisess\u00e4 harjoittelussa. Hyv\u00e4nmakuinen, raikas sitruuna 1 poretabletti sis\u00e4lt\u00e4\u00e4 200 mg magnesiumia ja 2 mg B6-vitamiinia.\" \/>\n<meta property=\"og:url\" content=\"https:\/\/sponsorsmill-store.fi\/hyps\/tuote\/hart-sport-magnesium-200-mg-b6-poretabletti-sitruuna-triplapakkaus-3-x-20-tbl\" \/>\n<meta property=\"og:site_name\" content=\"Hyvink\u00e4\u00e4n Palloseura\" \/>\n<meta property=\"article:modified_time\" content=\"2025-10-14T14:53:45+00:00\" \/>\n<meta name=\"twitter:card\" content=\"summary_large_image\" \/>\n<script type=\"application\/ld+json\" class=\"yoast-schema-graph\">{\"@context\":\"https:\\\/\\\/schema.org\",\"@graph\":[{\"@type\":\"WebPage\",\"@id\":\"https:\\\/\\\/sponsorsmill-store.fi\\\/hyps\\\/tuote\\\/hart-sport-magnesium-200-mg-b6-poretabletti-sitruuna-triplapakkaus-3-x-20-tbl\",\"url\":\"https:\\\/\\\/sponsorsmill-store.fi\\\/hyps\\\/tuote\\\/hart-sport-magnesium-200-mg-b6-poretabletti-sitruuna-triplapakkaus-3-x-20-tbl\",\"name\":\"Hart-Sport Magnesium\u00a0 200 mg + B6\u00a0 Poretabletti sitruuna Triplapakkaus 3 x 20 tbl - Hyvink\u00e4\u00e4n Palloseura\",\"isPartOf\":{\"@id\":\"https:\\\/\\\/sponsorsmill-store.fi\\\/hyps\\\/#website\"},\"primaryImageOfPage\":{\"@id\":\"https:\\\/\\\/sponsorsmill-store.fi\\\/hyps\\\/tuote\\\/hart-sport-magnesium-200-mg-b6-poretabletti-sitruuna-triplapakkaus-3-x-20-tbl#primaryimage\"},\"image\":{\"@id\":\"https:\\\/\\\/sponsorsmill-store.fi\\\/hyps\\\/tuote\\\/hart-sport-magnesium-200-mg-b6-poretabletti-sitruuna-triplapakkaus-3-x-20-tbl#primaryimage\"},\"thumbnailUrl\":\"https:\\\/\\\/sponsorsmill-store.fi\\\/hyps\\\/wp-content\\\/uploads\\\/2025\\\/03\\\/Hart-Sport-3xMagnesiumpore.webp\",\"datePublished\":\"2025-03-13T10:05:19+00:00\",\"dateModified\":\"2025-10-14T14:53:45+00:00\",\"breadcrumb\":{\"@id\":\"https:\\\/\\\/sponsorsmill-store.fi\\\/hyps\\\/tuote\\\/hart-sport-magnesium-200-mg-b6-poretabletti-sitruuna-triplapakkaus-3-x-20-tbl#breadcrumb\"},\"inLanguage\":\"fi\",\"potentialAction\":[{\"@type\":\"ReadAction\",\"target\":[\"https:\\\/\\\/sponsorsmill-store.fi\\\/hyps\\\/tuote\\\/hart-sport-magnesium-200-mg-b6-poretabletti-sitruuna-triplapakkaus-3-x-20-tbl\"]}]},{\"@type\":\"ImageObject\",\"inLanguage\":\"fi\",\"@id\":\"https:\\\/\\\/sponsorsmill-store.fi\\\/hyps\\\/tuote\\\/hart-sport-magnesium-200-mg-b6-poretabletti-sitruuna-triplapakkaus-3-x-20-tbl#primaryimage\",\"url\":\"https:\\\/\\\/sponsorsmill-store.fi\\\/hyps\\\/wp-content\\\/uploads\\\/2025\\\/03\\\/Hart-Sport-3xMagnesiumpore.webp\",\"contentUrl\":\"https:\\\/\\\/sponsorsmill-store.fi\\\/hyps\\\/wp-content\\\/uploads\\\/2025\\\/03\\\/Hart-Sport-3xMagnesiumpore.webp\"},{\"@type\":\"BreadcrumbList\",\"@id\":\"https:\\\/\\\/sponsorsmill-store.fi\\\/hyps\\\/tuote\\\/hart-sport-magnesium-200-mg-b6-poretabletti-sitruuna-triplapakkaus-3-x-20-tbl#breadcrumb\",\"itemListElement\":[{\"@type\":\"ListItem\",\"position\":1,\"name\":\"Etusivu\",\"item\":\"https:\\\/\\\/sponsorsmill-store.fi\\\/hyps\\\/\"},{\"@type\":\"ListItem\",\"position\":2,\"name\":\"Kauppa\",\"item\":\"https:\\\/\\\/sponsorsmill-store.fi\\\/hyps\\\/kauppa\"},{\"@type\":\"ListItem\",\"position\":3,\"name\":\"Hart-Sport Magnesium\u00a0 200 mg + B6\u00a0 Poretabletti sitruuna Triplapakkaus 3 x 20 tbl\"}]},{\"@type\":\"WebSite\",\"@id\":\"https:\\\/\\\/sponsorsmill-store.fi\\\/hyps\\\/#website\",\"url\":\"https:\\\/\\\/sponsorsmill-store.fi\\\/hyps\\\/\",\"name\":\"Hyvink\u00e4\u00e4n Palloseura\",\"description\":\"\",\"publisher\":{\"@id\":\"https:\\\/\\\/sponsorsmill-store.fi\\\/hyps\\\/#organization\"},\"potentialAction\":[{\"@type\":\"SearchAction\",\"target\":{\"@type\":\"EntryPoint\",\"urlTemplate\":\"https:\\\/\\\/sponsorsmill-store.fi\\\/hyps\\\/?s={search_term_string}\"},\"query-input\":{\"@type\":\"PropertyValueSpecification\",\"valueRequired\":true,\"valueName\":\"search_term_string\"}}],\"inLanguage\":\"fi\"},{\"@type\":\"Organization\",\"@id\":\"https:\\\/\\\/sponsorsmill-store.fi\\\/hyps\\\/#organization\",\"name\":\"Hyvink\u00e4\u00e4n Palloseura\",\"url\":\"https:\\\/\\\/sponsorsmill-store.fi\\\/hyps\\\/\",\"logo\":{\"@type\":\"ImageObject\",\"inLanguage\":\"fi\",\"@id\":\"https:\\\/\\\/sponsorsmill-store.fi\\\/hyps\\\/#\\\/schema\\\/logo\\\/image\\\/\",\"url\":\"https:\\\/\\\/sponsorsmill-store.fi\\\/hyps\\\/wp-content\\\/uploads\\\/sites\\\/17\\\/2025\\\/01\\\/HyPS-Hyvinkaan-Palloseura-logo-sininen-06-png.webp\",\"contentUrl\":\"https:\\\/\\\/sponsorsmill-store.fi\\\/hyps\\\/wp-content\\\/uploads\\\/sites\\\/17\\\/2025\\\/01\\\/HyPS-Hyvinkaan-Palloseura-logo-sininen-06-png.webp\",\"width\":457,\"height\":487,\"caption\":\"Hyvink\u00e4\u00e4n Palloseura\"},\"image\":{\"@id\":\"https:\\\/\\\/sponsorsmill-store.fi\\\/hyps\\\/#\\\/schema\\\/logo\\\/image\\\/\"}}]}<\/script>\n<!-- \/ Yoast SEO plugin. -->","yoast_head_json":{"title":"Hart-Sport Magnesium\u00a0 200 mg + B6\u00a0 Poretabletti sitruuna Triplapakkaus 3 x 20 tbl - Hyvink\u00e4\u00e4n Palloseura","robots":{"index":"index","follow":"follow","max-snippet":"max-snippet:-1","max-image-preview":"max-image-preview:large","max-video-preview":"max-video-preview:-1"},"canonical":"https:\/\/sponsorsmill-store.fi\/hyps\/tuote\/hart-sport-magnesium-200-mg-b6-poretabletti-sitruuna-triplapakkaus-3-x-20-tbl","og_locale":"fi_FI","og_type":"article","og_title":"Hart-Sport Magnesium\u00a0 200 mg + B6\u00a0 Poretabletti sitruuna Triplapakkaus 3 x 20 tbl - Hyvink\u00e4\u00e4n Palloseura","og_description":"Tehokas yhdistelm\u00e4 magnesiumia ja B6-vitamiinia! MAGNESIUM on t\u00e4rke\u00e4 urheilijoille, koska se edist\u00e4\u00e4 lihasten toimintaa, energiantuotantoa ja palautumista, sek\u00e4 auttaa ehk\u00e4isem\u00e4\u00e4n v\u00e4symyst\u00e4. B6-VITAMIINI tukee urheilijoiden energiantuotantoa ja proteiinien aineenvaihduntaa, mik\u00e4 on t\u00e4rke\u00e4\u00e4 lihasten rakentamiselle ja palautumiselle. Se parantaa hermoston toimintaa, mik\u00e4 vaikuttaa positiivisesti koordinaatioon ja reaktiokykyyn. Lis\u00e4ksi B6-vitamiini auttaa v\u00e4hent\u00e4m\u00e4\u00e4n v\u00e4symyst\u00e4 ja tukee immuunij\u00e4rjestelm\u00e4\u00e4, mik\u00e4 on t\u00e4rke\u00e4\u00e4 intensiivisess\u00e4 harjoittelussa. Hyv\u00e4nmakuinen, raikas sitruuna 1 poretabletti sis\u00e4lt\u00e4\u00e4 200 mg magnesiumia ja 2 mg B6-vitamiinia.","og_url":"https:\/\/sponsorsmill-store.fi\/hyps\/tuote\/hart-sport-magnesium-200-mg-b6-poretabletti-sitruuna-triplapakkaus-3-x-20-tbl","og_site_name":"Hyvink\u00e4\u00e4n Palloseura","article_modified_time":"2025-10-14T14:53:45+00:00","twitter_card":"summary_large_image","schema":{"@context":"https:\/\/schema.org","@graph":[{"@type":"WebPage","@id":"https:\/\/sponsorsmill-store.fi\/hyps\/tuote\/hart-sport-magnesium-200-mg-b6-poretabletti-sitruuna-triplapakkaus-3-x-20-tbl","url":"https:\/\/sponsorsmill-store.fi\/hyps\/tuote\/hart-sport-magnesium-200-mg-b6-poretabletti-sitruuna-triplapakkaus-3-x-20-tbl","name":"Hart-Sport Magnesium\u00a0 200 mg + B6\u00a0 Poretabletti sitruuna Triplapakkaus 3 x 20 tbl - Hyvink\u00e4\u00e4n Palloseura","isPartOf":{"@id":"https:\/\/sponsorsmill-store.fi\/hyps\/#website"},"primaryImageOfPage":{"@id":"https:\/\/sponsorsmill-store.fi\/hyps\/tuote\/hart-sport-magnesium-200-mg-b6-poretabletti-sitruuna-triplapakkaus-3-x-20-tbl#primaryimage"},"image":{"@id":"https:\/\/sponsorsmill-store.fi\/hyps\/tuote\/hart-sport-magnesium-200-mg-b6-poretabletti-sitruuna-triplapakkaus-3-x-20-tbl#primaryimage"},"thumbnailUrl":"https:\/\/sponsorsmill-store.fi\/hyps\/wp-content\/uploads\/2025\/03\/Hart-Sport-3xMagnesiumpore.webp","datePublished":"2025-03-13T10:05:19+00:00","dateModified":"2025-10-14T14:53:45+00:00","breadcrumb":{"@id":"https:\/\/sponsorsmill-store.fi\/hyps\/tuote\/hart-sport-magnesium-200-mg-b6-poretabletti-sitruuna-triplapakkaus-3-x-20-tbl#breadcrumb"},"inLanguage":"fi","potentialAction":[{"@type":"ReadAction","target":["https:\/\/sponsorsmill-store.fi\/hyps\/tuote\/hart-sport-magnesium-200-mg-b6-poretabletti-sitruuna-triplapakkaus-3-x-20-tbl"]}]},{"@type":"ImageObject","inLanguage":"fi","@id":"https:\/\/sponsorsmill-store.fi\/hyps\/tuote\/hart-sport-magnesium-200-mg-b6-poretabletti-sitruuna-triplapakkaus-3-x-20-tbl#primaryimage","url":"https:\/\/sponsorsmill-store.fi\/hyps\/wp-content\/uploads\/2025\/03\/Hart-Sport-3xMagnesiumpore.webp","contentUrl":"https:\/\/sponsorsmill-store.fi\/hyps\/wp-content\/uploads\/2025\/03\/Hart-Sport-3xMagnesiumpore.webp"},{"@type":"BreadcrumbList","@id":"https:\/\/sponsorsmill-store.fi\/hyps\/tuote\/hart-sport-magnesium-200-mg-b6-poretabletti-sitruuna-triplapakkaus-3-x-20-tbl#breadcrumb","itemListElement":[{"@type":"ListItem","position":1,"name":"Etusivu","item":"https:\/\/sponsorsmill-store.fi\/hyps\/"},{"@type":"ListItem","position":2,"name":"Kauppa","item":"https:\/\/sponsorsmill-store.fi\/hyps\/kauppa"},{"@type":"ListItem","position":3,"name":"Hart-Sport Magnesium\u00a0 200 mg + B6\u00a0 Poretabletti sitruuna Triplapakkaus 3 x 20 tbl"}]},{"@type":"WebSite","@id":"https:\/\/sponsorsmill-store.fi\/hyps\/#website","url":"https:\/\/sponsorsmill-store.fi\/hyps\/","name":"Hyvink\u00e4\u00e4n Palloseura","description":"","publisher":{"@id":"https:\/\/sponsorsmill-store.fi\/hyps\/#organization"},"potentialAction":[{"@type":"SearchAction","target":{"@type":"EntryPoint","urlTemplate":"https:\/\/sponsorsmill-store.fi\/hyps\/?s={search_term_string}"},"query-input":{"@type":"PropertyValueSpecification","valueRequired":true,"valueName":"search_term_string"}}],"inLanguage":"fi"},{"@type":"Organization","@id":"https:\/\/sponsorsmill-store.fi\/hyps\/#organization","name":"Hyvink\u00e4\u00e4n Palloseura","url":"https:\/\/sponsorsmill-store.fi\/hyps\/","logo":{"@type":"ImageObject","inLanguage":"fi","@id":"https:\/\/sponsorsmill-store.fi\/hyps\/#\/schema\/logo\/image\/","url":"https:\/\/sponsorsmill-store.fi\/hyps\/wp-content\/uploads\/sites\/17\/2025\/01\/HyPS-Hyvinkaan-Palloseura-logo-sininen-06-png.webp","contentUrl":"https:\/\/sponsorsmill-store.fi\/hyps\/wp-content\/uploads\/sites\/17\/2025\/01\/HyPS-Hyvinkaan-Palloseura-logo-sininen-06-png.webp","width":457,"height":487,"caption":"Hyvink\u00e4\u00e4n Palloseura"},"image":{"@id":"https:\/\/sponsorsmill-store.fi\/hyps\/#\/schema\/logo\/image\/"}}]}},"_links":{"self":[{"href":"https:\/\/sponsorsmill-store.fi\/hyps\/wp-json\/wp\/v2\/product\/3237","targetHints":{"allow":["GET"]}}],"collection":[{"href":"https:\/\/sponsorsmill-store.fi\/hyps\/wp-json\/wp\/v2\/product"}],"about":[{"href":"https:\/\/sponsorsmill-store.fi\/hyps\/wp-json\/wp\/v2\/types\/product"}],"wp:featuredmedia":[{"embeddable":true,"href":"https:\/\/sponsorsmill-store.fi\/hyps\/wp-json\/"}],"wp:attachment":[{"href":"https:\/\/sponsorsmill-store.fi\/hyps\/wp-json\/wp\/v2\/media?parent=3237"}],"wp:term":[{"taxonomy":"product_brand","embeddable":true,"href":"https:\/\/sponsorsmill-store.fi\/hyps\/wp-json\/wp\/v2\/product_brand?post=3237"},{"taxonomy":"product_cat","embeddable":true,"href":"https:\/\/sponsorsmill-store.fi\/hyps\/wp-json\/wp\/v2\/product_cat?post=3237"},{"taxonomy":"product_tag","embeddable":true,"href":"https:\/\/sponsorsmill-store.fi\/hyps\/wp-json\/wp\/v2\/product_tag?post=3237"}],"curies":[{"name":"wp","href":"https:\/\/api.w.org\/{rel}","templated":true}]}}