{"id":3243,"date":"2025-03-13T12:05:19","date_gmt":"2025-03-13T10:05:19","guid":{"rendered":"https:\/\/sponsorsmill-store.fi\/hyps\/tuote\/hart-sport-vahva-cla-800-mg"},"modified":"2025-11-13T13:30:04","modified_gmt":"2025-11-13T11:30:04","slug":"hart-sport-vahva-cla-800-mg","status":"publish","type":"product","link":"https:\/\/sponsorsmill-store.fi\/hyps\/tuote\/hart-sport-vahva-cla-800-mg","title":{"rendered":"Hart-Sport Vahva CLA\u00a0 800 mg"},"content":{"rendered":"","protected":false},"excerpt":{"rendered":"<p>HartSport CLA on vahva ja hyvin imeytyv\u00e4 korkealaatuinen CLA-valmiste. CLA kuuluu v\u00e4ltt\u00e4m\u00e4tt\u00f6miin rasvahappoihin, joita on saatava riitt\u00e4v\u00e4sti ravinnosta. HartSport CLA on valmistettu saflori\u00f6ljyst\u00e4.<\/p>\n","protected":false},"featured_media":10000005464,"template":"","meta":[],"product_brand":[],"product_cat":[29],"product_tag":[],"class_list":{"0":"post-3243","1":"product","2":"type-product","3":"status-publish","4":"has-post-thumbnail","6":"product_cat-hart-sport","8":"first","9":"instock","10":"sale","11":"featured","12":"taxable","13":"shipping-taxable","14":"purchasable","15":"product-type-simple"},"yoast_head":"<!-- This site is optimized with the Yoast SEO plugin v27.4 - https:\/\/yoast.com\/product\/yoast-seo-wordpress\/ -->\n<title>Hart-Sport Vahva CLA\u00a0 800 mg - Hyvink\u00e4\u00e4n Palloseura<\/title>\n<meta name=\"robots\" content=\"index, follow, max-snippet:-1, max-image-preview:large, max-video-preview:-1\" \/>\n<link rel=\"canonical\" href=\"https:\/\/sponsorsmill-store.fi\/hyps\/tuote\/hart-sport-vahva-cla-800-mg\" \/>\n<meta property=\"og:locale\" content=\"fi_FI\" \/>\n<meta property=\"og:type\" content=\"article\" \/>\n<meta property=\"og:title\" content=\"Hart-Sport Vahva CLA\u00a0 800 mg - Hyvink\u00e4\u00e4n Palloseura\" \/>\n<meta property=\"og:description\" content=\"HartSport CLA on vahva ja hyvin imeytyv\u00e4 korkealaatuinen CLA-valmiste. CLA kuuluu v\u00e4ltt\u00e4m\u00e4tt\u00f6miin rasvahappoihin, joita on saatava riitt\u00e4v\u00e4sti ravinnosta. HartSport CLA on valmistettu saflori\u00f6ljyst\u00e4.\" \/>\n<meta property=\"og:url\" content=\"https:\/\/sponsorsmill-store.fi\/hyps\/tuote\/hart-sport-vahva-cla-800-mg\" \/>\n<meta property=\"og:site_name\" content=\"Hyvink\u00e4\u00e4n Palloseura\" \/>\n<meta property=\"article:modified_time\" content=\"2025-11-13T11:30:04+00:00\" \/>\n<meta name=\"twitter:card\" content=\"summary_large_image\" \/>\n<script type=\"application\/ld+json\" class=\"yoast-schema-graph\">{\"@context\":\"https:\\\/\\\/schema.org\",\"@graph\":[{\"@type\":\"WebPage\",\"@id\":\"https:\\\/\\\/sponsorsmill-store.fi\\\/hyps\\\/tuote\\\/hart-sport-vahva-cla-800-mg\",\"url\":\"https:\\\/\\\/sponsorsmill-store.fi\\\/hyps\\\/tuote\\\/hart-sport-vahva-cla-800-mg\",\"name\":\"Hart-Sport Vahva CLA\u00a0 800 mg - Hyvink\u00e4\u00e4n Palloseura\",\"isPartOf\":{\"@id\":\"https:\\\/\\\/sponsorsmill-store.fi\\\/hyps\\\/#website\"},\"primaryImageOfPage\":{\"@id\":\"https:\\\/\\\/sponsorsmill-store.fi\\\/hyps\\\/tuote\\\/hart-sport-vahva-cla-800-mg#primaryimage\"},\"image\":{\"@id\":\"https:\\\/\\\/sponsorsmill-store.fi\\\/hyps\\\/tuote\\\/hart-sport-vahva-cla-800-mg#primaryimage\"},\"thumbnailUrl\":\"https:\\\/\\\/sponsorsmill-store.fi\\\/hyps\\\/wp-content\\\/uploads\\\/2025\\\/03\\\/HartSport-Vitamins-VahvaC_d4a81842-b5c8-45e4-80c5-c9c5fd9a3310.webp\",\"datePublished\":\"2025-03-13T10:05:19+00:00\",\"dateModified\":\"2025-11-13T11:30:04+00:00\",\"breadcrumb\":{\"@id\":\"https:\\\/\\\/sponsorsmill-store.fi\\\/hyps\\\/tuote\\\/hart-sport-vahva-cla-800-mg#breadcrumb\"},\"inLanguage\":\"fi\",\"potentialAction\":[{\"@type\":\"ReadAction\",\"target\":[\"https:\\\/\\\/sponsorsmill-store.fi\\\/hyps\\\/tuote\\\/hart-sport-vahva-cla-800-mg\"]}]},{\"@type\":\"ImageObject\",\"inLanguage\":\"fi\",\"@id\":\"https:\\\/\\\/sponsorsmill-store.fi\\\/hyps\\\/tuote\\\/hart-sport-vahva-cla-800-mg#primaryimage\",\"url\":\"https:\\\/\\\/sponsorsmill-store.fi\\\/hyps\\\/wp-content\\\/uploads\\\/2025\\\/03\\\/HartSport-Vitamins-VahvaC_d4a81842-b5c8-45e4-80c5-c9c5fd9a3310.webp\",\"contentUrl\":\"https:\\\/\\\/sponsorsmill-store.fi\\\/hyps\\\/wp-content\\\/uploads\\\/2025\\\/03\\\/HartSport-Vitamins-VahvaC_d4a81842-b5c8-45e4-80c5-c9c5fd9a3310.webp\"},{\"@type\":\"BreadcrumbList\",\"@id\":\"https:\\\/\\\/sponsorsmill-store.fi\\\/hyps\\\/tuote\\\/hart-sport-vahva-cla-800-mg#breadcrumb\",\"itemListElement\":[{\"@type\":\"ListItem\",\"position\":1,\"name\":\"Etusivu\",\"item\":\"https:\\\/\\\/sponsorsmill-store.fi\\\/hyps\\\/\"},{\"@type\":\"ListItem\",\"position\":2,\"name\":\"Kauppa\",\"item\":\"https:\\\/\\\/sponsorsmill-store.fi\\\/hyps\\\/kauppa\"},{\"@type\":\"ListItem\",\"position\":3,\"name\":\"Hart-Sport Vahva CLA\u00a0 800 mg\"}]},{\"@type\":\"WebSite\",\"@id\":\"https:\\\/\\\/sponsorsmill-store.fi\\\/hyps\\\/#website\",\"url\":\"https:\\\/\\\/sponsorsmill-store.fi\\\/hyps\\\/\",\"name\":\"Hyvink\u00e4\u00e4n Palloseura\",\"description\":\"\",\"publisher\":{\"@id\":\"https:\\\/\\\/sponsorsmill-store.fi\\\/hyps\\\/#organization\"},\"potentialAction\":[{\"@type\":\"SearchAction\",\"target\":{\"@type\":\"EntryPoint\",\"urlTemplate\":\"https:\\\/\\\/sponsorsmill-store.fi\\\/hyps\\\/?s={search_term_string}\"},\"query-input\":{\"@type\":\"PropertyValueSpecification\",\"valueRequired\":true,\"valueName\":\"search_term_string\"}}],\"inLanguage\":\"fi\"},{\"@type\":\"Organization\",\"@id\":\"https:\\\/\\\/sponsorsmill-store.fi\\\/hyps\\\/#organization\",\"name\":\"Hyvink\u00e4\u00e4n Palloseura\",\"url\":\"https:\\\/\\\/sponsorsmill-store.fi\\\/hyps\\\/\",\"logo\":{\"@type\":\"ImageObject\",\"inLanguage\":\"fi\",\"@id\":\"https:\\\/\\\/sponsorsmill-store.fi\\\/hyps\\\/#\\\/schema\\\/logo\\\/image\\\/\",\"url\":\"https:\\\/\\\/sponsorsmill-store.fi\\\/hyps\\\/wp-content\\\/uploads\\\/sites\\\/17\\\/2025\\\/01\\\/HyPS-Hyvinkaan-Palloseura-logo-sininen-06-png.webp\",\"contentUrl\":\"https:\\\/\\\/sponsorsmill-store.fi\\\/hyps\\\/wp-content\\\/uploads\\\/sites\\\/17\\\/2025\\\/01\\\/HyPS-Hyvinkaan-Palloseura-logo-sininen-06-png.webp\",\"width\":457,\"height\":487,\"caption\":\"Hyvink\u00e4\u00e4n Palloseura\"},\"image\":{\"@id\":\"https:\\\/\\\/sponsorsmill-store.fi\\\/hyps\\\/#\\\/schema\\\/logo\\\/image\\\/\"}}]}<\/script>\n<!-- \/ Yoast SEO plugin. -->","yoast_head_json":{"title":"Hart-Sport Vahva CLA\u00a0 800 mg - Hyvink\u00e4\u00e4n Palloseura","robots":{"index":"index","follow":"follow","max-snippet":"max-snippet:-1","max-image-preview":"max-image-preview:large","max-video-preview":"max-video-preview:-1"},"canonical":"https:\/\/sponsorsmill-store.fi\/hyps\/tuote\/hart-sport-vahva-cla-800-mg","og_locale":"fi_FI","og_type":"article","og_title":"Hart-Sport Vahva CLA\u00a0 800 mg - Hyvink\u00e4\u00e4n Palloseura","og_description":"HartSport CLA on vahva ja hyvin imeytyv\u00e4 korkealaatuinen CLA-valmiste. CLA kuuluu v\u00e4ltt\u00e4m\u00e4tt\u00f6miin rasvahappoihin, joita on saatava riitt\u00e4v\u00e4sti ravinnosta. HartSport CLA on valmistettu saflori\u00f6ljyst\u00e4.","og_url":"https:\/\/sponsorsmill-store.fi\/hyps\/tuote\/hart-sport-vahva-cla-800-mg","og_site_name":"Hyvink\u00e4\u00e4n Palloseura","article_modified_time":"2025-11-13T11:30:04+00:00","twitter_card":"summary_large_image","schema":{"@context":"https:\/\/schema.org","@graph":[{"@type":"WebPage","@id":"https:\/\/sponsorsmill-store.fi\/hyps\/tuote\/hart-sport-vahva-cla-800-mg","url":"https:\/\/sponsorsmill-store.fi\/hyps\/tuote\/hart-sport-vahva-cla-800-mg","name":"Hart-Sport Vahva CLA\u00a0 800 mg - Hyvink\u00e4\u00e4n Palloseura","isPartOf":{"@id":"https:\/\/sponsorsmill-store.fi\/hyps\/#website"},"primaryImageOfPage":{"@id":"https:\/\/sponsorsmill-store.fi\/hyps\/tuote\/hart-sport-vahva-cla-800-mg#primaryimage"},"image":{"@id":"https:\/\/sponsorsmill-store.fi\/hyps\/tuote\/hart-sport-vahva-cla-800-mg#primaryimage"},"thumbnailUrl":"https:\/\/sponsorsmill-store.fi\/hyps\/wp-content\/uploads\/2025\/03\/HartSport-Vitamins-VahvaC_d4a81842-b5c8-45e4-80c5-c9c5fd9a3310.webp","datePublished":"2025-03-13T10:05:19+00:00","dateModified":"2025-11-13T11:30:04+00:00","breadcrumb":{"@id":"https:\/\/sponsorsmill-store.fi\/hyps\/tuote\/hart-sport-vahva-cla-800-mg#breadcrumb"},"inLanguage":"fi","potentialAction":[{"@type":"ReadAction","target":["https:\/\/sponsorsmill-store.fi\/hyps\/tuote\/hart-sport-vahva-cla-800-mg"]}]},{"@type":"ImageObject","inLanguage":"fi","@id":"https:\/\/sponsorsmill-store.fi\/hyps\/tuote\/hart-sport-vahva-cla-800-mg#primaryimage","url":"https:\/\/sponsorsmill-store.fi\/hyps\/wp-content\/uploads\/2025\/03\/HartSport-Vitamins-VahvaC_d4a81842-b5c8-45e4-80c5-c9c5fd9a3310.webp","contentUrl":"https:\/\/sponsorsmill-store.fi\/hyps\/wp-content\/uploads\/2025\/03\/HartSport-Vitamins-VahvaC_d4a81842-b5c8-45e4-80c5-c9c5fd9a3310.webp"},{"@type":"BreadcrumbList","@id":"https:\/\/sponsorsmill-store.fi\/hyps\/tuote\/hart-sport-vahva-cla-800-mg#breadcrumb","itemListElement":[{"@type":"ListItem","position":1,"name":"Etusivu","item":"https:\/\/sponsorsmill-store.fi\/hyps\/"},{"@type":"ListItem","position":2,"name":"Kauppa","item":"https:\/\/sponsorsmill-store.fi\/hyps\/kauppa"},{"@type":"ListItem","position":3,"name":"Hart-Sport Vahva CLA\u00a0 800 mg"}]},{"@type":"WebSite","@id":"https:\/\/sponsorsmill-store.fi\/hyps\/#website","url":"https:\/\/sponsorsmill-store.fi\/hyps\/","name":"Hyvink\u00e4\u00e4n Palloseura","description":"","publisher":{"@id":"https:\/\/sponsorsmill-store.fi\/hyps\/#organization"},"potentialAction":[{"@type":"SearchAction","target":{"@type":"EntryPoint","urlTemplate":"https:\/\/sponsorsmill-store.fi\/hyps\/?s={search_term_string}"},"query-input":{"@type":"PropertyValueSpecification","valueRequired":true,"valueName":"search_term_string"}}],"inLanguage":"fi"},{"@type":"Organization","@id":"https:\/\/sponsorsmill-store.fi\/hyps\/#organization","name":"Hyvink\u00e4\u00e4n Palloseura","url":"https:\/\/sponsorsmill-store.fi\/hyps\/","logo":{"@type":"ImageObject","inLanguage":"fi","@id":"https:\/\/sponsorsmill-store.fi\/hyps\/#\/schema\/logo\/image\/","url":"https:\/\/sponsorsmill-store.fi\/hyps\/wp-content\/uploads\/sites\/17\/2025\/01\/HyPS-Hyvinkaan-Palloseura-logo-sininen-06-png.webp","contentUrl":"https:\/\/sponsorsmill-store.fi\/hyps\/wp-content\/uploads\/sites\/17\/2025\/01\/HyPS-Hyvinkaan-Palloseura-logo-sininen-06-png.webp","width":457,"height":487,"caption":"Hyvink\u00e4\u00e4n Palloseura"},"image":{"@id":"https:\/\/sponsorsmill-store.fi\/hyps\/#\/schema\/logo\/image\/"}}]}},"_links":{"self":[{"href":"https:\/\/sponsorsmill-store.fi\/hyps\/wp-json\/wp\/v2\/product\/3243","targetHints":{"allow":["GET"]}}],"collection":[{"href":"https:\/\/sponsorsmill-store.fi\/hyps\/wp-json\/wp\/v2\/product"}],"about":[{"href":"https:\/\/sponsorsmill-store.fi\/hyps\/wp-json\/wp\/v2\/types\/product"}],"wp:featuredmedia":[{"embeddable":true,"href":"https:\/\/sponsorsmill-store.fi\/hyps\/wp-json\/"}],"wp:attachment":[{"href":"https:\/\/sponsorsmill-store.fi\/hyps\/wp-json\/wp\/v2\/media?parent=3243"}],"wp:term":[{"taxonomy":"product_brand","embeddable":true,"href":"https:\/\/sponsorsmill-store.fi\/hyps\/wp-json\/wp\/v2\/product_brand?post=3243"},{"taxonomy":"product_cat","embeddable":true,"href":"https:\/\/sponsorsmill-store.fi\/hyps\/wp-json\/wp\/v2\/product_cat?post=3243"},{"taxonomy":"product_tag","embeddable":true,"href":"https:\/\/sponsorsmill-store.fi\/hyps\/wp-json\/wp\/v2\/product_tag?post=3243"}],"curies":[{"name":"wp","href":"https:\/\/api.w.org\/{rel}","templated":true}]}}