{"id":3253,"date":"2025-03-13T12:05:20","date_gmt":"2025-03-13T10:05:20","guid":{"rendered":"https:\/\/sponsorsmill-store.fi\/hyps\/tuote\/hart-sport-creatine-lemon-200-g"},"modified":"2025-10-14T17:49:27","modified_gmt":"2025-10-14T14:49:27","slug":"hart-sport-creatine-lemon-200-g","status":"publish","type":"product","link":"https:\/\/sponsorsmill-store.fi\/hyps\/tuote\/hart-sport-creatine-lemon-200-g","title":{"rendered":"Hart-Sport Creatine Lemon 200 g"},"content":{"rendered":"","protected":false},"excerpt":{"rendered":"<p>P\u00e4ivit\u00e4 suorituskykysi uudelle tasolle! Hart-Sport Creatine antaa energiaa lihaksille per\u00e4kk\u00e4isiss\u00e4 lyhytaikaisissa ja r\u00e4j\u00e4ht\u00e4viss\u00e4 suorituksissa.<\/p>\n<p>Edullinen vaikutus saavutetaan nauttimalla v\u00e4hint\u00e4\u00e4n 3 g kreatiinia p\u00e4ivitt\u00e4in, esimerkiksi ennen harjoittelua tai sen aikana. Hart-Sport Creatinessa on herkullinen sitruunanmaku!<\/p>\n<p>Kovasti treenaaville kehon kreatiinin tarve voi olla huomattavasti suurempi, mink\u00e4 vuoksi kreatiinilis\u00e4n k\u00e4ytt\u00f6 voi olla hy\u00f6dyllist\u00e4. Kreatiinin p\u00e4ivitt\u00e4inen k\u00e4ytt\u00f6 voi parantaa lihasvoimaharjoittelun vaikutuksia.<\/p>\n","protected":false},"featured_media":10000005279,"template":"","meta":[],"product_brand":[],"product_cat":[29],"product_tag":[],"class_list":{"0":"post-3253","1":"product","2":"type-product","3":"status-publish","4":"has-post-thumbnail","6":"product_cat-hart-sport","8":"first","9":"instock","10":"featured","11":"taxable","12":"shipping-taxable","13":"purchasable","14":"product-type-simple"},"yoast_head":"<!-- This site is optimized with the Yoast SEO plugin v27.4 - https:\/\/yoast.com\/product\/yoast-seo-wordpress\/ -->\n<title>Hart-Sport Creatine Lemon 200 g - Hyvink\u00e4\u00e4n Palloseura<\/title>\n<meta name=\"robots\" content=\"index, follow, max-snippet:-1, max-image-preview:large, max-video-preview:-1\" \/>\n<link rel=\"canonical\" href=\"https:\/\/sponsorsmill-store.fi\/hyps\/tuote\/hart-sport-creatine-lemon-200-g\" \/>\n<meta property=\"og:locale\" content=\"fi_FI\" \/>\n<meta property=\"og:type\" content=\"article\" \/>\n<meta property=\"og:title\" content=\"Hart-Sport Creatine Lemon 200 g - Hyvink\u00e4\u00e4n Palloseura\" \/>\n<meta property=\"og:description\" content=\"P\u00e4ivit\u00e4 suorituskykysi uudelle tasolle! Hart-Sport Creatine antaa energiaa lihaksille per\u00e4kk\u00e4isiss\u00e4 lyhytaikaisissa ja r\u00e4j\u00e4ht\u00e4viss\u00e4 suorituksissa. Edullinen vaikutus saavutetaan nauttimalla v\u00e4hint\u00e4\u00e4n 3 g kreatiinia p\u00e4ivitt\u00e4in, esimerkiksi ennen harjoittelua tai sen aikana. Hart-Sport Creatinessa on herkullinen sitruunanmaku! Kovasti treenaaville kehon kreatiinin tarve voi olla huomattavasti suurempi, mink\u00e4 vuoksi kreatiinilis\u00e4n k\u00e4ytt\u00f6 voi olla hy\u00f6dyllist\u00e4. Kreatiinin p\u00e4ivitt\u00e4inen k\u00e4ytt\u00f6 voi parantaa lihasvoimaharjoittelun vaikutuksia.\" \/>\n<meta property=\"og:url\" content=\"https:\/\/sponsorsmill-store.fi\/hyps\/tuote\/hart-sport-creatine-lemon-200-g\" \/>\n<meta property=\"og:site_name\" content=\"Hyvink\u00e4\u00e4n Palloseura\" \/>\n<meta property=\"article:modified_time\" content=\"2025-10-14T14:49:27+00:00\" \/>\n<meta name=\"twitter:card\" content=\"summary_large_image\" \/>\n<script type=\"application\/ld+json\" class=\"yoast-schema-graph\">{\"@context\":\"https:\\\/\\\/schema.org\",\"@graph\":[{\"@type\":\"WebPage\",\"@id\":\"https:\\\/\\\/sponsorsmill-store.fi\\\/hyps\\\/tuote\\\/hart-sport-creatine-lemon-200-g\",\"url\":\"https:\\\/\\\/sponsorsmill-store.fi\\\/hyps\\\/tuote\\\/hart-sport-creatine-lemon-200-g\",\"name\":\"Hart-Sport Creatine Lemon 200 g - Hyvink\u00e4\u00e4n Palloseura\",\"isPartOf\":{\"@id\":\"https:\\\/\\\/sponsorsmill-store.fi\\\/hyps\\\/#website\"},\"primaryImageOfPage\":{\"@id\":\"https:\\\/\\\/sponsorsmill-store.fi\\\/hyps\\\/tuote\\\/hart-sport-creatine-lemon-200-g#primaryimage\"},\"image\":{\"@id\":\"https:\\\/\\\/sponsorsmill-store.fi\\\/hyps\\\/tuote\\\/hart-sport-creatine-lemon-200-g#primaryimage\"},\"thumbnailUrl\":\"https:\\\/\\\/sponsorsmill-store.fi\\\/hyps\\\/wp-content\\\/uploads\\\/2025\\\/03\\\/Hart-Sport-Creatine-200g.webp\",\"datePublished\":\"2025-03-13T10:05:20+00:00\",\"dateModified\":\"2025-10-14T14:49:27+00:00\",\"breadcrumb\":{\"@id\":\"https:\\\/\\\/sponsorsmill-store.fi\\\/hyps\\\/tuote\\\/hart-sport-creatine-lemon-200-g#breadcrumb\"},\"inLanguage\":\"fi\",\"potentialAction\":[{\"@type\":\"ReadAction\",\"target\":[\"https:\\\/\\\/sponsorsmill-store.fi\\\/hyps\\\/tuote\\\/hart-sport-creatine-lemon-200-g\"]}]},{\"@type\":\"ImageObject\",\"inLanguage\":\"fi\",\"@id\":\"https:\\\/\\\/sponsorsmill-store.fi\\\/hyps\\\/tuote\\\/hart-sport-creatine-lemon-200-g#primaryimage\",\"url\":\"https:\\\/\\\/sponsorsmill-store.fi\\\/hyps\\\/wp-content\\\/uploads\\\/2025\\\/03\\\/Hart-Sport-Creatine-200g.webp\",\"contentUrl\":\"https:\\\/\\\/sponsorsmill-store.fi\\\/hyps\\\/wp-content\\\/uploads\\\/2025\\\/03\\\/Hart-Sport-Creatine-200g.webp\"},{\"@type\":\"BreadcrumbList\",\"@id\":\"https:\\\/\\\/sponsorsmill-store.fi\\\/hyps\\\/tuote\\\/hart-sport-creatine-lemon-200-g#breadcrumb\",\"itemListElement\":[{\"@type\":\"ListItem\",\"position\":1,\"name\":\"Etusivu\",\"item\":\"https:\\\/\\\/sponsorsmill-store.fi\\\/hyps\\\/\"},{\"@type\":\"ListItem\",\"position\":2,\"name\":\"Kauppa\",\"item\":\"https:\\\/\\\/sponsorsmill-store.fi\\\/hyps\\\/kauppa\"},{\"@type\":\"ListItem\",\"position\":3,\"name\":\"Hart-Sport Creatine Lemon 200 g\"}]},{\"@type\":\"WebSite\",\"@id\":\"https:\\\/\\\/sponsorsmill-store.fi\\\/hyps\\\/#website\",\"url\":\"https:\\\/\\\/sponsorsmill-store.fi\\\/hyps\\\/\",\"name\":\"Hyvink\u00e4\u00e4n Palloseura\",\"description\":\"\",\"publisher\":{\"@id\":\"https:\\\/\\\/sponsorsmill-store.fi\\\/hyps\\\/#organization\"},\"potentialAction\":[{\"@type\":\"SearchAction\",\"target\":{\"@type\":\"EntryPoint\",\"urlTemplate\":\"https:\\\/\\\/sponsorsmill-store.fi\\\/hyps\\\/?s={search_term_string}\"},\"query-input\":{\"@type\":\"PropertyValueSpecification\",\"valueRequired\":true,\"valueName\":\"search_term_string\"}}],\"inLanguage\":\"fi\"},{\"@type\":\"Organization\",\"@id\":\"https:\\\/\\\/sponsorsmill-store.fi\\\/hyps\\\/#organization\",\"name\":\"Hyvink\u00e4\u00e4n Palloseura\",\"url\":\"https:\\\/\\\/sponsorsmill-store.fi\\\/hyps\\\/\",\"logo\":{\"@type\":\"ImageObject\",\"inLanguage\":\"fi\",\"@id\":\"https:\\\/\\\/sponsorsmill-store.fi\\\/hyps\\\/#\\\/schema\\\/logo\\\/image\\\/\",\"url\":\"https:\\\/\\\/sponsorsmill-store.fi\\\/hyps\\\/wp-content\\\/uploads\\\/sites\\\/17\\\/2025\\\/01\\\/HyPS-Hyvinkaan-Palloseura-logo-sininen-06-png.webp\",\"contentUrl\":\"https:\\\/\\\/sponsorsmill-store.fi\\\/hyps\\\/wp-content\\\/uploads\\\/sites\\\/17\\\/2025\\\/01\\\/HyPS-Hyvinkaan-Palloseura-logo-sininen-06-png.webp\",\"width\":457,\"height\":487,\"caption\":\"Hyvink\u00e4\u00e4n Palloseura\"},\"image\":{\"@id\":\"https:\\\/\\\/sponsorsmill-store.fi\\\/hyps\\\/#\\\/schema\\\/logo\\\/image\\\/\"}}]}<\/script>\n<!-- \/ Yoast SEO plugin. -->","yoast_head_json":{"title":"Hart-Sport Creatine Lemon 200 g - Hyvink\u00e4\u00e4n Palloseura","robots":{"index":"index","follow":"follow","max-snippet":"max-snippet:-1","max-image-preview":"max-image-preview:large","max-video-preview":"max-video-preview:-1"},"canonical":"https:\/\/sponsorsmill-store.fi\/hyps\/tuote\/hart-sport-creatine-lemon-200-g","og_locale":"fi_FI","og_type":"article","og_title":"Hart-Sport Creatine Lemon 200 g - Hyvink\u00e4\u00e4n Palloseura","og_description":"P\u00e4ivit\u00e4 suorituskykysi uudelle tasolle! Hart-Sport Creatine antaa energiaa lihaksille per\u00e4kk\u00e4isiss\u00e4 lyhytaikaisissa ja r\u00e4j\u00e4ht\u00e4viss\u00e4 suorituksissa. Edullinen vaikutus saavutetaan nauttimalla v\u00e4hint\u00e4\u00e4n 3 g kreatiinia p\u00e4ivitt\u00e4in, esimerkiksi ennen harjoittelua tai sen aikana. Hart-Sport Creatinessa on herkullinen sitruunanmaku! Kovasti treenaaville kehon kreatiinin tarve voi olla huomattavasti suurempi, mink\u00e4 vuoksi kreatiinilis\u00e4n k\u00e4ytt\u00f6 voi olla hy\u00f6dyllist\u00e4. Kreatiinin p\u00e4ivitt\u00e4inen k\u00e4ytt\u00f6 voi parantaa lihasvoimaharjoittelun vaikutuksia.","og_url":"https:\/\/sponsorsmill-store.fi\/hyps\/tuote\/hart-sport-creatine-lemon-200-g","og_site_name":"Hyvink\u00e4\u00e4n Palloseura","article_modified_time":"2025-10-14T14:49:27+00:00","twitter_card":"summary_large_image","schema":{"@context":"https:\/\/schema.org","@graph":[{"@type":"WebPage","@id":"https:\/\/sponsorsmill-store.fi\/hyps\/tuote\/hart-sport-creatine-lemon-200-g","url":"https:\/\/sponsorsmill-store.fi\/hyps\/tuote\/hart-sport-creatine-lemon-200-g","name":"Hart-Sport Creatine Lemon 200 g - Hyvink\u00e4\u00e4n Palloseura","isPartOf":{"@id":"https:\/\/sponsorsmill-store.fi\/hyps\/#website"},"primaryImageOfPage":{"@id":"https:\/\/sponsorsmill-store.fi\/hyps\/tuote\/hart-sport-creatine-lemon-200-g#primaryimage"},"image":{"@id":"https:\/\/sponsorsmill-store.fi\/hyps\/tuote\/hart-sport-creatine-lemon-200-g#primaryimage"},"thumbnailUrl":"https:\/\/sponsorsmill-store.fi\/hyps\/wp-content\/uploads\/2025\/03\/Hart-Sport-Creatine-200g.webp","datePublished":"2025-03-13T10:05:20+00:00","dateModified":"2025-10-14T14:49:27+00:00","breadcrumb":{"@id":"https:\/\/sponsorsmill-store.fi\/hyps\/tuote\/hart-sport-creatine-lemon-200-g#breadcrumb"},"inLanguage":"fi","potentialAction":[{"@type":"ReadAction","target":["https:\/\/sponsorsmill-store.fi\/hyps\/tuote\/hart-sport-creatine-lemon-200-g"]}]},{"@type":"ImageObject","inLanguage":"fi","@id":"https:\/\/sponsorsmill-store.fi\/hyps\/tuote\/hart-sport-creatine-lemon-200-g#primaryimage","url":"https:\/\/sponsorsmill-store.fi\/hyps\/wp-content\/uploads\/2025\/03\/Hart-Sport-Creatine-200g.webp","contentUrl":"https:\/\/sponsorsmill-store.fi\/hyps\/wp-content\/uploads\/2025\/03\/Hart-Sport-Creatine-200g.webp"},{"@type":"BreadcrumbList","@id":"https:\/\/sponsorsmill-store.fi\/hyps\/tuote\/hart-sport-creatine-lemon-200-g#breadcrumb","itemListElement":[{"@type":"ListItem","position":1,"name":"Etusivu","item":"https:\/\/sponsorsmill-store.fi\/hyps\/"},{"@type":"ListItem","position":2,"name":"Kauppa","item":"https:\/\/sponsorsmill-store.fi\/hyps\/kauppa"},{"@type":"ListItem","position":3,"name":"Hart-Sport Creatine Lemon 200 g"}]},{"@type":"WebSite","@id":"https:\/\/sponsorsmill-store.fi\/hyps\/#website","url":"https:\/\/sponsorsmill-store.fi\/hyps\/","name":"Hyvink\u00e4\u00e4n Palloseura","description":"","publisher":{"@id":"https:\/\/sponsorsmill-store.fi\/hyps\/#organization"},"potentialAction":[{"@type":"SearchAction","target":{"@type":"EntryPoint","urlTemplate":"https:\/\/sponsorsmill-store.fi\/hyps\/?s={search_term_string}"},"query-input":{"@type":"PropertyValueSpecification","valueRequired":true,"valueName":"search_term_string"}}],"inLanguage":"fi"},{"@type":"Organization","@id":"https:\/\/sponsorsmill-store.fi\/hyps\/#organization","name":"Hyvink\u00e4\u00e4n Palloseura","url":"https:\/\/sponsorsmill-store.fi\/hyps\/","logo":{"@type":"ImageObject","inLanguage":"fi","@id":"https:\/\/sponsorsmill-store.fi\/hyps\/#\/schema\/logo\/image\/","url":"https:\/\/sponsorsmill-store.fi\/hyps\/wp-content\/uploads\/sites\/17\/2025\/01\/HyPS-Hyvinkaan-Palloseura-logo-sininen-06-png.webp","contentUrl":"https:\/\/sponsorsmill-store.fi\/hyps\/wp-content\/uploads\/sites\/17\/2025\/01\/HyPS-Hyvinkaan-Palloseura-logo-sininen-06-png.webp","width":457,"height":487,"caption":"Hyvink\u00e4\u00e4n Palloseura"},"image":{"@id":"https:\/\/sponsorsmill-store.fi\/hyps\/#\/schema\/logo\/image\/"}}]}},"_links":{"self":[{"href":"https:\/\/sponsorsmill-store.fi\/hyps\/wp-json\/wp\/v2\/product\/3253","targetHints":{"allow":["GET"]}}],"collection":[{"href":"https:\/\/sponsorsmill-store.fi\/hyps\/wp-json\/wp\/v2\/product"}],"about":[{"href":"https:\/\/sponsorsmill-store.fi\/hyps\/wp-json\/wp\/v2\/types\/product"}],"wp:featuredmedia":[{"embeddable":true,"href":"https:\/\/sponsorsmill-store.fi\/hyps\/wp-json\/"}],"wp:attachment":[{"href":"https:\/\/sponsorsmill-store.fi\/hyps\/wp-json\/wp\/v2\/media?parent=3253"}],"wp:term":[{"taxonomy":"product_brand","embeddable":true,"href":"https:\/\/sponsorsmill-store.fi\/hyps\/wp-json\/wp\/v2\/product_brand?post=3253"},{"taxonomy":"product_cat","embeddable":true,"href":"https:\/\/sponsorsmill-store.fi\/hyps\/wp-json\/wp\/v2\/product_cat?post=3253"},{"taxonomy":"product_tag","embeddable":true,"href":"https:\/\/sponsorsmill-store.fi\/hyps\/wp-json\/wp\/v2\/product_tag?post=3253"}],"curies":[{"name":"wp","href":"https:\/\/api.w.org\/{rel}","templated":true}]}}