{"id":3263,"date":"2025-03-13T12:05:20","date_gmt":"2025-03-13T10:05:20","guid":{"rendered":"https:\/\/sponsorsmill-store.fi\/hyps\/tuote\/hart-sport-pro-hydration-drink-455-g"},"modified":"2025-10-14T17:45:29","modified_gmt":"2025-10-14T14:45:29","slug":"hart-sport-pro-hydration-drink-455-g","status":"publish","type":"product","link":"https:\/\/sponsorsmill-store.fi\/hyps\/tuote\/hart-sport-pro-hydration-drink-455-g","title":{"rendered":"Hart-Sport Pro Hydration Drink 455 g"},"content":{"rendered":"","protected":false},"excerpt":{"rendered":"<p>Hart-Sport Pro Hydration Drink 455 g \u2013 nesteytysjuomajauhe tukemaan maksimaalista suorituskyky\u00e4<\/p>\n<p>Tuotekuvaus:<br \/>\nHart-Sport Pro Hydration Drink on markkinoiden edistyksellisin nesteytysjuoma, joka on kehitetty tukemaan suorituskyky\u00e4 ja kest\u00e4vyytt\u00e4 suorituksen aikana. Sen monipuolinen hiilihydraattikoostumus yhdist\u00e4\u00e4 glukoosipolymeerit, isomaltuloosin ja syklodekstriinin, jotka takaavat tasaisen ja pitk\u00e4kestoisen energiansaannin ilman verensokeripiikkej\u00e4.<\/p>\n<p>Juoma sis\u00e4lt\u00e4\u00e4 lis\u00e4ksi BCAA-aminohappoja, L-glutamiinia ja sitrulliinimalaattia, jotka edist\u00e4v\u00e4t lihasten palautumista ja v\u00e4hent\u00e4v\u00e4t harjoittelun aikaista v\u00e4symyst\u00e4. C-vitamiini tukee vastustuskyky\u00e4, kun taas magnesium auttaa lihaksia toimimaan optimaalisesti ja yll\u00e4pit\u00e4\u00e4 kehon elektrolyyttitasapainoa.<\/p>\n<p>Hyvin imeytyv\u00e4 ja vatsayst\u00e4v\u00e4llinen koostumus tekee Hart-Sport Pro Hydration Drinkista t\u00e4ydellisen lis\u00e4n kaikille aktiivitreenaajille \u2013 lajista ja tasosta riippumatta.<\/p>\n<p>Avainominaisuudet:<br \/>\nEdistyksellinen hiilihydraattikoostumus \u2013 Glukoosipolymeerit, isomaltuloosi ja syklodekstriini takaavat tasaisen energiansaannin.<br \/>\nAminohapot ja palautumisen tuki \u2013 Sis\u00e4lt\u00e4\u00e4 BCAA:ta, L-glutamiinia ja sitrulliinimalaattia, jotka tukevat lihaksia ja v\u00e4hent\u00e4v\u00e4t v\u00e4symyst\u00e4.<br \/>\nElektrolyyttitasapaino \u2013 Magnesium, natrium ja kalium yll\u00e4pit\u00e4v\u00e4t kehon nesteytyst\u00e4 ja suorituskyky\u00e4.<br \/>\nC-vitamiini vahvistaa immuniteettia \u2013 Tukee kehon vastustuskyky\u00e4 ja auttaa jaksamaan kovissakin treeneiss\u00e4.<br \/>\nVatsayst\u00e4v\u00e4llinen ja hyvin imeytyv\u00e4 \u2013 Ei aiheuta ruoansulatusongelmia, helppo nauttia suorituksen aikana.<\/p>\n<p>Vinkkej\u00e4 ja lis\u00e4tietoja:<br \/>\nSopii kaikille urheilijoille, jotka tarvitsevat tehokasta nesteytyst\u00e4 ja suorituskyvyn optimointia.<br \/>\nIhanteellinen k\u00e4ytett\u00e4v\u00e4ksi kest\u00e4vyysharjoittelun ja voimaharjoittelun aikana.<br \/>\nEi sis\u00e4ll\u00e4 keinotekoisia makeutusaineita \u2013 makeutettu steviaglykosideilla.<br \/>\nRaikas sitruunan maku tekee juomisesta miellytt\u00e4v\u00e4\u00e4 ja virkist\u00e4v\u00e4\u00e4.<\/p>\n","protected":false},"featured_media":10000005275,"template":"","meta":[],"product_brand":[],"product_cat":[29],"product_tag":[],"class_list":{"0":"post-3263","1":"product","2":"type-product","3":"status-publish","4":"has-post-thumbnail","6":"product_cat-hart-sport","8":"first","9":"instock","10":"sale","11":"featured","12":"taxable","13":"shipping-taxable","14":"purchasable","15":"product-type-simple"},"yoast_head":"<!-- This site is optimized with the Yoast SEO plugin v27.4 - https:\/\/yoast.com\/product\/yoast-seo-wordpress\/ -->\n<title>Hart-Sport Pro Hydration Drink 455 g - Hyvink\u00e4\u00e4n Palloseura<\/title>\n<meta name=\"robots\" content=\"index, follow, max-snippet:-1, max-image-preview:large, max-video-preview:-1\" \/>\n<link rel=\"canonical\" href=\"https:\/\/sponsorsmill-store.fi\/hyps\/tuote\/hart-sport-pro-hydration-drink-455-g\" \/>\n<meta property=\"og:locale\" content=\"fi_FI\" \/>\n<meta property=\"og:type\" content=\"article\" \/>\n<meta property=\"og:title\" content=\"Hart-Sport Pro Hydration Drink 455 g - Hyvink\u00e4\u00e4n Palloseura\" \/>\n<meta property=\"og:description\" content=\"Hart-Sport Pro Hydration Drink 455 g \u2013 nesteytysjuomajauhe tukemaan maksimaalista suorituskyky\u00e4 Tuotekuvaus: Hart-Sport Pro Hydration Drink on markkinoiden edistyksellisin nesteytysjuoma, joka on kehitetty tukemaan suorituskyky\u00e4 ja kest\u00e4vyytt\u00e4 suorituksen aikana. Sen monipuolinen hiilihydraattikoostumus yhdist\u00e4\u00e4 glukoosipolymeerit, isomaltuloosin ja syklodekstriinin, jotka takaavat tasaisen ja pitk\u00e4kestoisen energiansaannin ilman verensokeripiikkej\u00e4. Juoma sis\u00e4lt\u00e4\u00e4 lis\u00e4ksi BCAA-aminohappoja, L-glutamiinia ja sitrulliinimalaattia, jotka edist\u00e4v\u00e4t lihasten palautumista ja v\u00e4hent\u00e4v\u00e4t harjoittelun aikaista v\u00e4symyst\u00e4. C-vitamiini tukee vastustuskyky\u00e4, kun taas magnesium auttaa lihaksia toimimaan optimaalisesti ja yll\u00e4pit\u00e4\u00e4 kehon elektrolyyttitasapainoa. Hyvin imeytyv\u00e4 ja vatsayst\u00e4v\u00e4llinen koostumus tekee Hart-Sport Pro Hydration Drinkista t\u00e4ydellisen lis\u00e4n kaikille aktiivitreenaajille \u2013 lajista ja tasosta riippumatta. Avainominaisuudet: Edistyksellinen hiilihydraattikoostumus \u2013 Glukoosipolymeerit, isomaltuloosi ja syklodekstriini takaavat tasaisen energiansaannin. Aminohapot ja palautumisen tuki \u2013 Sis\u00e4lt\u00e4\u00e4 BCAA:ta, L-glutamiinia ja sitrulliinimalaattia, jotka tukevat lihaksia ja v\u00e4hent\u00e4v\u00e4t v\u00e4symyst\u00e4. Elektrolyyttitasapaino \u2013 Magnesium, natrium ja kalium yll\u00e4pit\u00e4v\u00e4t kehon nesteytyst\u00e4 ja suorituskyky\u00e4. C-vitamiini vahvistaa immuniteettia \u2013 Tukee kehon vastustuskyky\u00e4 ja auttaa jaksamaan kovissakin treeneiss\u00e4. Vatsayst\u00e4v\u00e4llinen ja hyvin imeytyv\u00e4 \u2013 Ei aiheuta ruoansulatusongelmia, helppo nauttia suorituksen aikana. Vinkkej\u00e4 ja lis\u00e4tietoja: Sopii kaikille urheilijoille, jotka tarvitsevat tehokasta nesteytyst\u00e4 ja suorituskyvyn optimointia. Ihanteellinen k\u00e4ytett\u00e4v\u00e4ksi kest\u00e4vyysharjoittelun ja voimaharjoittelun aikana. Ei sis\u00e4ll\u00e4 keinotekoisia makeutusaineita \u2013 makeutettu steviaglykosideilla. Raikas sitruunan maku tekee juomisesta miellytt\u00e4v\u00e4\u00e4 ja virkist\u00e4v\u00e4\u00e4.\" \/>\n<meta property=\"og:url\" content=\"https:\/\/sponsorsmill-store.fi\/hyps\/tuote\/hart-sport-pro-hydration-drink-455-g\" \/>\n<meta property=\"og:site_name\" content=\"Hyvink\u00e4\u00e4n Palloseura\" \/>\n<meta property=\"article:modified_time\" content=\"2025-10-14T14:45:29+00:00\" \/>\n<meta name=\"twitter:card\" content=\"summary_large_image\" \/>\n<script type=\"application\/ld+json\" class=\"yoast-schema-graph\">{\"@context\":\"https:\\\/\\\/schema.org\",\"@graph\":[{\"@type\":\"WebPage\",\"@id\":\"https:\\\/\\\/sponsorsmill-store.fi\\\/hyps\\\/tuote\\\/hart-sport-pro-hydration-drink-455-g\",\"url\":\"https:\\\/\\\/sponsorsmill-store.fi\\\/hyps\\\/tuote\\\/hart-sport-pro-hydration-drink-455-g\",\"name\":\"Hart-Sport Pro Hydration Drink 455 g - Hyvink\u00e4\u00e4n Palloseura\",\"isPartOf\":{\"@id\":\"https:\\\/\\\/sponsorsmill-store.fi\\\/hyps\\\/#website\"},\"primaryImageOfPage\":{\"@id\":\"https:\\\/\\\/sponsorsmill-store.fi\\\/hyps\\\/tuote\\\/hart-sport-pro-hydration-drink-455-g#primaryimage\"},\"image\":{\"@id\":\"https:\\\/\\\/sponsorsmill-store.fi\\\/hyps\\\/tuote\\\/hart-sport-pro-hydration-drink-455-g#primaryimage\"},\"thumbnailUrl\":\"https:\\\/\\\/sponsorsmill-store.fi\\\/hyps\\\/wp-content\\\/uploads\\\/2025\\\/03\\\/Hart-Sport-Pro-Hydration-Drink-455g-scaled.webp\",\"datePublished\":\"2025-03-13T10:05:20+00:00\",\"dateModified\":\"2025-10-14T14:45:29+00:00\",\"breadcrumb\":{\"@id\":\"https:\\\/\\\/sponsorsmill-store.fi\\\/hyps\\\/tuote\\\/hart-sport-pro-hydration-drink-455-g#breadcrumb\"},\"inLanguage\":\"fi\",\"potentialAction\":[{\"@type\":\"ReadAction\",\"target\":[\"https:\\\/\\\/sponsorsmill-store.fi\\\/hyps\\\/tuote\\\/hart-sport-pro-hydration-drink-455-g\"]}]},{\"@type\":\"ImageObject\",\"inLanguage\":\"fi\",\"@id\":\"https:\\\/\\\/sponsorsmill-store.fi\\\/hyps\\\/tuote\\\/hart-sport-pro-hydration-drink-455-g#primaryimage\",\"url\":\"https:\\\/\\\/sponsorsmill-store.fi\\\/hyps\\\/wp-content\\\/uploads\\\/2025\\\/03\\\/Hart-Sport-Pro-Hydration-Drink-455g-scaled.webp\",\"contentUrl\":\"https:\\\/\\\/sponsorsmill-store.fi\\\/hyps\\\/wp-content\\\/uploads\\\/2025\\\/03\\\/Hart-Sport-Pro-Hydration-Drink-455g-scaled.webp\"},{\"@type\":\"BreadcrumbList\",\"@id\":\"https:\\\/\\\/sponsorsmill-store.fi\\\/hyps\\\/tuote\\\/hart-sport-pro-hydration-drink-455-g#breadcrumb\",\"itemListElement\":[{\"@type\":\"ListItem\",\"position\":1,\"name\":\"Etusivu\",\"item\":\"https:\\\/\\\/sponsorsmill-store.fi\\\/hyps\\\/\"},{\"@type\":\"ListItem\",\"position\":2,\"name\":\"Kauppa\",\"item\":\"https:\\\/\\\/sponsorsmill-store.fi\\\/hyps\\\/kauppa\"},{\"@type\":\"ListItem\",\"position\":3,\"name\":\"Hart-Sport Pro Hydration Drink 455 g\"}]},{\"@type\":\"WebSite\",\"@id\":\"https:\\\/\\\/sponsorsmill-store.fi\\\/hyps\\\/#website\",\"url\":\"https:\\\/\\\/sponsorsmill-store.fi\\\/hyps\\\/\",\"name\":\"Hyvink\u00e4\u00e4n Palloseura\",\"description\":\"\",\"publisher\":{\"@id\":\"https:\\\/\\\/sponsorsmill-store.fi\\\/hyps\\\/#organization\"},\"potentialAction\":[{\"@type\":\"SearchAction\",\"target\":{\"@type\":\"EntryPoint\",\"urlTemplate\":\"https:\\\/\\\/sponsorsmill-store.fi\\\/hyps\\\/?s={search_term_string}\"},\"query-input\":{\"@type\":\"PropertyValueSpecification\",\"valueRequired\":true,\"valueName\":\"search_term_string\"}}],\"inLanguage\":\"fi\"},{\"@type\":\"Organization\",\"@id\":\"https:\\\/\\\/sponsorsmill-store.fi\\\/hyps\\\/#organization\",\"name\":\"Hyvink\u00e4\u00e4n Palloseura\",\"url\":\"https:\\\/\\\/sponsorsmill-store.fi\\\/hyps\\\/\",\"logo\":{\"@type\":\"ImageObject\",\"inLanguage\":\"fi\",\"@id\":\"https:\\\/\\\/sponsorsmill-store.fi\\\/hyps\\\/#\\\/schema\\\/logo\\\/image\\\/\",\"url\":\"https:\\\/\\\/sponsorsmill-store.fi\\\/hyps\\\/wp-content\\\/uploads\\\/sites\\\/17\\\/2025\\\/01\\\/HyPS-Hyvinkaan-Palloseura-logo-sininen-06-png.webp\",\"contentUrl\":\"https:\\\/\\\/sponsorsmill-store.fi\\\/hyps\\\/wp-content\\\/uploads\\\/sites\\\/17\\\/2025\\\/01\\\/HyPS-Hyvinkaan-Palloseura-logo-sininen-06-png.webp\",\"width\":457,\"height\":487,\"caption\":\"Hyvink\u00e4\u00e4n Palloseura\"},\"image\":{\"@id\":\"https:\\\/\\\/sponsorsmill-store.fi\\\/hyps\\\/#\\\/schema\\\/logo\\\/image\\\/\"}}]}<\/script>\n<!-- \/ Yoast SEO plugin. -->","yoast_head_json":{"title":"Hart-Sport Pro Hydration Drink 455 g - Hyvink\u00e4\u00e4n Palloseura","robots":{"index":"index","follow":"follow","max-snippet":"max-snippet:-1","max-image-preview":"max-image-preview:large","max-video-preview":"max-video-preview:-1"},"canonical":"https:\/\/sponsorsmill-store.fi\/hyps\/tuote\/hart-sport-pro-hydration-drink-455-g","og_locale":"fi_FI","og_type":"article","og_title":"Hart-Sport Pro Hydration Drink 455 g - Hyvink\u00e4\u00e4n Palloseura","og_description":"Hart-Sport Pro Hydration Drink 455 g \u2013 nesteytysjuomajauhe tukemaan maksimaalista suorituskyky\u00e4 Tuotekuvaus: Hart-Sport Pro Hydration Drink on markkinoiden edistyksellisin nesteytysjuoma, joka on kehitetty tukemaan suorituskyky\u00e4 ja kest\u00e4vyytt\u00e4 suorituksen aikana. Sen monipuolinen hiilihydraattikoostumus yhdist\u00e4\u00e4 glukoosipolymeerit, isomaltuloosin ja syklodekstriinin, jotka takaavat tasaisen ja pitk\u00e4kestoisen energiansaannin ilman verensokeripiikkej\u00e4. Juoma sis\u00e4lt\u00e4\u00e4 lis\u00e4ksi BCAA-aminohappoja, L-glutamiinia ja sitrulliinimalaattia, jotka edist\u00e4v\u00e4t lihasten palautumista ja v\u00e4hent\u00e4v\u00e4t harjoittelun aikaista v\u00e4symyst\u00e4. C-vitamiini tukee vastustuskyky\u00e4, kun taas magnesium auttaa lihaksia toimimaan optimaalisesti ja yll\u00e4pit\u00e4\u00e4 kehon elektrolyyttitasapainoa. Hyvin imeytyv\u00e4 ja vatsayst\u00e4v\u00e4llinen koostumus tekee Hart-Sport Pro Hydration Drinkista t\u00e4ydellisen lis\u00e4n kaikille aktiivitreenaajille \u2013 lajista ja tasosta riippumatta. Avainominaisuudet: Edistyksellinen hiilihydraattikoostumus \u2013 Glukoosipolymeerit, isomaltuloosi ja syklodekstriini takaavat tasaisen energiansaannin. Aminohapot ja palautumisen tuki \u2013 Sis\u00e4lt\u00e4\u00e4 BCAA:ta, L-glutamiinia ja sitrulliinimalaattia, jotka tukevat lihaksia ja v\u00e4hent\u00e4v\u00e4t v\u00e4symyst\u00e4. Elektrolyyttitasapaino \u2013 Magnesium, natrium ja kalium yll\u00e4pit\u00e4v\u00e4t kehon nesteytyst\u00e4 ja suorituskyky\u00e4. C-vitamiini vahvistaa immuniteettia \u2013 Tukee kehon vastustuskyky\u00e4 ja auttaa jaksamaan kovissakin treeneiss\u00e4. Vatsayst\u00e4v\u00e4llinen ja hyvin imeytyv\u00e4 \u2013 Ei aiheuta ruoansulatusongelmia, helppo nauttia suorituksen aikana. Vinkkej\u00e4 ja lis\u00e4tietoja: Sopii kaikille urheilijoille, jotka tarvitsevat tehokasta nesteytyst\u00e4 ja suorituskyvyn optimointia. Ihanteellinen k\u00e4ytett\u00e4v\u00e4ksi kest\u00e4vyysharjoittelun ja voimaharjoittelun aikana. Ei sis\u00e4ll\u00e4 keinotekoisia makeutusaineita \u2013 makeutettu steviaglykosideilla. Raikas sitruunan maku tekee juomisesta miellytt\u00e4v\u00e4\u00e4 ja virkist\u00e4v\u00e4\u00e4.","og_url":"https:\/\/sponsorsmill-store.fi\/hyps\/tuote\/hart-sport-pro-hydration-drink-455-g","og_site_name":"Hyvink\u00e4\u00e4n Palloseura","article_modified_time":"2025-10-14T14:45:29+00:00","twitter_card":"summary_large_image","schema":{"@context":"https:\/\/schema.org","@graph":[{"@type":"WebPage","@id":"https:\/\/sponsorsmill-store.fi\/hyps\/tuote\/hart-sport-pro-hydration-drink-455-g","url":"https:\/\/sponsorsmill-store.fi\/hyps\/tuote\/hart-sport-pro-hydration-drink-455-g","name":"Hart-Sport Pro Hydration Drink 455 g - Hyvink\u00e4\u00e4n Palloseura","isPartOf":{"@id":"https:\/\/sponsorsmill-store.fi\/hyps\/#website"},"primaryImageOfPage":{"@id":"https:\/\/sponsorsmill-store.fi\/hyps\/tuote\/hart-sport-pro-hydration-drink-455-g#primaryimage"},"image":{"@id":"https:\/\/sponsorsmill-store.fi\/hyps\/tuote\/hart-sport-pro-hydration-drink-455-g#primaryimage"},"thumbnailUrl":"https:\/\/sponsorsmill-store.fi\/hyps\/wp-content\/uploads\/2025\/03\/Hart-Sport-Pro-Hydration-Drink-455g-scaled.webp","datePublished":"2025-03-13T10:05:20+00:00","dateModified":"2025-10-14T14:45:29+00:00","breadcrumb":{"@id":"https:\/\/sponsorsmill-store.fi\/hyps\/tuote\/hart-sport-pro-hydration-drink-455-g#breadcrumb"},"inLanguage":"fi","potentialAction":[{"@type":"ReadAction","target":["https:\/\/sponsorsmill-store.fi\/hyps\/tuote\/hart-sport-pro-hydration-drink-455-g"]}]},{"@type":"ImageObject","inLanguage":"fi","@id":"https:\/\/sponsorsmill-store.fi\/hyps\/tuote\/hart-sport-pro-hydration-drink-455-g#primaryimage","url":"https:\/\/sponsorsmill-store.fi\/hyps\/wp-content\/uploads\/2025\/03\/Hart-Sport-Pro-Hydration-Drink-455g-scaled.webp","contentUrl":"https:\/\/sponsorsmill-store.fi\/hyps\/wp-content\/uploads\/2025\/03\/Hart-Sport-Pro-Hydration-Drink-455g-scaled.webp"},{"@type":"BreadcrumbList","@id":"https:\/\/sponsorsmill-store.fi\/hyps\/tuote\/hart-sport-pro-hydration-drink-455-g#breadcrumb","itemListElement":[{"@type":"ListItem","position":1,"name":"Etusivu","item":"https:\/\/sponsorsmill-store.fi\/hyps\/"},{"@type":"ListItem","position":2,"name":"Kauppa","item":"https:\/\/sponsorsmill-store.fi\/hyps\/kauppa"},{"@type":"ListItem","position":3,"name":"Hart-Sport Pro Hydration Drink 455 g"}]},{"@type":"WebSite","@id":"https:\/\/sponsorsmill-store.fi\/hyps\/#website","url":"https:\/\/sponsorsmill-store.fi\/hyps\/","name":"Hyvink\u00e4\u00e4n Palloseura","description":"","publisher":{"@id":"https:\/\/sponsorsmill-store.fi\/hyps\/#organization"},"potentialAction":[{"@type":"SearchAction","target":{"@type":"EntryPoint","urlTemplate":"https:\/\/sponsorsmill-store.fi\/hyps\/?s={search_term_string}"},"query-input":{"@type":"PropertyValueSpecification","valueRequired":true,"valueName":"search_term_string"}}],"inLanguage":"fi"},{"@type":"Organization","@id":"https:\/\/sponsorsmill-store.fi\/hyps\/#organization","name":"Hyvink\u00e4\u00e4n Palloseura","url":"https:\/\/sponsorsmill-store.fi\/hyps\/","logo":{"@type":"ImageObject","inLanguage":"fi","@id":"https:\/\/sponsorsmill-store.fi\/hyps\/#\/schema\/logo\/image\/","url":"https:\/\/sponsorsmill-store.fi\/hyps\/wp-content\/uploads\/sites\/17\/2025\/01\/HyPS-Hyvinkaan-Palloseura-logo-sininen-06-png.webp","contentUrl":"https:\/\/sponsorsmill-store.fi\/hyps\/wp-content\/uploads\/sites\/17\/2025\/01\/HyPS-Hyvinkaan-Palloseura-logo-sininen-06-png.webp","width":457,"height":487,"caption":"Hyvink\u00e4\u00e4n Palloseura"},"image":{"@id":"https:\/\/sponsorsmill-store.fi\/hyps\/#\/schema\/logo\/image\/"}}]}},"_links":{"self":[{"href":"https:\/\/sponsorsmill-store.fi\/hyps\/wp-json\/wp\/v2\/product\/3263","targetHints":{"allow":["GET"]}}],"collection":[{"href":"https:\/\/sponsorsmill-store.fi\/hyps\/wp-json\/wp\/v2\/product"}],"about":[{"href":"https:\/\/sponsorsmill-store.fi\/hyps\/wp-json\/wp\/v2\/types\/product"}],"wp:featuredmedia":[{"embeddable":true,"href":"https:\/\/sponsorsmill-store.fi\/hyps\/wp-json\/"}],"wp:attachment":[{"href":"https:\/\/sponsorsmill-store.fi\/hyps\/wp-json\/wp\/v2\/media?parent=3263"}],"wp:term":[{"taxonomy":"product_brand","embeddable":true,"href":"https:\/\/sponsorsmill-store.fi\/hyps\/wp-json\/wp\/v2\/product_brand?post=3263"},{"taxonomy":"product_cat","embeddable":true,"href":"https:\/\/sponsorsmill-store.fi\/hyps\/wp-json\/wp\/v2\/product_cat?post=3263"},{"taxonomy":"product_tag","embeddable":true,"href":"https:\/\/sponsorsmill-store.fi\/hyps\/wp-json\/wp\/v2\/product_tag?post=3263"}],"curies":[{"name":"wp","href":"https:\/\/api.w.org\/{rel}","templated":true}]}}