{"id":3385,"date":"2025-03-13T12:36:38","date_gmt":"2025-03-13T10:36:38","guid":{"rendered":"https:\/\/sponsorsmill-store.fi\/hyps\/tuote\/hart-sport-electrolytes-poretabletti-sitruuna-triplapakkaus-3-x-20-tbl-6-kpln-pakkaus"},"modified":"2025-11-13T12:20:42","modified_gmt":"2025-11-13T10:20:42","slug":"hart-sport-electrolytes-poretabletti-sitruuna-triplapakkaus-3-x-20-tbl-6-kpln-pakkaus","status":"publish","type":"product","link":"https:\/\/sponsorsmill-store.fi\/hyps\/tuote\/hart-sport-electrolytes-poretabletti-sitruuna-triplapakkaus-3-x-20-tbl-6-kpln-pakkaus","title":{"rendered":"Hart-Sport Electrolytes Poretabletti sitruuna\u00a0 Triplapakkaus 3 x 20 tbl &#8211; 6 kpl:n pakkaus."},"content":{"rendered":"","protected":false},"excerpt":{"rendered":"<p>Nesteytys on avain menestykseen! Uudet elektrolyyttiporetabletit on suunniteltu erityisesti aktiivisille henkil\u00f6ille. T\u00e4m\u00e4 poretabletti tarjoaa nopean ja tehokkaan tavan t\u00e4ydent\u00e4\u00e4 kehosi elektrolyyttej\u00e4 intensiivisen harjoittelun, kilpailujen tai helteisen p\u00e4iv\u00e4n j\u00e4lkeen. Helposti liukeneva, virkist\u00e4v\u00e4 maku ja t\u00e4ynn\u00e4 v\u00e4ltt\u00e4m\u00e4tt\u00f6mi\u00e4 mineraaleja!<\/p>\n","protected":false},"featured_media":10000005259,"template":"","meta":[],"product_brand":[],"product_cat":[146],"product_tag":[166],"class_list":{"0":"post-3385","1":"product","2":"type-product","3":"status-publish","4":"has-post-thumbnail","6":"product_cat-hart-sport-box","7":"product_tag-hart-sport-electrolytes-poretabletti-sitruuna-triplapakkaus-3-x-20-tbl","9":"first","10":"instock","11":"featured","12":"taxable","13":"shipping-taxable","14":"purchasable","15":"product-type-simple"},"yoast_head":"<!-- This site is optimized with the Yoast SEO plugin v27.4 - https:\/\/yoast.com\/product\/yoast-seo-wordpress\/ -->\n<title>Hart-Sport Electrolytes Poretabletti sitruuna\u00a0 Triplapakkaus 3 x 20 tbl - 6 kpl:n pakkaus. - Hyvink\u00e4\u00e4n Palloseura<\/title>\n<meta name=\"robots\" content=\"index, follow, max-snippet:-1, max-image-preview:large, max-video-preview:-1\" \/>\n<link rel=\"canonical\" href=\"https:\/\/sponsorsmill-store.fi\/hyps\/tuote\/hart-sport-electrolytes-poretabletti-sitruuna-triplapakkaus-3-x-20-tbl-6-kpln-pakkaus\" \/>\n<meta property=\"og:locale\" content=\"fi_FI\" \/>\n<meta property=\"og:type\" content=\"article\" \/>\n<meta property=\"og:title\" content=\"Hart-Sport Electrolytes Poretabletti sitruuna\u00a0 Triplapakkaus 3 x 20 tbl - 6 kpl:n pakkaus. - Hyvink\u00e4\u00e4n Palloseura\" \/>\n<meta property=\"og:description\" content=\"Nesteytys on avain menestykseen! Uudet elektrolyyttiporetabletit on suunniteltu erityisesti aktiivisille henkil\u00f6ille. T\u00e4m\u00e4 poretabletti tarjoaa nopean ja tehokkaan tavan t\u00e4ydent\u00e4\u00e4 kehosi elektrolyyttej\u00e4 intensiivisen harjoittelun, kilpailujen tai helteisen p\u00e4iv\u00e4n j\u00e4lkeen. Helposti liukeneva, virkist\u00e4v\u00e4 maku ja t\u00e4ynn\u00e4 v\u00e4ltt\u00e4m\u00e4tt\u00f6mi\u00e4 mineraaleja!\" \/>\n<meta property=\"og:url\" content=\"https:\/\/sponsorsmill-store.fi\/hyps\/tuote\/hart-sport-electrolytes-poretabletti-sitruuna-triplapakkaus-3-x-20-tbl-6-kpln-pakkaus\" \/>\n<meta property=\"og:site_name\" content=\"Hyvink\u00e4\u00e4n Palloseura\" \/>\n<meta property=\"article:modified_time\" content=\"2025-11-13T10:20:42+00:00\" \/>\n<meta name=\"twitter:card\" content=\"summary_large_image\" \/>\n<script type=\"application\/ld+json\" class=\"yoast-schema-graph\">{\"@context\":\"https:\\\/\\\/schema.org\",\"@graph\":[{\"@type\":\"WebPage\",\"@id\":\"https:\\\/\\\/sponsorsmill-store.fi\\\/hyps\\\/tuote\\\/hart-sport-electrolytes-poretabletti-sitruuna-triplapakkaus-3-x-20-tbl-6-kpln-pakkaus\",\"url\":\"https:\\\/\\\/sponsorsmill-store.fi\\\/hyps\\\/tuote\\\/hart-sport-electrolytes-poretabletti-sitruuna-triplapakkaus-3-x-20-tbl-6-kpln-pakkaus\",\"name\":\"Hart-Sport Electrolytes Poretabletti sitruuna\u00a0 Triplapakkaus 3 x 20 tbl - 6 kpl:n pakkaus. - Hyvink\u00e4\u00e4n Palloseura\",\"isPartOf\":{\"@id\":\"https:\\\/\\\/sponsorsmill-store.fi\\\/hyps\\\/#website\"},\"primaryImageOfPage\":{\"@id\":\"https:\\\/\\\/sponsorsmill-store.fi\\\/hyps\\\/tuote\\\/hart-sport-electrolytes-poretabletti-sitruuna-triplapakkaus-3-x-20-tbl-6-kpln-pakkaus#primaryimage\"},\"image\":{\"@id\":\"https:\\\/\\\/sponsorsmill-store.fi\\\/hyps\\\/tuote\\\/hart-sport-electrolytes-poretabletti-sitruuna-triplapakkaus-3-x-20-tbl-6-kpln-pakkaus#primaryimage\"},\"thumbnailUrl\":\"https:\\\/\\\/sponsorsmill-store.fi\\\/hyps\\\/wp-content\\\/uploads\\\/2025\\\/03\\\/Elektrolyytti-3-pc-SitruunaLemon.webp\",\"datePublished\":\"2025-03-13T10:36:38+00:00\",\"dateModified\":\"2025-11-13T10:20:42+00:00\",\"breadcrumb\":{\"@id\":\"https:\\\/\\\/sponsorsmill-store.fi\\\/hyps\\\/tuote\\\/hart-sport-electrolytes-poretabletti-sitruuna-triplapakkaus-3-x-20-tbl-6-kpln-pakkaus#breadcrumb\"},\"inLanguage\":\"fi\",\"potentialAction\":[{\"@type\":\"ReadAction\",\"target\":[\"https:\\\/\\\/sponsorsmill-store.fi\\\/hyps\\\/tuote\\\/hart-sport-electrolytes-poretabletti-sitruuna-triplapakkaus-3-x-20-tbl-6-kpln-pakkaus\"]}]},{\"@type\":\"ImageObject\",\"inLanguage\":\"fi\",\"@id\":\"https:\\\/\\\/sponsorsmill-store.fi\\\/hyps\\\/tuote\\\/hart-sport-electrolytes-poretabletti-sitruuna-triplapakkaus-3-x-20-tbl-6-kpln-pakkaus#primaryimage\",\"url\":\"https:\\\/\\\/sponsorsmill-store.fi\\\/hyps\\\/wp-content\\\/uploads\\\/2025\\\/03\\\/Elektrolyytti-3-pc-SitruunaLemon.webp\",\"contentUrl\":\"https:\\\/\\\/sponsorsmill-store.fi\\\/hyps\\\/wp-content\\\/uploads\\\/2025\\\/03\\\/Elektrolyytti-3-pc-SitruunaLemon.webp\"},{\"@type\":\"BreadcrumbList\",\"@id\":\"https:\\\/\\\/sponsorsmill-store.fi\\\/hyps\\\/tuote\\\/hart-sport-electrolytes-poretabletti-sitruuna-triplapakkaus-3-x-20-tbl-6-kpln-pakkaus#breadcrumb\",\"itemListElement\":[{\"@type\":\"ListItem\",\"position\":1,\"name\":\"Etusivu\",\"item\":\"https:\\\/\\\/sponsorsmill-store.fi\\\/hyps\\\/\"},{\"@type\":\"ListItem\",\"position\":2,\"name\":\"Kauppa\",\"item\":\"https:\\\/\\\/sponsorsmill-store.fi\\\/hyps\\\/kauppa\"},{\"@type\":\"ListItem\",\"position\":3,\"name\":\"Hart-Sport Electrolytes Poretabletti sitruuna\u00a0 Triplapakkaus 3 x 20 tbl &#8211; 6 kpl:n pakkaus.\"}]},{\"@type\":\"WebSite\",\"@id\":\"https:\\\/\\\/sponsorsmill-store.fi\\\/hyps\\\/#website\",\"url\":\"https:\\\/\\\/sponsorsmill-store.fi\\\/hyps\\\/\",\"name\":\"Hyvink\u00e4\u00e4n Palloseura\",\"description\":\"\",\"publisher\":{\"@id\":\"https:\\\/\\\/sponsorsmill-store.fi\\\/hyps\\\/#organization\"},\"potentialAction\":[{\"@type\":\"SearchAction\",\"target\":{\"@type\":\"EntryPoint\",\"urlTemplate\":\"https:\\\/\\\/sponsorsmill-store.fi\\\/hyps\\\/?s={search_term_string}\"},\"query-input\":{\"@type\":\"PropertyValueSpecification\",\"valueRequired\":true,\"valueName\":\"search_term_string\"}}],\"inLanguage\":\"fi\"},{\"@type\":\"Organization\",\"@id\":\"https:\\\/\\\/sponsorsmill-store.fi\\\/hyps\\\/#organization\",\"name\":\"Hyvink\u00e4\u00e4n Palloseura\",\"url\":\"https:\\\/\\\/sponsorsmill-store.fi\\\/hyps\\\/\",\"logo\":{\"@type\":\"ImageObject\",\"inLanguage\":\"fi\",\"@id\":\"https:\\\/\\\/sponsorsmill-store.fi\\\/hyps\\\/#\\\/schema\\\/logo\\\/image\\\/\",\"url\":\"https:\\\/\\\/sponsorsmill-store.fi\\\/hyps\\\/wp-content\\\/uploads\\\/sites\\\/17\\\/2025\\\/01\\\/HyPS-Hyvinkaan-Palloseura-logo-sininen-06-png.webp\",\"contentUrl\":\"https:\\\/\\\/sponsorsmill-store.fi\\\/hyps\\\/wp-content\\\/uploads\\\/sites\\\/17\\\/2025\\\/01\\\/HyPS-Hyvinkaan-Palloseura-logo-sininen-06-png.webp\",\"width\":457,\"height\":487,\"caption\":\"Hyvink\u00e4\u00e4n Palloseura\"},\"image\":{\"@id\":\"https:\\\/\\\/sponsorsmill-store.fi\\\/hyps\\\/#\\\/schema\\\/logo\\\/image\\\/\"}}]}<\/script>\n<!-- \/ Yoast SEO plugin. -->","yoast_head_json":{"title":"Hart-Sport Electrolytes Poretabletti sitruuna\u00a0 Triplapakkaus 3 x 20 tbl - 6 kpl:n pakkaus. - Hyvink\u00e4\u00e4n Palloseura","robots":{"index":"index","follow":"follow","max-snippet":"max-snippet:-1","max-image-preview":"max-image-preview:large","max-video-preview":"max-video-preview:-1"},"canonical":"https:\/\/sponsorsmill-store.fi\/hyps\/tuote\/hart-sport-electrolytes-poretabletti-sitruuna-triplapakkaus-3-x-20-tbl-6-kpln-pakkaus","og_locale":"fi_FI","og_type":"article","og_title":"Hart-Sport Electrolytes Poretabletti sitruuna\u00a0 Triplapakkaus 3 x 20 tbl - 6 kpl:n pakkaus. - Hyvink\u00e4\u00e4n Palloseura","og_description":"Nesteytys on avain menestykseen! Uudet elektrolyyttiporetabletit on suunniteltu erityisesti aktiivisille henkil\u00f6ille. T\u00e4m\u00e4 poretabletti tarjoaa nopean ja tehokkaan tavan t\u00e4ydent\u00e4\u00e4 kehosi elektrolyyttej\u00e4 intensiivisen harjoittelun, kilpailujen tai helteisen p\u00e4iv\u00e4n j\u00e4lkeen. Helposti liukeneva, virkist\u00e4v\u00e4 maku ja t\u00e4ynn\u00e4 v\u00e4ltt\u00e4m\u00e4tt\u00f6mi\u00e4 mineraaleja!","og_url":"https:\/\/sponsorsmill-store.fi\/hyps\/tuote\/hart-sport-electrolytes-poretabletti-sitruuna-triplapakkaus-3-x-20-tbl-6-kpln-pakkaus","og_site_name":"Hyvink\u00e4\u00e4n Palloseura","article_modified_time":"2025-11-13T10:20:42+00:00","twitter_card":"summary_large_image","schema":{"@context":"https:\/\/schema.org","@graph":[{"@type":"WebPage","@id":"https:\/\/sponsorsmill-store.fi\/hyps\/tuote\/hart-sport-electrolytes-poretabletti-sitruuna-triplapakkaus-3-x-20-tbl-6-kpln-pakkaus","url":"https:\/\/sponsorsmill-store.fi\/hyps\/tuote\/hart-sport-electrolytes-poretabletti-sitruuna-triplapakkaus-3-x-20-tbl-6-kpln-pakkaus","name":"Hart-Sport Electrolytes Poretabletti sitruuna\u00a0 Triplapakkaus 3 x 20 tbl - 6 kpl:n pakkaus. - Hyvink\u00e4\u00e4n Palloseura","isPartOf":{"@id":"https:\/\/sponsorsmill-store.fi\/hyps\/#website"},"primaryImageOfPage":{"@id":"https:\/\/sponsorsmill-store.fi\/hyps\/tuote\/hart-sport-electrolytes-poretabletti-sitruuna-triplapakkaus-3-x-20-tbl-6-kpln-pakkaus#primaryimage"},"image":{"@id":"https:\/\/sponsorsmill-store.fi\/hyps\/tuote\/hart-sport-electrolytes-poretabletti-sitruuna-triplapakkaus-3-x-20-tbl-6-kpln-pakkaus#primaryimage"},"thumbnailUrl":"https:\/\/sponsorsmill-store.fi\/hyps\/wp-content\/uploads\/2025\/03\/Elektrolyytti-3-pc-SitruunaLemon.webp","datePublished":"2025-03-13T10:36:38+00:00","dateModified":"2025-11-13T10:20:42+00:00","breadcrumb":{"@id":"https:\/\/sponsorsmill-store.fi\/hyps\/tuote\/hart-sport-electrolytes-poretabletti-sitruuna-triplapakkaus-3-x-20-tbl-6-kpln-pakkaus#breadcrumb"},"inLanguage":"fi","potentialAction":[{"@type":"ReadAction","target":["https:\/\/sponsorsmill-store.fi\/hyps\/tuote\/hart-sport-electrolytes-poretabletti-sitruuna-triplapakkaus-3-x-20-tbl-6-kpln-pakkaus"]}]},{"@type":"ImageObject","inLanguage":"fi","@id":"https:\/\/sponsorsmill-store.fi\/hyps\/tuote\/hart-sport-electrolytes-poretabletti-sitruuna-triplapakkaus-3-x-20-tbl-6-kpln-pakkaus#primaryimage","url":"https:\/\/sponsorsmill-store.fi\/hyps\/wp-content\/uploads\/2025\/03\/Elektrolyytti-3-pc-SitruunaLemon.webp","contentUrl":"https:\/\/sponsorsmill-store.fi\/hyps\/wp-content\/uploads\/2025\/03\/Elektrolyytti-3-pc-SitruunaLemon.webp"},{"@type":"BreadcrumbList","@id":"https:\/\/sponsorsmill-store.fi\/hyps\/tuote\/hart-sport-electrolytes-poretabletti-sitruuna-triplapakkaus-3-x-20-tbl-6-kpln-pakkaus#breadcrumb","itemListElement":[{"@type":"ListItem","position":1,"name":"Etusivu","item":"https:\/\/sponsorsmill-store.fi\/hyps\/"},{"@type":"ListItem","position":2,"name":"Kauppa","item":"https:\/\/sponsorsmill-store.fi\/hyps\/kauppa"},{"@type":"ListItem","position":3,"name":"Hart-Sport Electrolytes Poretabletti sitruuna\u00a0 Triplapakkaus 3 x 20 tbl &#8211; 6 kpl:n pakkaus."}]},{"@type":"WebSite","@id":"https:\/\/sponsorsmill-store.fi\/hyps\/#website","url":"https:\/\/sponsorsmill-store.fi\/hyps\/","name":"Hyvink\u00e4\u00e4n Palloseura","description":"","publisher":{"@id":"https:\/\/sponsorsmill-store.fi\/hyps\/#organization"},"potentialAction":[{"@type":"SearchAction","target":{"@type":"EntryPoint","urlTemplate":"https:\/\/sponsorsmill-store.fi\/hyps\/?s={search_term_string}"},"query-input":{"@type":"PropertyValueSpecification","valueRequired":true,"valueName":"search_term_string"}}],"inLanguage":"fi"},{"@type":"Organization","@id":"https:\/\/sponsorsmill-store.fi\/hyps\/#organization","name":"Hyvink\u00e4\u00e4n Palloseura","url":"https:\/\/sponsorsmill-store.fi\/hyps\/","logo":{"@type":"ImageObject","inLanguage":"fi","@id":"https:\/\/sponsorsmill-store.fi\/hyps\/#\/schema\/logo\/image\/","url":"https:\/\/sponsorsmill-store.fi\/hyps\/wp-content\/uploads\/sites\/17\/2025\/01\/HyPS-Hyvinkaan-Palloseura-logo-sininen-06-png.webp","contentUrl":"https:\/\/sponsorsmill-store.fi\/hyps\/wp-content\/uploads\/sites\/17\/2025\/01\/HyPS-Hyvinkaan-Palloseura-logo-sininen-06-png.webp","width":457,"height":487,"caption":"Hyvink\u00e4\u00e4n Palloseura"},"image":{"@id":"https:\/\/sponsorsmill-store.fi\/hyps\/#\/schema\/logo\/image\/"}}]}},"_links":{"self":[{"href":"https:\/\/sponsorsmill-store.fi\/hyps\/wp-json\/wp\/v2\/product\/3385","targetHints":{"allow":["GET"]}}],"collection":[{"href":"https:\/\/sponsorsmill-store.fi\/hyps\/wp-json\/wp\/v2\/product"}],"about":[{"href":"https:\/\/sponsorsmill-store.fi\/hyps\/wp-json\/wp\/v2\/types\/product"}],"wp:featuredmedia":[{"embeddable":true,"href":"https:\/\/sponsorsmill-store.fi\/hyps\/wp-json\/"}],"wp:attachment":[{"href":"https:\/\/sponsorsmill-store.fi\/hyps\/wp-json\/wp\/v2\/media?parent=3385"}],"wp:term":[{"taxonomy":"product_brand","embeddable":true,"href":"https:\/\/sponsorsmill-store.fi\/hyps\/wp-json\/wp\/v2\/product_brand?post=3385"},{"taxonomy":"product_cat","embeddable":true,"href":"https:\/\/sponsorsmill-store.fi\/hyps\/wp-json\/wp\/v2\/product_cat?post=3385"},{"taxonomy":"product_tag","embeddable":true,"href":"https:\/\/sponsorsmill-store.fi\/hyps\/wp-json\/wp\/v2\/product_tag?post=3385"}],"curies":[{"name":"wp","href":"https:\/\/api.w.org\/{rel}","templated":true}]}}