{"id":3416,"date":"2025-03-14T10:37:19","date_gmt":"2025-03-14T08:37:19","guid":{"rendered":"https:\/\/sponsorsmill-store.fi\/hyps\/tuote\/smellwell-freshener-bag-tiimituote-2"},"modified":"2025-11-13T12:14:39","modified_gmt":"2025-11-13T10:14:39","slug":"smellwell-freshener-bag-tiimituote-2","status":"publish","type":"product","link":"https:\/\/sponsorsmill-store.fi\/hyps\/tuote\/smellwell-freshener-bag-tiimituote-2","title":{"rendered":"SmellWell &#8211; Freshener Bag &#8211; Tiimituote"},"content":{"rendered":"","protected":false},"excerpt":{"rendered":"<p>Freshener Bag on s\u00e4ilytyspussi k\u00e4ytetyille kengille tai muille varusteille. Pussi poistaa hajun kengist\u00e4 imem\u00e4ll\u00e4 kosteutta ja neutralisoimalla pH-tasapainoa, mik\u00e4 ehk\u00e4isee pahaa hajua aiheuttavia bakteereja. Samalla pussi lis\u00e4\u00e4 kenkiin raikasta tuoksua. Pussissa on aktiivihiilt\u00e4 sis\u00e4lt\u00e4v\u00e4 kalvo, joka on valmistettu moso-bambusta ja mineraaleista. Pintamateriaali on kest\u00e4v\u00e4\u00e4 ja vett\u00e4hylkiv\u00e4\u00e4 ripstop-kangasta, joka suojaa varusteita. Ymp\u00e4rist\u00f6yst\u00e4v\u00e4lliset ja REACH-sertifioidut s\u00e4ilytyspussit eiv\u00e4t sis\u00e4ll\u00e4 haitallisia kemikaaleja. Niiden hajua poistava ja kosteutta imev\u00e4 kyky s\u00e4ilyy jopa kaksi vuotta, mutta lis\u00e4tty tuoksu haihtuu ajan my\u00f6t\u00e4. Pussin hoitamiseksi parhaalla tavalla suositellaan sen k\u00e4\u00e4nt\u00e4mist\u00e4 nurin ja asettamista aurinkoon. T\u00e4m\u00e4 on teht\u00e4v\u00e4 muutaman kerran vuodessa t\u00e4yden tehon palauttamiseksi.<\/p>\n<p>Kenk\u00e4pussi<br \/>\nKoko: 33&#215;42,5&#215;1 cm<br \/>\nSis\u00e4lt\u00e4\u00e4 aktiivihiilt\u00e4<br \/>\nEhk\u00e4isee pahaa hajua aiheuttavia bakteereja<br \/>\nSis\u00e4lt\u00e4\u00e4 miedon hajusteen, joka j\u00e4tt\u00e4\u00e4 raikkaan tuoksun<br \/>\nKosteutta imev\u00e4 ja hajua poistava kyky s\u00e4ilyy kaksi vuotta<br \/>\nREACH-sertifioitu ymp\u00e4rist\u00f6n ja turvallisuuden hyv\u00e4ksi<br \/>\nIlman vaarallisia kemikaaleja<\/p>\n","protected":false},"featured_media":10000004272,"template":"","meta":[],"product_brand":[],"product_cat":[61,230,177],"product_tag":[178],"class_list":{"0":"post-3416","1":"product","2":"type-product","3":"status-publish","4":"has-post-thumbnail","6":"product_cat-smellwell","7":"product_cat-smellwell-team-stores","8":"product_cat-smellwell-tiimituotteet","9":"product_tag-smellwell-freshener-bag","11":"first","12":"instock","13":"featured","14":"taxable","15":"shipping-taxable","16":"purchasable","17":"product-type-simple"},"yoast_head":"<!-- This site is optimized with the Yoast SEO plugin v27.4 - https:\/\/yoast.com\/product\/yoast-seo-wordpress\/ -->\n<title>SmellWell - Freshener Bag - Tiimituote - Hyvink\u00e4\u00e4n Palloseura<\/title>\n<meta name=\"robots\" content=\"index, follow, max-snippet:-1, max-image-preview:large, max-video-preview:-1\" \/>\n<link rel=\"canonical\" href=\"https:\/\/sponsorsmill-store.fi\/hyps\/tuote\/smellwell-freshener-bag-tiimituote-2\" \/>\n<meta property=\"og:locale\" content=\"fi_FI\" \/>\n<meta property=\"og:type\" content=\"article\" \/>\n<meta property=\"og:title\" content=\"SmellWell - Freshener Bag - Tiimituote - Hyvink\u00e4\u00e4n Palloseura\" \/>\n<meta property=\"og:description\" content=\"Freshener Bag on s\u00e4ilytyspussi k\u00e4ytetyille kengille tai muille varusteille. Pussi poistaa hajun kengist\u00e4 imem\u00e4ll\u00e4 kosteutta ja neutralisoimalla pH-tasapainoa, mik\u00e4 ehk\u00e4isee pahaa hajua aiheuttavia bakteereja. Samalla pussi lis\u00e4\u00e4 kenkiin raikasta tuoksua. Pussissa on aktiivihiilt\u00e4 sis\u00e4lt\u00e4v\u00e4 kalvo, joka on valmistettu moso-bambusta ja mineraaleista. Pintamateriaali on kest\u00e4v\u00e4\u00e4 ja vett\u00e4hylkiv\u00e4\u00e4 ripstop-kangasta, joka suojaa varusteita. Ymp\u00e4rist\u00f6yst\u00e4v\u00e4lliset ja REACH-sertifioidut s\u00e4ilytyspussit eiv\u00e4t sis\u00e4ll\u00e4 haitallisia kemikaaleja. Niiden hajua poistava ja kosteutta imev\u00e4 kyky s\u00e4ilyy jopa kaksi vuotta, mutta lis\u00e4tty tuoksu haihtuu ajan my\u00f6t\u00e4. Pussin hoitamiseksi parhaalla tavalla suositellaan sen k\u00e4\u00e4nt\u00e4mist\u00e4 nurin ja asettamista aurinkoon. T\u00e4m\u00e4 on teht\u00e4v\u00e4 muutaman kerran vuodessa t\u00e4yden tehon palauttamiseksi. Kenk\u00e4pussi Koko: 33x42,5x1 cm Sis\u00e4lt\u00e4\u00e4 aktiivihiilt\u00e4 Ehk\u00e4isee pahaa hajua aiheuttavia bakteereja Sis\u00e4lt\u00e4\u00e4 miedon hajusteen, joka j\u00e4tt\u00e4\u00e4 raikkaan tuoksun Kosteutta imev\u00e4 ja hajua poistava kyky s\u00e4ilyy kaksi vuotta REACH-sertifioitu ymp\u00e4rist\u00f6n ja turvallisuuden hyv\u00e4ksi Ilman vaarallisia kemikaaleja\" \/>\n<meta property=\"og:url\" content=\"https:\/\/sponsorsmill-store.fi\/hyps\/tuote\/smellwell-freshener-bag-tiimituote-2\" \/>\n<meta property=\"og:site_name\" content=\"Hyvink\u00e4\u00e4n Palloseura\" \/>\n<meta property=\"article:modified_time\" content=\"2025-11-13T10:14:39+00:00\" \/>\n<meta name=\"twitter:card\" content=\"summary_large_image\" \/>\n<script type=\"application\/ld+json\" class=\"yoast-schema-graph\">{\"@context\":\"https:\\\/\\\/schema.org\",\"@graph\":[{\"@type\":\"WebPage\",\"@id\":\"https:\\\/\\\/sponsorsmill-store.fi\\\/hyps\\\/tuote\\\/smellwell-freshener-bag-tiimituote-2\",\"url\":\"https:\\\/\\\/sponsorsmill-store.fi\\\/hyps\\\/tuote\\\/smellwell-freshener-bag-tiimituote-2\",\"name\":\"SmellWell - Freshener Bag - Tiimituote - Hyvink\u00e4\u00e4n Palloseura\",\"isPartOf\":{\"@id\":\"https:\\\/\\\/sponsorsmill-store.fi\\\/hyps\\\/#website\"},\"primaryImageOfPage\":{\"@id\":\"https:\\\/\\\/sponsorsmill-store.fi\\\/hyps\\\/tuote\\\/smellwell-freshener-bag-tiimituote-2#primaryimage\"},\"image\":{\"@id\":\"https:\\\/\\\/sponsorsmill-store.fi\\\/hyps\\\/tuote\\\/smellwell-freshener-bag-tiimituote-2#primaryimage\"},\"thumbnailUrl\":\"https:\\\/\\\/sponsorsmill-store.fi\\\/hyps\\\/wp-content\\\/uploads\\\/2025\\\/02\\\/Freshener_Bag_Small_Black0001_Alpha_610x_crop_center-png-v-1627036916-1-png.webp\",\"datePublished\":\"2025-03-14T08:37:19+00:00\",\"dateModified\":\"2025-11-13T10:14:39+00:00\",\"breadcrumb\":{\"@id\":\"https:\\\/\\\/sponsorsmill-store.fi\\\/hyps\\\/tuote\\\/smellwell-freshener-bag-tiimituote-2#breadcrumb\"},\"inLanguage\":\"fi\",\"potentialAction\":[{\"@type\":\"ReadAction\",\"target\":[\"https:\\\/\\\/sponsorsmill-store.fi\\\/hyps\\\/tuote\\\/smellwell-freshener-bag-tiimituote-2\"]}]},{\"@type\":\"ImageObject\",\"inLanguage\":\"fi\",\"@id\":\"https:\\\/\\\/sponsorsmill-store.fi\\\/hyps\\\/tuote\\\/smellwell-freshener-bag-tiimituote-2#primaryimage\",\"url\":\"https:\\\/\\\/sponsorsmill-store.fi\\\/hyps\\\/wp-content\\\/uploads\\\/2025\\\/02\\\/Freshener_Bag_Small_Black0001_Alpha_610x_crop_center-png-v-1627036916-1-png.webp\",\"contentUrl\":\"https:\\\/\\\/sponsorsmill-store.fi\\\/hyps\\\/wp-content\\\/uploads\\\/2025\\\/02\\\/Freshener_Bag_Small_Black0001_Alpha_610x_crop_center-png-v-1627036916-1-png.webp\"},{\"@type\":\"BreadcrumbList\",\"@id\":\"https:\\\/\\\/sponsorsmill-store.fi\\\/hyps\\\/tuote\\\/smellwell-freshener-bag-tiimituote-2#breadcrumb\",\"itemListElement\":[{\"@type\":\"ListItem\",\"position\":1,\"name\":\"Etusivu\",\"item\":\"https:\\\/\\\/sponsorsmill-store.fi\\\/hyps\\\/\"},{\"@type\":\"ListItem\",\"position\":2,\"name\":\"Kauppa\",\"item\":\"https:\\\/\\\/sponsorsmill-store.fi\\\/hyps\\\/kauppa\"},{\"@type\":\"ListItem\",\"position\":3,\"name\":\"SmellWell &#8211; Freshener Bag &#8211; Tiimituote\"}]},{\"@type\":\"WebSite\",\"@id\":\"https:\\\/\\\/sponsorsmill-store.fi\\\/hyps\\\/#website\",\"url\":\"https:\\\/\\\/sponsorsmill-store.fi\\\/hyps\\\/\",\"name\":\"Hyvink\u00e4\u00e4n Palloseura\",\"description\":\"\",\"publisher\":{\"@id\":\"https:\\\/\\\/sponsorsmill-store.fi\\\/hyps\\\/#organization\"},\"potentialAction\":[{\"@type\":\"SearchAction\",\"target\":{\"@type\":\"EntryPoint\",\"urlTemplate\":\"https:\\\/\\\/sponsorsmill-store.fi\\\/hyps\\\/?s={search_term_string}\"},\"query-input\":{\"@type\":\"PropertyValueSpecification\",\"valueRequired\":true,\"valueName\":\"search_term_string\"}}],\"inLanguage\":\"fi\"},{\"@type\":\"Organization\",\"@id\":\"https:\\\/\\\/sponsorsmill-store.fi\\\/hyps\\\/#organization\",\"name\":\"Hyvink\u00e4\u00e4n Palloseura\",\"url\":\"https:\\\/\\\/sponsorsmill-store.fi\\\/hyps\\\/\",\"logo\":{\"@type\":\"ImageObject\",\"inLanguage\":\"fi\",\"@id\":\"https:\\\/\\\/sponsorsmill-store.fi\\\/hyps\\\/#\\\/schema\\\/logo\\\/image\\\/\",\"url\":\"https:\\\/\\\/sponsorsmill-store.fi\\\/hyps\\\/wp-content\\\/uploads\\\/sites\\\/17\\\/2025\\\/01\\\/HyPS-Hyvinkaan-Palloseura-logo-sininen-06-png.webp\",\"contentUrl\":\"https:\\\/\\\/sponsorsmill-store.fi\\\/hyps\\\/wp-content\\\/uploads\\\/sites\\\/17\\\/2025\\\/01\\\/HyPS-Hyvinkaan-Palloseura-logo-sininen-06-png.webp\",\"width\":457,\"height\":487,\"caption\":\"Hyvink\u00e4\u00e4n Palloseura\"},\"image\":{\"@id\":\"https:\\\/\\\/sponsorsmill-store.fi\\\/hyps\\\/#\\\/schema\\\/logo\\\/image\\\/\"}}]}<\/script>\n<!-- \/ Yoast SEO plugin. -->","yoast_head_json":{"title":"SmellWell - Freshener Bag - Tiimituote - Hyvink\u00e4\u00e4n Palloseura","robots":{"index":"index","follow":"follow","max-snippet":"max-snippet:-1","max-image-preview":"max-image-preview:large","max-video-preview":"max-video-preview:-1"},"canonical":"https:\/\/sponsorsmill-store.fi\/hyps\/tuote\/smellwell-freshener-bag-tiimituote-2","og_locale":"fi_FI","og_type":"article","og_title":"SmellWell - Freshener Bag - Tiimituote - Hyvink\u00e4\u00e4n Palloseura","og_description":"Freshener Bag on s\u00e4ilytyspussi k\u00e4ytetyille kengille tai muille varusteille. Pussi poistaa hajun kengist\u00e4 imem\u00e4ll\u00e4 kosteutta ja neutralisoimalla pH-tasapainoa, mik\u00e4 ehk\u00e4isee pahaa hajua aiheuttavia bakteereja. Samalla pussi lis\u00e4\u00e4 kenkiin raikasta tuoksua. Pussissa on aktiivihiilt\u00e4 sis\u00e4lt\u00e4v\u00e4 kalvo, joka on valmistettu moso-bambusta ja mineraaleista. Pintamateriaali on kest\u00e4v\u00e4\u00e4 ja vett\u00e4hylkiv\u00e4\u00e4 ripstop-kangasta, joka suojaa varusteita. Ymp\u00e4rist\u00f6yst\u00e4v\u00e4lliset ja REACH-sertifioidut s\u00e4ilytyspussit eiv\u00e4t sis\u00e4ll\u00e4 haitallisia kemikaaleja. Niiden hajua poistava ja kosteutta imev\u00e4 kyky s\u00e4ilyy jopa kaksi vuotta, mutta lis\u00e4tty tuoksu haihtuu ajan my\u00f6t\u00e4. Pussin hoitamiseksi parhaalla tavalla suositellaan sen k\u00e4\u00e4nt\u00e4mist\u00e4 nurin ja asettamista aurinkoon. T\u00e4m\u00e4 on teht\u00e4v\u00e4 muutaman kerran vuodessa t\u00e4yden tehon palauttamiseksi. Kenk\u00e4pussi Koko: 33x42,5x1 cm Sis\u00e4lt\u00e4\u00e4 aktiivihiilt\u00e4 Ehk\u00e4isee pahaa hajua aiheuttavia bakteereja Sis\u00e4lt\u00e4\u00e4 miedon hajusteen, joka j\u00e4tt\u00e4\u00e4 raikkaan tuoksun Kosteutta imev\u00e4 ja hajua poistava kyky s\u00e4ilyy kaksi vuotta REACH-sertifioitu ymp\u00e4rist\u00f6n ja turvallisuuden hyv\u00e4ksi Ilman vaarallisia kemikaaleja","og_url":"https:\/\/sponsorsmill-store.fi\/hyps\/tuote\/smellwell-freshener-bag-tiimituote-2","og_site_name":"Hyvink\u00e4\u00e4n Palloseura","article_modified_time":"2025-11-13T10:14:39+00:00","twitter_card":"summary_large_image","schema":{"@context":"https:\/\/schema.org","@graph":[{"@type":"WebPage","@id":"https:\/\/sponsorsmill-store.fi\/hyps\/tuote\/smellwell-freshener-bag-tiimituote-2","url":"https:\/\/sponsorsmill-store.fi\/hyps\/tuote\/smellwell-freshener-bag-tiimituote-2","name":"SmellWell - Freshener Bag - Tiimituote - Hyvink\u00e4\u00e4n Palloseura","isPartOf":{"@id":"https:\/\/sponsorsmill-store.fi\/hyps\/#website"},"primaryImageOfPage":{"@id":"https:\/\/sponsorsmill-store.fi\/hyps\/tuote\/smellwell-freshener-bag-tiimituote-2#primaryimage"},"image":{"@id":"https:\/\/sponsorsmill-store.fi\/hyps\/tuote\/smellwell-freshener-bag-tiimituote-2#primaryimage"},"thumbnailUrl":"https:\/\/sponsorsmill-store.fi\/hyps\/wp-content\/uploads\/2025\/02\/Freshener_Bag_Small_Black0001_Alpha_610x_crop_center-png-v-1627036916-1-png.webp","datePublished":"2025-03-14T08:37:19+00:00","dateModified":"2025-11-13T10:14:39+00:00","breadcrumb":{"@id":"https:\/\/sponsorsmill-store.fi\/hyps\/tuote\/smellwell-freshener-bag-tiimituote-2#breadcrumb"},"inLanguage":"fi","potentialAction":[{"@type":"ReadAction","target":["https:\/\/sponsorsmill-store.fi\/hyps\/tuote\/smellwell-freshener-bag-tiimituote-2"]}]},{"@type":"ImageObject","inLanguage":"fi","@id":"https:\/\/sponsorsmill-store.fi\/hyps\/tuote\/smellwell-freshener-bag-tiimituote-2#primaryimage","url":"https:\/\/sponsorsmill-store.fi\/hyps\/wp-content\/uploads\/2025\/02\/Freshener_Bag_Small_Black0001_Alpha_610x_crop_center-png-v-1627036916-1-png.webp","contentUrl":"https:\/\/sponsorsmill-store.fi\/hyps\/wp-content\/uploads\/2025\/02\/Freshener_Bag_Small_Black0001_Alpha_610x_crop_center-png-v-1627036916-1-png.webp"},{"@type":"BreadcrumbList","@id":"https:\/\/sponsorsmill-store.fi\/hyps\/tuote\/smellwell-freshener-bag-tiimituote-2#breadcrumb","itemListElement":[{"@type":"ListItem","position":1,"name":"Etusivu","item":"https:\/\/sponsorsmill-store.fi\/hyps\/"},{"@type":"ListItem","position":2,"name":"Kauppa","item":"https:\/\/sponsorsmill-store.fi\/hyps\/kauppa"},{"@type":"ListItem","position":3,"name":"SmellWell &#8211; Freshener Bag &#8211; Tiimituote"}]},{"@type":"WebSite","@id":"https:\/\/sponsorsmill-store.fi\/hyps\/#website","url":"https:\/\/sponsorsmill-store.fi\/hyps\/","name":"Hyvink\u00e4\u00e4n Palloseura","description":"","publisher":{"@id":"https:\/\/sponsorsmill-store.fi\/hyps\/#organization"},"potentialAction":[{"@type":"SearchAction","target":{"@type":"EntryPoint","urlTemplate":"https:\/\/sponsorsmill-store.fi\/hyps\/?s={search_term_string}"},"query-input":{"@type":"PropertyValueSpecification","valueRequired":true,"valueName":"search_term_string"}}],"inLanguage":"fi"},{"@type":"Organization","@id":"https:\/\/sponsorsmill-store.fi\/hyps\/#organization","name":"Hyvink\u00e4\u00e4n Palloseura","url":"https:\/\/sponsorsmill-store.fi\/hyps\/","logo":{"@type":"ImageObject","inLanguage":"fi","@id":"https:\/\/sponsorsmill-store.fi\/hyps\/#\/schema\/logo\/image\/","url":"https:\/\/sponsorsmill-store.fi\/hyps\/wp-content\/uploads\/sites\/17\/2025\/01\/HyPS-Hyvinkaan-Palloseura-logo-sininen-06-png.webp","contentUrl":"https:\/\/sponsorsmill-store.fi\/hyps\/wp-content\/uploads\/sites\/17\/2025\/01\/HyPS-Hyvinkaan-Palloseura-logo-sininen-06-png.webp","width":457,"height":487,"caption":"Hyvink\u00e4\u00e4n Palloseura"},"image":{"@id":"https:\/\/sponsorsmill-store.fi\/hyps\/#\/schema\/logo\/image\/"}}]}},"_links":{"self":[{"href":"https:\/\/sponsorsmill-store.fi\/hyps\/wp-json\/wp\/v2\/product\/3416","targetHints":{"allow":["GET"]}}],"collection":[{"href":"https:\/\/sponsorsmill-store.fi\/hyps\/wp-json\/wp\/v2\/product"}],"about":[{"href":"https:\/\/sponsorsmill-store.fi\/hyps\/wp-json\/wp\/v2\/types\/product"}],"wp:featuredmedia":[{"embeddable":true,"href":"https:\/\/sponsorsmill-store.fi\/hyps\/wp-json\/"}],"wp:attachment":[{"href":"https:\/\/sponsorsmill-store.fi\/hyps\/wp-json\/wp\/v2\/media?parent=3416"}],"wp:term":[{"taxonomy":"product_brand","embeddable":true,"href":"https:\/\/sponsorsmill-store.fi\/hyps\/wp-json\/wp\/v2\/product_brand?post=3416"},{"taxonomy":"product_cat","embeddable":true,"href":"https:\/\/sponsorsmill-store.fi\/hyps\/wp-json\/wp\/v2\/product_cat?post=3416"},{"taxonomy":"product_tag","embeddable":true,"href":"https:\/\/sponsorsmill-store.fi\/hyps\/wp-json\/wp\/v2\/product_tag?post=3416"}],"curies":[{"name":"wp","href":"https:\/\/api.w.org\/{rel}","templated":true}]}}