{"id":3421,"date":"2025-03-14T10:37:19","date_gmt":"2025-03-14T08:37:19","guid":{"rendered":"https:\/\/sponsorsmill-store.fi\/hyps\/tuote\/smellwell-active-original-tiimituote"},"modified":"2025-11-13T12:16:03","modified_gmt":"2025-11-13T10:16:03","slug":"smellwell-active-original-tiimituote","status":"publish","type":"product","link":"https:\/\/sponsorsmill-store.fi\/hyps\/tuote\/smellwell-active-original-tiimituote","title":{"rendered":"SmellWell &#8211; Active Original &#8211; Tiimituote"},"content":{"rendered":"","protected":false},"excerpt":{"rendered":"<p>SmellWell poistaa hajun kengist\u00e4 imem\u00e4ll\u00e4 kosteutta ja neutralisoimalla pH-tasapainon, mik\u00e4 ehk\u00e4isee pahaa hajua aiheuttavia bakteereja. Samalla pussit lis\u00e4\u00e4v\u00e4t kenkiin raikasta tuoksua. Teho saavutetaan yhdess\u00e4 tai parissa p\u00e4iv\u00e4ss\u00e4, ja pussien teho s\u00e4ilyy noin kolme kuukautta. Pusseja voi k\u00e4ytt\u00e4\u00e4 niin arki- kuin urheilukengiss\u00e4kin. Ymp\u00e4rist\u00f6yst\u00e4v\u00e4lliset pussit eiv\u00e4t sis\u00e4ll\u00e4 vaarallisia kemikaaleja. Useita v\u00e4rej\u00e4, joita ei voi erikseen valita.<\/p>\n<p>Hajunpoistajapussit<\/p>\n<p>Kahden kappaleen pakkaus<\/p>\n<p>Ehk\u00e4isev\u00e4t pahanhajuisia bakteereja<\/p>\n<p>Lis\u00e4\u00e4v\u00e4t raikasta tuoksua<\/p>\n<p>Ei vaarallisia kemikaaleja<\/p>\n<p>Useita v\u00e4rej\u00e4, joita ei voi erikseen valita<\/p>\n","protected":false},"featured_media":10000006051,"template":"","meta":[],"product_brand":[],"product_cat":[61,230,177],"product_tag":[180],"class_list":{"0":"post-3421","1":"product","2":"type-product","3":"status-publish","4":"has-post-thumbnail","6":"product_cat-smellwell","7":"product_cat-smellwell-team-stores","8":"product_cat-smellwell-tiimituotteet","9":"product_tag-smellwell-active-original","11":"first","12":"instock","13":"featured","14":"taxable","15":"shipping-taxable","16":"purchasable","17":"product-type-simple"},"yoast_head":"<!-- This site is optimized with the Yoast SEO plugin v27.4 - https:\/\/yoast.com\/product\/yoast-seo-wordpress\/ -->\n<title>SmellWell - Active Original - Tiimituote - Hyvink\u00e4\u00e4n Palloseura<\/title>\n<meta name=\"robots\" content=\"index, follow, max-snippet:-1, max-image-preview:large, max-video-preview:-1\" \/>\n<link rel=\"canonical\" href=\"https:\/\/sponsorsmill-store.fi\/hyps\/tuote\/smellwell-active-original-tiimituote\" \/>\n<meta property=\"og:locale\" content=\"fi_FI\" \/>\n<meta property=\"og:type\" content=\"article\" \/>\n<meta property=\"og:title\" content=\"SmellWell - Active Original - Tiimituote - Hyvink\u00e4\u00e4n Palloseura\" \/>\n<meta property=\"og:description\" content=\"SmellWell poistaa hajun kengist\u00e4 imem\u00e4ll\u00e4 kosteutta ja neutralisoimalla pH-tasapainon, mik\u00e4 ehk\u00e4isee pahaa hajua aiheuttavia bakteereja. Samalla pussit lis\u00e4\u00e4v\u00e4t kenkiin raikasta tuoksua. Teho saavutetaan yhdess\u00e4 tai parissa p\u00e4iv\u00e4ss\u00e4, ja pussien teho s\u00e4ilyy noin kolme kuukautta. Pusseja voi k\u00e4ytt\u00e4\u00e4 niin arki- kuin urheilukengiss\u00e4kin. Ymp\u00e4rist\u00f6yst\u00e4v\u00e4lliset pussit eiv\u00e4t sis\u00e4ll\u00e4 vaarallisia kemikaaleja. Useita v\u00e4rej\u00e4, joita ei voi erikseen valita.  Hajunpoistajapussit Kahden kappaleen pakkaus Ehk\u00e4isev\u00e4t pahanhajuisia bakteereja Lis\u00e4\u00e4v\u00e4t raikasta tuoksua Ei vaarallisia kemikaaleja Useita v\u00e4rej\u00e4, joita ei voi erikseen valita\" \/>\n<meta property=\"og:url\" content=\"https:\/\/sponsorsmill-store.fi\/hyps\/tuote\/smellwell-active-original-tiimituote\" \/>\n<meta property=\"og:site_name\" content=\"Hyvink\u00e4\u00e4n Palloseura\" \/>\n<meta property=\"article:modified_time\" content=\"2025-11-13T10:16:03+00:00\" \/>\n<meta name=\"twitter:card\" content=\"summary_large_image\" \/>\n<script type=\"application\/ld+json\" class=\"yoast-schema-graph\">{\"@context\":\"https:\\\/\\\/schema.org\",\"@graph\":[{\"@type\":\"WebPage\",\"@id\":\"https:\\\/\\\/sponsorsmill-store.fi\\\/hyps\\\/tuote\\\/smellwell-active-original-tiimituote\",\"url\":\"https:\\\/\\\/sponsorsmill-store.fi\\\/hyps\\\/tuote\\\/smellwell-active-original-tiimituote\",\"name\":\"SmellWell - Active Original - Tiimituote - Hyvink\u00e4\u00e4n Palloseura\",\"isPartOf\":{\"@id\":\"https:\\\/\\\/sponsorsmill-store.fi\\\/hyps\\\/#website\"},\"primaryImageOfPage\":{\"@id\":\"https:\\\/\\\/sponsorsmill-store.fi\\\/hyps\\\/tuote\\\/smellwell-active-original-tiimituote#primaryimage\"},\"image\":{\"@id\":\"https:\\\/\\\/sponsorsmill-store.fi\\\/hyps\\\/tuote\\\/smellwell-active-original-tiimituote#primaryimage\"},\"thumbnailUrl\":\"https:\\\/\\\/sponsorsmill-store.fi\\\/hyps\\\/wp-content\\\/uploads\\\/2025\\\/03\\\/Active_Original_Family_Shot-scaled.webp\",\"datePublished\":\"2025-03-14T08:37:19+00:00\",\"dateModified\":\"2025-11-13T10:16:03+00:00\",\"breadcrumb\":{\"@id\":\"https:\\\/\\\/sponsorsmill-store.fi\\\/hyps\\\/tuote\\\/smellwell-active-original-tiimituote#breadcrumb\"},\"inLanguage\":\"fi\",\"potentialAction\":[{\"@type\":\"ReadAction\",\"target\":[\"https:\\\/\\\/sponsorsmill-store.fi\\\/hyps\\\/tuote\\\/smellwell-active-original-tiimituote\"]}]},{\"@type\":\"ImageObject\",\"inLanguage\":\"fi\",\"@id\":\"https:\\\/\\\/sponsorsmill-store.fi\\\/hyps\\\/tuote\\\/smellwell-active-original-tiimituote#primaryimage\",\"url\":\"https:\\\/\\\/sponsorsmill-store.fi\\\/hyps\\\/wp-content\\\/uploads\\\/2025\\\/03\\\/Active_Original_Family_Shot-scaled.webp\",\"contentUrl\":\"https:\\\/\\\/sponsorsmill-store.fi\\\/hyps\\\/wp-content\\\/uploads\\\/2025\\\/03\\\/Active_Original_Family_Shot-scaled.webp\"},{\"@type\":\"BreadcrumbList\",\"@id\":\"https:\\\/\\\/sponsorsmill-store.fi\\\/hyps\\\/tuote\\\/smellwell-active-original-tiimituote#breadcrumb\",\"itemListElement\":[{\"@type\":\"ListItem\",\"position\":1,\"name\":\"Etusivu\",\"item\":\"https:\\\/\\\/sponsorsmill-store.fi\\\/hyps\\\/\"},{\"@type\":\"ListItem\",\"position\":2,\"name\":\"Kauppa\",\"item\":\"https:\\\/\\\/sponsorsmill-store.fi\\\/hyps\\\/kauppa\"},{\"@type\":\"ListItem\",\"position\":3,\"name\":\"SmellWell &#8211; Active Original &#8211; Tiimituote\"}]},{\"@type\":\"WebSite\",\"@id\":\"https:\\\/\\\/sponsorsmill-store.fi\\\/hyps\\\/#website\",\"url\":\"https:\\\/\\\/sponsorsmill-store.fi\\\/hyps\\\/\",\"name\":\"Hyvink\u00e4\u00e4n Palloseura\",\"description\":\"\",\"publisher\":{\"@id\":\"https:\\\/\\\/sponsorsmill-store.fi\\\/hyps\\\/#organization\"},\"potentialAction\":[{\"@type\":\"SearchAction\",\"target\":{\"@type\":\"EntryPoint\",\"urlTemplate\":\"https:\\\/\\\/sponsorsmill-store.fi\\\/hyps\\\/?s={search_term_string}\"},\"query-input\":{\"@type\":\"PropertyValueSpecification\",\"valueRequired\":true,\"valueName\":\"search_term_string\"}}],\"inLanguage\":\"fi\"},{\"@type\":\"Organization\",\"@id\":\"https:\\\/\\\/sponsorsmill-store.fi\\\/hyps\\\/#organization\",\"name\":\"Hyvink\u00e4\u00e4n Palloseura\",\"url\":\"https:\\\/\\\/sponsorsmill-store.fi\\\/hyps\\\/\",\"logo\":{\"@type\":\"ImageObject\",\"inLanguage\":\"fi\",\"@id\":\"https:\\\/\\\/sponsorsmill-store.fi\\\/hyps\\\/#\\\/schema\\\/logo\\\/image\\\/\",\"url\":\"https:\\\/\\\/sponsorsmill-store.fi\\\/hyps\\\/wp-content\\\/uploads\\\/sites\\\/17\\\/2025\\\/01\\\/HyPS-Hyvinkaan-Palloseura-logo-sininen-06-png.webp\",\"contentUrl\":\"https:\\\/\\\/sponsorsmill-store.fi\\\/hyps\\\/wp-content\\\/uploads\\\/sites\\\/17\\\/2025\\\/01\\\/HyPS-Hyvinkaan-Palloseura-logo-sininen-06-png.webp\",\"width\":457,\"height\":487,\"caption\":\"Hyvink\u00e4\u00e4n Palloseura\"},\"image\":{\"@id\":\"https:\\\/\\\/sponsorsmill-store.fi\\\/hyps\\\/#\\\/schema\\\/logo\\\/image\\\/\"}}]}<\/script>\n<!-- \/ Yoast SEO plugin. -->","yoast_head_json":{"title":"SmellWell - Active Original - Tiimituote - Hyvink\u00e4\u00e4n Palloseura","robots":{"index":"index","follow":"follow","max-snippet":"max-snippet:-1","max-image-preview":"max-image-preview:large","max-video-preview":"max-video-preview:-1"},"canonical":"https:\/\/sponsorsmill-store.fi\/hyps\/tuote\/smellwell-active-original-tiimituote","og_locale":"fi_FI","og_type":"article","og_title":"SmellWell - Active Original - Tiimituote - Hyvink\u00e4\u00e4n Palloseura","og_description":"SmellWell poistaa hajun kengist\u00e4 imem\u00e4ll\u00e4 kosteutta ja neutralisoimalla pH-tasapainon, mik\u00e4 ehk\u00e4isee pahaa hajua aiheuttavia bakteereja. Samalla pussit lis\u00e4\u00e4v\u00e4t kenkiin raikasta tuoksua. Teho saavutetaan yhdess\u00e4 tai parissa p\u00e4iv\u00e4ss\u00e4, ja pussien teho s\u00e4ilyy noin kolme kuukautta. Pusseja voi k\u00e4ytt\u00e4\u00e4 niin arki- kuin urheilukengiss\u00e4kin. Ymp\u00e4rist\u00f6yst\u00e4v\u00e4lliset pussit eiv\u00e4t sis\u00e4ll\u00e4 vaarallisia kemikaaleja. Useita v\u00e4rej\u00e4, joita ei voi erikseen valita.  Hajunpoistajapussit Kahden kappaleen pakkaus Ehk\u00e4isev\u00e4t pahanhajuisia bakteereja Lis\u00e4\u00e4v\u00e4t raikasta tuoksua Ei vaarallisia kemikaaleja Useita v\u00e4rej\u00e4, joita ei voi erikseen valita","og_url":"https:\/\/sponsorsmill-store.fi\/hyps\/tuote\/smellwell-active-original-tiimituote","og_site_name":"Hyvink\u00e4\u00e4n Palloseura","article_modified_time":"2025-11-13T10:16:03+00:00","twitter_card":"summary_large_image","schema":{"@context":"https:\/\/schema.org","@graph":[{"@type":"WebPage","@id":"https:\/\/sponsorsmill-store.fi\/hyps\/tuote\/smellwell-active-original-tiimituote","url":"https:\/\/sponsorsmill-store.fi\/hyps\/tuote\/smellwell-active-original-tiimituote","name":"SmellWell - Active Original - Tiimituote - Hyvink\u00e4\u00e4n Palloseura","isPartOf":{"@id":"https:\/\/sponsorsmill-store.fi\/hyps\/#website"},"primaryImageOfPage":{"@id":"https:\/\/sponsorsmill-store.fi\/hyps\/tuote\/smellwell-active-original-tiimituote#primaryimage"},"image":{"@id":"https:\/\/sponsorsmill-store.fi\/hyps\/tuote\/smellwell-active-original-tiimituote#primaryimage"},"thumbnailUrl":"https:\/\/sponsorsmill-store.fi\/hyps\/wp-content\/uploads\/2025\/03\/Active_Original_Family_Shot-scaled.webp","datePublished":"2025-03-14T08:37:19+00:00","dateModified":"2025-11-13T10:16:03+00:00","breadcrumb":{"@id":"https:\/\/sponsorsmill-store.fi\/hyps\/tuote\/smellwell-active-original-tiimituote#breadcrumb"},"inLanguage":"fi","potentialAction":[{"@type":"ReadAction","target":["https:\/\/sponsorsmill-store.fi\/hyps\/tuote\/smellwell-active-original-tiimituote"]}]},{"@type":"ImageObject","inLanguage":"fi","@id":"https:\/\/sponsorsmill-store.fi\/hyps\/tuote\/smellwell-active-original-tiimituote#primaryimage","url":"https:\/\/sponsorsmill-store.fi\/hyps\/wp-content\/uploads\/2025\/03\/Active_Original_Family_Shot-scaled.webp","contentUrl":"https:\/\/sponsorsmill-store.fi\/hyps\/wp-content\/uploads\/2025\/03\/Active_Original_Family_Shot-scaled.webp"},{"@type":"BreadcrumbList","@id":"https:\/\/sponsorsmill-store.fi\/hyps\/tuote\/smellwell-active-original-tiimituote#breadcrumb","itemListElement":[{"@type":"ListItem","position":1,"name":"Etusivu","item":"https:\/\/sponsorsmill-store.fi\/hyps\/"},{"@type":"ListItem","position":2,"name":"Kauppa","item":"https:\/\/sponsorsmill-store.fi\/hyps\/kauppa"},{"@type":"ListItem","position":3,"name":"SmellWell &#8211; Active Original &#8211; Tiimituote"}]},{"@type":"WebSite","@id":"https:\/\/sponsorsmill-store.fi\/hyps\/#website","url":"https:\/\/sponsorsmill-store.fi\/hyps\/","name":"Hyvink\u00e4\u00e4n Palloseura","description":"","publisher":{"@id":"https:\/\/sponsorsmill-store.fi\/hyps\/#organization"},"potentialAction":[{"@type":"SearchAction","target":{"@type":"EntryPoint","urlTemplate":"https:\/\/sponsorsmill-store.fi\/hyps\/?s={search_term_string}"},"query-input":{"@type":"PropertyValueSpecification","valueRequired":true,"valueName":"search_term_string"}}],"inLanguage":"fi"},{"@type":"Organization","@id":"https:\/\/sponsorsmill-store.fi\/hyps\/#organization","name":"Hyvink\u00e4\u00e4n Palloseura","url":"https:\/\/sponsorsmill-store.fi\/hyps\/","logo":{"@type":"ImageObject","inLanguage":"fi","@id":"https:\/\/sponsorsmill-store.fi\/hyps\/#\/schema\/logo\/image\/","url":"https:\/\/sponsorsmill-store.fi\/hyps\/wp-content\/uploads\/sites\/17\/2025\/01\/HyPS-Hyvinkaan-Palloseura-logo-sininen-06-png.webp","contentUrl":"https:\/\/sponsorsmill-store.fi\/hyps\/wp-content\/uploads\/sites\/17\/2025\/01\/HyPS-Hyvinkaan-Palloseura-logo-sininen-06-png.webp","width":457,"height":487,"caption":"Hyvink\u00e4\u00e4n Palloseura"},"image":{"@id":"https:\/\/sponsorsmill-store.fi\/hyps\/#\/schema\/logo\/image\/"}}]}},"_links":{"self":[{"href":"https:\/\/sponsorsmill-store.fi\/hyps\/wp-json\/wp\/v2\/product\/3421","targetHints":{"allow":["GET"]}}],"collection":[{"href":"https:\/\/sponsorsmill-store.fi\/hyps\/wp-json\/wp\/v2\/product"}],"about":[{"href":"https:\/\/sponsorsmill-store.fi\/hyps\/wp-json\/wp\/v2\/types\/product"}],"wp:featuredmedia":[{"embeddable":true,"href":"https:\/\/sponsorsmill-store.fi\/hyps\/wp-json\/"}],"wp:attachment":[{"href":"https:\/\/sponsorsmill-store.fi\/hyps\/wp-json\/wp\/v2\/media?parent=3421"}],"wp:term":[{"taxonomy":"product_brand","embeddable":true,"href":"https:\/\/sponsorsmill-store.fi\/hyps\/wp-json\/wp\/v2\/product_brand?post=3421"},{"taxonomy":"product_cat","embeddable":true,"href":"https:\/\/sponsorsmill-store.fi\/hyps\/wp-json\/wp\/v2\/product_cat?post=3421"},{"taxonomy":"product_tag","embeddable":true,"href":"https:\/\/sponsorsmill-store.fi\/hyps\/wp-json\/wp\/v2\/product_tag?post=3421"}],"curies":[{"name":"wp","href":"https:\/\/api.w.org\/{rel}","templated":true}]}}