{"id":3460,"date":"2025-03-11T20:47:54","date_gmt":"2025-03-11T18:47:54","guid":{"rendered":"https:\/\/sponsorsmill-store.fi\/hyps\/tuote\/hart-sport-energy-urheilujuomajauhe-sitruuna-annospussi-432-g"},"modified":"2025-10-14T17:56:28","modified_gmt":"2025-10-14T14:56:28","slug":"hart-sport-energy-urheilujuomajauhe-sitruuna-annospussi-432-g","status":"publish","type":"product","link":"https:\/\/sponsorsmill-store.fi\/hyps\/tuote\/hart-sport-energy-urheilujuomajauhe-sitruuna-annospussi-432-g","title":{"rendered":"Hart-Sport Energy Urheilujuomajauhe Sitruuna annospussi 432 g"},"content":{"rendered":"","protected":false},"excerpt":{"rendered":"<p>HartSport &#8211; Suomen legendaarisin urheilujuoma<\/p>\n<p>HartSport on br\u00e4ndi, joka mullisti urheiluravitsemuksen Suomessa 1980-luvulla. Seisomme ylpe\u00e4n\u00e4 ensimm\u00e4isen\u00e4 ja ikonisimpana br\u00e4ndin\u00e4 Suomen urheiluravinnemarkkinoilla.<\/p>\n<p>HartSport Urheilujuomajauhe on legendaarisen tuotemerkkimme kulmakivi. T\u00e4m\u00e4 uraauurtavien suomalaisten urheilul\u00e4\u00e4k\u00e4reiden kehitt\u00e4m\u00e4 tuote on suunniteltu tarjoamaan elimist\u00f6lle v\u00e4ltt\u00e4m\u00e4t\u00f6nt\u00e4 energiaa ja elektrolyyttej\u00e4, joita kehosi tarvitsee loistaakseen pitk\u00e4kestoisen urheilusuorituksen aikana.<\/p>\n<p>Kest\u00e4v\u00e4\u00e4 energiaa: Tankkaa kehoasi tarkalla hiilihydraattisekoituksella, joka t\u00e4ydent\u00e4\u00e4 glykogeenivarastoja ja pit\u00e4\u00e4 sinut energisen\u00e4 ja pys\u00e4ytt\u00e4m\u00e4tt\u00f6m\u00e4n\u00e4 kovimmissa treeneiss\u00e4 ja kilpailuissa.<\/p>\n<p>Elektrolyyttitasapaino: S\u00e4ilyt\u00e4 optimaalinen nesteytystaso t\u00e4ydellisen elektrolyyttitasapainon avulla. HartSport Energy Powder varmistaa, ett\u00e4 pysyt nesteytettyn\u00e4 ja valmiina huippusuoritukseen harjoittelun intensiteetist\u00e4 riippumatta.<\/p>\n<p>L\u00e4\u00e4k\u00e4rien kehitt\u00e4m\u00e4: Luota suomalaisten urheilul\u00e4\u00e4k\u00e4reiden asiantuntemukseen, jotka ovat huolella kehitt\u00e4neet HartSport urheilujuomajauheen t\u00e4ytt\u00e4m\u00e4\u00e4n niin huippu-urheilijoiden kuin kuntoilijoidenkin tiukat vaatimukset.<\/p>\n","protected":false},"featured_media":10000005273,"template":"","meta":[],"product_brand":[],"product_cat":[29],"product_tag":[],"class_list":{"0":"post-3460","1":"product","2":"type-product","3":"status-publish","4":"has-post-thumbnail","6":"product_cat-hart-sport","8":"first","9":"instock","10":"featured","11":"taxable","12":"shipping-taxable","13":"purchasable","14":"product-type-simple"},"yoast_head":"<!-- This site is optimized with the Yoast SEO plugin v27.4 - https:\/\/yoast.com\/product\/yoast-seo-wordpress\/ -->\n<title>Hart-Sport Energy Urheilujuomajauhe Sitruuna annospussi 432 g - Hyvink\u00e4\u00e4n Palloseura<\/title>\n<meta name=\"robots\" content=\"index, follow, max-snippet:-1, max-image-preview:large, max-video-preview:-1\" \/>\n<link rel=\"canonical\" href=\"https:\/\/sponsorsmill-store.fi\/hyps\/tuote\/hart-sport-energy-urheilujuomajauhe-sitruuna-annospussi-432-g\" \/>\n<meta property=\"og:locale\" content=\"fi_FI\" \/>\n<meta property=\"og:type\" content=\"article\" \/>\n<meta property=\"og:title\" content=\"Hart-Sport Energy Urheilujuomajauhe Sitruuna annospussi 432 g - Hyvink\u00e4\u00e4n Palloseura\" \/>\n<meta property=\"og:description\" content=\"HartSport - Suomen legendaarisin urheilujuoma  HartSport on br\u00e4ndi, joka mullisti urheiluravitsemuksen Suomessa 1980-luvulla. Seisomme ylpe\u00e4n\u00e4 ensimm\u00e4isen\u00e4 ja ikonisimpana br\u00e4ndin\u00e4 Suomen urheiluravinnemarkkinoilla. HartSport Urheilujuomajauhe on legendaarisen tuotemerkkimme kulmakivi. T\u00e4m\u00e4 uraauurtavien suomalaisten urheilul\u00e4\u00e4k\u00e4reiden kehitt\u00e4m\u00e4 tuote on suunniteltu tarjoamaan elimist\u00f6lle v\u00e4ltt\u00e4m\u00e4t\u00f6nt\u00e4 energiaa ja elektrolyyttej\u00e4, joita kehosi tarvitsee loistaakseen pitk\u00e4kestoisen urheilusuorituksen aikana. Kest\u00e4v\u00e4\u00e4 energiaa: Tankkaa kehoasi tarkalla hiilihydraattisekoituksella, joka t\u00e4ydent\u00e4\u00e4 glykogeenivarastoja ja pit\u00e4\u00e4 sinut energisen\u00e4 ja pys\u00e4ytt\u00e4m\u00e4tt\u00f6m\u00e4n\u00e4 kovimmissa treeneiss\u00e4 ja kilpailuissa. Elektrolyyttitasapaino: S\u00e4ilyt\u00e4 optimaalinen nesteytystaso t\u00e4ydellisen elektrolyyttitasapainon avulla. HartSport Energy Powder varmistaa, ett\u00e4 pysyt nesteytettyn\u00e4 ja valmiina huippusuoritukseen harjoittelun intensiteetist\u00e4 riippumatta. L\u00e4\u00e4k\u00e4rien kehitt\u00e4m\u00e4: Luota suomalaisten urheilul\u00e4\u00e4k\u00e4reiden asiantuntemukseen, jotka ovat huolella kehitt\u00e4neet HartSport urheilujuomajauheen t\u00e4ytt\u00e4m\u00e4\u00e4n niin huippu-urheilijoiden kuin kuntoilijoidenkin tiukat vaatimukset.\" \/>\n<meta property=\"og:url\" content=\"https:\/\/sponsorsmill-store.fi\/hyps\/tuote\/hart-sport-energy-urheilujuomajauhe-sitruuna-annospussi-432-g\" \/>\n<meta property=\"og:site_name\" content=\"Hyvink\u00e4\u00e4n Palloseura\" \/>\n<meta property=\"article:modified_time\" content=\"2025-10-14T14:56:28+00:00\" \/>\n<meta name=\"twitter:card\" content=\"summary_large_image\" \/>\n<script type=\"application\/ld+json\" class=\"yoast-schema-graph\">{\"@context\":\"https:\\\/\\\/schema.org\",\"@graph\":[{\"@type\":\"WebPage\",\"@id\":\"https:\\\/\\\/sponsorsmill-store.fi\\\/hyps\\\/tuote\\\/hart-sport-energy-urheilujuomajauhe-sitruuna-annospussi-432-g\",\"url\":\"https:\\\/\\\/sponsorsmill-store.fi\\\/hyps\\\/tuote\\\/hart-sport-energy-urheilujuomajauhe-sitruuna-annospussi-432-g\",\"name\":\"Hart-Sport Energy Urheilujuomajauhe Sitruuna annospussi 432 g - Hyvink\u00e4\u00e4n Palloseura\",\"isPartOf\":{\"@id\":\"https:\\\/\\\/sponsorsmill-store.fi\\\/hyps\\\/#website\"},\"primaryImageOfPage\":{\"@id\":\"https:\\\/\\\/sponsorsmill-store.fi\\\/hyps\\\/tuote\\\/hart-sport-energy-urheilujuomajauhe-sitruuna-annospussi-432-g#primaryimage\"},\"image\":{\"@id\":\"https:\\\/\\\/sponsorsmill-store.fi\\\/hyps\\\/tuote\\\/hart-sport-energy-urheilujuomajauhe-sitruuna-annospussi-432-g#primaryimage\"},\"thumbnailUrl\":\"https:\\\/\\\/sponsorsmill-store.fi\\\/hyps\\\/wp-content\\\/uploads\\\/2025\\\/03\\\/HartSport-powder-432g-pouch-mockup.webp\",\"datePublished\":\"2025-03-11T18:47:54+00:00\",\"dateModified\":\"2025-10-14T14:56:28+00:00\",\"breadcrumb\":{\"@id\":\"https:\\\/\\\/sponsorsmill-store.fi\\\/hyps\\\/tuote\\\/hart-sport-energy-urheilujuomajauhe-sitruuna-annospussi-432-g#breadcrumb\"},\"inLanguage\":\"fi\",\"potentialAction\":[{\"@type\":\"ReadAction\",\"target\":[\"https:\\\/\\\/sponsorsmill-store.fi\\\/hyps\\\/tuote\\\/hart-sport-energy-urheilujuomajauhe-sitruuna-annospussi-432-g\"]}]},{\"@type\":\"ImageObject\",\"inLanguage\":\"fi\",\"@id\":\"https:\\\/\\\/sponsorsmill-store.fi\\\/hyps\\\/tuote\\\/hart-sport-energy-urheilujuomajauhe-sitruuna-annospussi-432-g#primaryimage\",\"url\":\"https:\\\/\\\/sponsorsmill-store.fi\\\/hyps\\\/wp-content\\\/uploads\\\/2025\\\/03\\\/HartSport-powder-432g-pouch-mockup.webp\",\"contentUrl\":\"https:\\\/\\\/sponsorsmill-store.fi\\\/hyps\\\/wp-content\\\/uploads\\\/2025\\\/03\\\/HartSport-powder-432g-pouch-mockup.webp\"},{\"@type\":\"BreadcrumbList\",\"@id\":\"https:\\\/\\\/sponsorsmill-store.fi\\\/hyps\\\/tuote\\\/hart-sport-energy-urheilujuomajauhe-sitruuna-annospussi-432-g#breadcrumb\",\"itemListElement\":[{\"@type\":\"ListItem\",\"position\":1,\"name\":\"Etusivu\",\"item\":\"https:\\\/\\\/sponsorsmill-store.fi\\\/hyps\\\/\"},{\"@type\":\"ListItem\",\"position\":2,\"name\":\"Kauppa\",\"item\":\"https:\\\/\\\/sponsorsmill-store.fi\\\/hyps\\\/kauppa\"},{\"@type\":\"ListItem\",\"position\":3,\"name\":\"Hart-Sport Energy Urheilujuomajauhe Sitruuna annospussi 432 g\"}]},{\"@type\":\"WebSite\",\"@id\":\"https:\\\/\\\/sponsorsmill-store.fi\\\/hyps\\\/#website\",\"url\":\"https:\\\/\\\/sponsorsmill-store.fi\\\/hyps\\\/\",\"name\":\"Hyvink\u00e4\u00e4n Palloseura\",\"description\":\"\",\"publisher\":{\"@id\":\"https:\\\/\\\/sponsorsmill-store.fi\\\/hyps\\\/#organization\"},\"potentialAction\":[{\"@type\":\"SearchAction\",\"target\":{\"@type\":\"EntryPoint\",\"urlTemplate\":\"https:\\\/\\\/sponsorsmill-store.fi\\\/hyps\\\/?s={search_term_string}\"},\"query-input\":{\"@type\":\"PropertyValueSpecification\",\"valueRequired\":true,\"valueName\":\"search_term_string\"}}],\"inLanguage\":\"fi\"},{\"@type\":\"Organization\",\"@id\":\"https:\\\/\\\/sponsorsmill-store.fi\\\/hyps\\\/#organization\",\"name\":\"Hyvink\u00e4\u00e4n Palloseura\",\"url\":\"https:\\\/\\\/sponsorsmill-store.fi\\\/hyps\\\/\",\"logo\":{\"@type\":\"ImageObject\",\"inLanguage\":\"fi\",\"@id\":\"https:\\\/\\\/sponsorsmill-store.fi\\\/hyps\\\/#\\\/schema\\\/logo\\\/image\\\/\",\"url\":\"https:\\\/\\\/sponsorsmill-store.fi\\\/hyps\\\/wp-content\\\/uploads\\\/sites\\\/17\\\/2025\\\/01\\\/HyPS-Hyvinkaan-Palloseura-logo-sininen-06-png.webp\",\"contentUrl\":\"https:\\\/\\\/sponsorsmill-store.fi\\\/hyps\\\/wp-content\\\/uploads\\\/sites\\\/17\\\/2025\\\/01\\\/HyPS-Hyvinkaan-Palloseura-logo-sininen-06-png.webp\",\"width\":457,\"height\":487,\"caption\":\"Hyvink\u00e4\u00e4n Palloseura\"},\"image\":{\"@id\":\"https:\\\/\\\/sponsorsmill-store.fi\\\/hyps\\\/#\\\/schema\\\/logo\\\/image\\\/\"}}]}<\/script>\n<!-- \/ Yoast SEO plugin. -->","yoast_head_json":{"title":"Hart-Sport Energy Urheilujuomajauhe Sitruuna annospussi 432 g - Hyvink\u00e4\u00e4n Palloseura","robots":{"index":"index","follow":"follow","max-snippet":"max-snippet:-1","max-image-preview":"max-image-preview:large","max-video-preview":"max-video-preview:-1"},"canonical":"https:\/\/sponsorsmill-store.fi\/hyps\/tuote\/hart-sport-energy-urheilujuomajauhe-sitruuna-annospussi-432-g","og_locale":"fi_FI","og_type":"article","og_title":"Hart-Sport Energy Urheilujuomajauhe Sitruuna annospussi 432 g - Hyvink\u00e4\u00e4n Palloseura","og_description":"HartSport - Suomen legendaarisin urheilujuoma  HartSport on br\u00e4ndi, joka mullisti urheiluravitsemuksen Suomessa 1980-luvulla. Seisomme ylpe\u00e4n\u00e4 ensimm\u00e4isen\u00e4 ja ikonisimpana br\u00e4ndin\u00e4 Suomen urheiluravinnemarkkinoilla. HartSport Urheilujuomajauhe on legendaarisen tuotemerkkimme kulmakivi. T\u00e4m\u00e4 uraauurtavien suomalaisten urheilul\u00e4\u00e4k\u00e4reiden kehitt\u00e4m\u00e4 tuote on suunniteltu tarjoamaan elimist\u00f6lle v\u00e4ltt\u00e4m\u00e4t\u00f6nt\u00e4 energiaa ja elektrolyyttej\u00e4, joita kehosi tarvitsee loistaakseen pitk\u00e4kestoisen urheilusuorituksen aikana. Kest\u00e4v\u00e4\u00e4 energiaa: Tankkaa kehoasi tarkalla hiilihydraattisekoituksella, joka t\u00e4ydent\u00e4\u00e4 glykogeenivarastoja ja pit\u00e4\u00e4 sinut energisen\u00e4 ja pys\u00e4ytt\u00e4m\u00e4tt\u00f6m\u00e4n\u00e4 kovimmissa treeneiss\u00e4 ja kilpailuissa. Elektrolyyttitasapaino: S\u00e4ilyt\u00e4 optimaalinen nesteytystaso t\u00e4ydellisen elektrolyyttitasapainon avulla. HartSport Energy Powder varmistaa, ett\u00e4 pysyt nesteytettyn\u00e4 ja valmiina huippusuoritukseen harjoittelun intensiteetist\u00e4 riippumatta. L\u00e4\u00e4k\u00e4rien kehitt\u00e4m\u00e4: Luota suomalaisten urheilul\u00e4\u00e4k\u00e4reiden asiantuntemukseen, jotka ovat huolella kehitt\u00e4neet HartSport urheilujuomajauheen t\u00e4ytt\u00e4m\u00e4\u00e4n niin huippu-urheilijoiden kuin kuntoilijoidenkin tiukat vaatimukset.","og_url":"https:\/\/sponsorsmill-store.fi\/hyps\/tuote\/hart-sport-energy-urheilujuomajauhe-sitruuna-annospussi-432-g","og_site_name":"Hyvink\u00e4\u00e4n Palloseura","article_modified_time":"2025-10-14T14:56:28+00:00","twitter_card":"summary_large_image","schema":{"@context":"https:\/\/schema.org","@graph":[{"@type":"WebPage","@id":"https:\/\/sponsorsmill-store.fi\/hyps\/tuote\/hart-sport-energy-urheilujuomajauhe-sitruuna-annospussi-432-g","url":"https:\/\/sponsorsmill-store.fi\/hyps\/tuote\/hart-sport-energy-urheilujuomajauhe-sitruuna-annospussi-432-g","name":"Hart-Sport Energy Urheilujuomajauhe Sitruuna annospussi 432 g - Hyvink\u00e4\u00e4n Palloseura","isPartOf":{"@id":"https:\/\/sponsorsmill-store.fi\/hyps\/#website"},"primaryImageOfPage":{"@id":"https:\/\/sponsorsmill-store.fi\/hyps\/tuote\/hart-sport-energy-urheilujuomajauhe-sitruuna-annospussi-432-g#primaryimage"},"image":{"@id":"https:\/\/sponsorsmill-store.fi\/hyps\/tuote\/hart-sport-energy-urheilujuomajauhe-sitruuna-annospussi-432-g#primaryimage"},"thumbnailUrl":"https:\/\/sponsorsmill-store.fi\/hyps\/wp-content\/uploads\/2025\/03\/HartSport-powder-432g-pouch-mockup.webp","datePublished":"2025-03-11T18:47:54+00:00","dateModified":"2025-10-14T14:56:28+00:00","breadcrumb":{"@id":"https:\/\/sponsorsmill-store.fi\/hyps\/tuote\/hart-sport-energy-urheilujuomajauhe-sitruuna-annospussi-432-g#breadcrumb"},"inLanguage":"fi","potentialAction":[{"@type":"ReadAction","target":["https:\/\/sponsorsmill-store.fi\/hyps\/tuote\/hart-sport-energy-urheilujuomajauhe-sitruuna-annospussi-432-g"]}]},{"@type":"ImageObject","inLanguage":"fi","@id":"https:\/\/sponsorsmill-store.fi\/hyps\/tuote\/hart-sport-energy-urheilujuomajauhe-sitruuna-annospussi-432-g#primaryimage","url":"https:\/\/sponsorsmill-store.fi\/hyps\/wp-content\/uploads\/2025\/03\/HartSport-powder-432g-pouch-mockup.webp","contentUrl":"https:\/\/sponsorsmill-store.fi\/hyps\/wp-content\/uploads\/2025\/03\/HartSport-powder-432g-pouch-mockup.webp"},{"@type":"BreadcrumbList","@id":"https:\/\/sponsorsmill-store.fi\/hyps\/tuote\/hart-sport-energy-urheilujuomajauhe-sitruuna-annospussi-432-g#breadcrumb","itemListElement":[{"@type":"ListItem","position":1,"name":"Etusivu","item":"https:\/\/sponsorsmill-store.fi\/hyps\/"},{"@type":"ListItem","position":2,"name":"Kauppa","item":"https:\/\/sponsorsmill-store.fi\/hyps\/kauppa"},{"@type":"ListItem","position":3,"name":"Hart-Sport Energy Urheilujuomajauhe Sitruuna annospussi 432 g"}]},{"@type":"WebSite","@id":"https:\/\/sponsorsmill-store.fi\/hyps\/#website","url":"https:\/\/sponsorsmill-store.fi\/hyps\/","name":"Hyvink\u00e4\u00e4n Palloseura","description":"","publisher":{"@id":"https:\/\/sponsorsmill-store.fi\/hyps\/#organization"},"potentialAction":[{"@type":"SearchAction","target":{"@type":"EntryPoint","urlTemplate":"https:\/\/sponsorsmill-store.fi\/hyps\/?s={search_term_string}"},"query-input":{"@type":"PropertyValueSpecification","valueRequired":true,"valueName":"search_term_string"}}],"inLanguage":"fi"},{"@type":"Organization","@id":"https:\/\/sponsorsmill-store.fi\/hyps\/#organization","name":"Hyvink\u00e4\u00e4n Palloseura","url":"https:\/\/sponsorsmill-store.fi\/hyps\/","logo":{"@type":"ImageObject","inLanguage":"fi","@id":"https:\/\/sponsorsmill-store.fi\/hyps\/#\/schema\/logo\/image\/","url":"https:\/\/sponsorsmill-store.fi\/hyps\/wp-content\/uploads\/sites\/17\/2025\/01\/HyPS-Hyvinkaan-Palloseura-logo-sininen-06-png.webp","contentUrl":"https:\/\/sponsorsmill-store.fi\/hyps\/wp-content\/uploads\/sites\/17\/2025\/01\/HyPS-Hyvinkaan-Palloseura-logo-sininen-06-png.webp","width":457,"height":487,"caption":"Hyvink\u00e4\u00e4n Palloseura"},"image":{"@id":"https:\/\/sponsorsmill-store.fi\/hyps\/#\/schema\/logo\/image\/"}}]}},"_links":{"self":[{"href":"https:\/\/sponsorsmill-store.fi\/hyps\/wp-json\/wp\/v2\/product\/3460","targetHints":{"allow":["GET"]}}],"collection":[{"href":"https:\/\/sponsorsmill-store.fi\/hyps\/wp-json\/wp\/v2\/product"}],"about":[{"href":"https:\/\/sponsorsmill-store.fi\/hyps\/wp-json\/wp\/v2\/types\/product"}],"wp:featuredmedia":[{"embeddable":true,"href":"https:\/\/sponsorsmill-store.fi\/hyps\/wp-json\/"}],"wp:attachment":[{"href":"https:\/\/sponsorsmill-store.fi\/hyps\/wp-json\/wp\/v2\/media?parent=3460"}],"wp:term":[{"taxonomy":"product_brand","embeddable":true,"href":"https:\/\/sponsorsmill-store.fi\/hyps\/wp-json\/wp\/v2\/product_brand?post=3460"},{"taxonomy":"product_cat","embeddable":true,"href":"https:\/\/sponsorsmill-store.fi\/hyps\/wp-json\/wp\/v2\/product_cat?post=3460"},{"taxonomy":"product_tag","embeddable":true,"href":"https:\/\/sponsorsmill-store.fi\/hyps\/wp-json\/wp\/v2\/product_tag?post=3460"}],"curies":[{"name":"wp","href":"https:\/\/api.w.org\/{rel}","templated":true}]}}