{"id":3880,"date":"2025-09-07T16:43:18","date_gmt":"2025-09-07T13:43:18","guid":{"rendered":"https:\/\/sponsorsmill-store.fi\/hyps\/tuote\/smellwell-freshener-bag-xl-3-pack"},"modified":"2025-11-13T12:12:31","modified_gmt":"2025-11-13T10:12:31","slug":"smellwell-freshener-bag-xl-3-pack","status":"publish","type":"product","link":"https:\/\/sponsorsmill-store.fi\/hyps\/tuote\/smellwell-freshener-bag-xl-3-pack","title":{"rendered":"SmellWell &#8211; Freshener Bag XL &#8211; 3 PACK"},"content":{"rendered":"","protected":false},"excerpt":{"rendered":"<p>Smellwell Freshener Bag on k\u00e4tev\u00e4 treenilaukku, joka imee tehokkaasti kosteutta, neutralisoi ja torjuu pahoja hajuja sek\u00e4 est\u00e4\u00e4 bakteerien kasvua. Laukkua voidaan k\u00e4ytt\u00e4\u00e4 esimerkiksi treenivaatteiden ja -kenkien s\u00e4ilytt\u00e4miseen. Smellwell Freshener Bag -laukulla on muuttumaton kosteuden- ja hajunimukyky jopa kahden vuoden ajan, mutta se s\u00e4ilytt\u00e4\u00e4 hajuja neutraloivan ominaisuutensa my\u00f6s sen j\u00e4lkeen. K\u00e4\u00e4nn\u00e4 pussi nurinp\u00e4in ja aseta se aurinkoon muutaman kerran vuodessa, jotta vaikutus palautuu.<\/p>\n<p>Imee kosteutta ja ehk\u00e4isee ei-toivottuja hajuja ja bakteereita<br \/>\nVahva vedenkest\u00e4v\u00e4 ulkokangas<br \/>\nMiedosti hajustettu<br \/>\nEi sis\u00e4ll\u00e4 haitallisia aineita<br \/>\nKehitetty, testattu ja suunniteltu Ruotsissa<\/p>\n","protected":false},"featured_media":10000004285,"template":"","meta":[],"product_brand":[],"product_cat":[61,230,177],"product_tag":[179],"class_list":{"0":"post-3880","1":"product","2":"type-product","3":"status-publish","4":"has-post-thumbnail","6":"product_cat-smellwell","7":"product_cat-smellwell-team-stores","8":"product_cat-smellwell-tiimituotteet","9":"product_tag-smellwell-freshener-bag-xl","11":"first","12":"instock","13":"featured","14":"taxable","15":"shipping-taxable","16":"purchasable","17":"product-type-simple"},"yoast_head":"<!-- This site is optimized with the Yoast SEO plugin v27.4 - https:\/\/yoast.com\/product\/yoast-seo-wordpress\/ -->\n<title>SmellWell - Freshener Bag XL - 3 PACK - Hyvink\u00e4\u00e4n Palloseura<\/title>\n<meta name=\"robots\" content=\"index, follow, max-snippet:-1, max-image-preview:large, max-video-preview:-1\" \/>\n<link rel=\"canonical\" href=\"https:\/\/sponsorsmill-store.fi\/hyps\/tuote\/smellwell-freshener-bag-xl-3-pack\" \/>\n<meta property=\"og:locale\" content=\"fi_FI\" \/>\n<meta property=\"og:type\" content=\"article\" \/>\n<meta property=\"og:title\" content=\"SmellWell - Freshener Bag XL - 3 PACK - Hyvink\u00e4\u00e4n Palloseura\" \/>\n<meta property=\"og:description\" content=\"Smellwell Freshener Bag on k\u00e4tev\u00e4 treenilaukku, joka imee tehokkaasti kosteutta, neutralisoi ja torjuu pahoja hajuja sek\u00e4 est\u00e4\u00e4 bakteerien kasvua. Laukkua voidaan k\u00e4ytt\u00e4\u00e4 esimerkiksi treenivaatteiden ja -kenkien s\u00e4ilytt\u00e4miseen. Smellwell Freshener Bag -laukulla on muuttumaton kosteuden- ja hajunimukyky jopa kahden vuoden ajan, mutta se s\u00e4ilytt\u00e4\u00e4 hajuja neutraloivan ominaisuutensa my\u00f6s sen j\u00e4lkeen. K\u00e4\u00e4nn\u00e4 pussi nurinp\u00e4in ja aseta se aurinkoon muutaman kerran vuodessa, jotta vaikutus palautuu. Imee kosteutta ja ehk\u00e4isee ei-toivottuja hajuja ja bakteereita Vahva vedenkest\u00e4v\u00e4 ulkokangas Miedosti hajustettu Ei sis\u00e4ll\u00e4 haitallisia aineita Kehitetty, testattu ja suunniteltu Ruotsissa\" \/>\n<meta property=\"og:url\" content=\"https:\/\/sponsorsmill-store.fi\/hyps\/tuote\/smellwell-freshener-bag-xl-3-pack\" \/>\n<meta property=\"og:site_name\" content=\"Hyvink\u00e4\u00e4n Palloseura\" \/>\n<meta property=\"article:modified_time\" content=\"2025-11-13T10:12:31+00:00\" \/>\n<meta name=\"twitter:card\" content=\"summary_large_image\" \/>\n<script type=\"application\/ld+json\" class=\"yoast-schema-graph\">{\"@context\":\"https:\\\/\\\/schema.org\",\"@graph\":[{\"@type\":\"WebPage\",\"@id\":\"https:\\\/\\\/sponsorsmill-store.fi\\\/hyps\\\/tuote\\\/smellwell-freshener-bag-xl-3-pack\",\"url\":\"https:\\\/\\\/sponsorsmill-store.fi\\\/hyps\\\/tuote\\\/smellwell-freshener-bag-xl-3-pack\",\"name\":\"SmellWell - Freshener Bag XL - 3 PACK - Hyvink\u00e4\u00e4n Palloseura\",\"isPartOf\":{\"@id\":\"https:\\\/\\\/sponsorsmill-store.fi\\\/hyps\\\/#website\"},\"primaryImageOfPage\":{\"@id\":\"https:\\\/\\\/sponsorsmill-store.fi\\\/hyps\\\/tuote\\\/smellwell-freshener-bag-xl-3-pack#primaryimage\"},\"image\":{\"@id\":\"https:\\\/\\\/sponsorsmill-store.fi\\\/hyps\\\/tuote\\\/smellwell-freshener-bag-xl-3-pack#primaryimage\"},\"thumbnailUrl\":\"https:\\\/\\\/sponsorsmill-store.fi\\\/hyps\\\/wp-content\\\/uploads\\\/2025\\\/02\\\/Freshener_Bag_XL_Black0001_Alpha_610x_crop_center-png-v-1627044323-2-1-png.webp\",\"datePublished\":\"2025-09-07T13:43:18+00:00\",\"dateModified\":\"2025-11-13T10:12:31+00:00\",\"breadcrumb\":{\"@id\":\"https:\\\/\\\/sponsorsmill-store.fi\\\/hyps\\\/tuote\\\/smellwell-freshener-bag-xl-3-pack#breadcrumb\"},\"inLanguage\":\"fi\",\"potentialAction\":[{\"@type\":\"ReadAction\",\"target\":[\"https:\\\/\\\/sponsorsmill-store.fi\\\/hyps\\\/tuote\\\/smellwell-freshener-bag-xl-3-pack\"]}]},{\"@type\":\"ImageObject\",\"inLanguage\":\"fi\",\"@id\":\"https:\\\/\\\/sponsorsmill-store.fi\\\/hyps\\\/tuote\\\/smellwell-freshener-bag-xl-3-pack#primaryimage\",\"url\":\"https:\\\/\\\/sponsorsmill-store.fi\\\/hyps\\\/wp-content\\\/uploads\\\/2025\\\/02\\\/Freshener_Bag_XL_Black0001_Alpha_610x_crop_center-png-v-1627044323-2-1-png.webp\",\"contentUrl\":\"https:\\\/\\\/sponsorsmill-store.fi\\\/hyps\\\/wp-content\\\/uploads\\\/2025\\\/02\\\/Freshener_Bag_XL_Black0001_Alpha_610x_crop_center-png-v-1627044323-2-1-png.webp\"},{\"@type\":\"BreadcrumbList\",\"@id\":\"https:\\\/\\\/sponsorsmill-store.fi\\\/hyps\\\/tuote\\\/smellwell-freshener-bag-xl-3-pack#breadcrumb\",\"itemListElement\":[{\"@type\":\"ListItem\",\"position\":1,\"name\":\"Etusivu\",\"item\":\"https:\\\/\\\/sponsorsmill-store.fi\\\/hyps\\\/\"},{\"@type\":\"ListItem\",\"position\":2,\"name\":\"Kauppa\",\"item\":\"https:\\\/\\\/sponsorsmill-store.fi\\\/hyps\\\/kauppa\"},{\"@type\":\"ListItem\",\"position\":3,\"name\":\"SmellWell &#8211; Freshener Bag XL &#8211; 3 PACK\"}]},{\"@type\":\"WebSite\",\"@id\":\"https:\\\/\\\/sponsorsmill-store.fi\\\/hyps\\\/#website\",\"url\":\"https:\\\/\\\/sponsorsmill-store.fi\\\/hyps\\\/\",\"name\":\"Hyvink\u00e4\u00e4n Palloseura\",\"description\":\"\",\"publisher\":{\"@id\":\"https:\\\/\\\/sponsorsmill-store.fi\\\/hyps\\\/#organization\"},\"potentialAction\":[{\"@type\":\"SearchAction\",\"target\":{\"@type\":\"EntryPoint\",\"urlTemplate\":\"https:\\\/\\\/sponsorsmill-store.fi\\\/hyps\\\/?s={search_term_string}\"},\"query-input\":{\"@type\":\"PropertyValueSpecification\",\"valueRequired\":true,\"valueName\":\"search_term_string\"}}],\"inLanguage\":\"fi\"},{\"@type\":\"Organization\",\"@id\":\"https:\\\/\\\/sponsorsmill-store.fi\\\/hyps\\\/#organization\",\"name\":\"Hyvink\u00e4\u00e4n Palloseura\",\"url\":\"https:\\\/\\\/sponsorsmill-store.fi\\\/hyps\\\/\",\"logo\":{\"@type\":\"ImageObject\",\"inLanguage\":\"fi\",\"@id\":\"https:\\\/\\\/sponsorsmill-store.fi\\\/hyps\\\/#\\\/schema\\\/logo\\\/image\\\/\",\"url\":\"https:\\\/\\\/sponsorsmill-store.fi\\\/hyps\\\/wp-content\\\/uploads\\\/sites\\\/17\\\/2025\\\/01\\\/HyPS-Hyvinkaan-Palloseura-logo-sininen-06-png.webp\",\"contentUrl\":\"https:\\\/\\\/sponsorsmill-store.fi\\\/hyps\\\/wp-content\\\/uploads\\\/sites\\\/17\\\/2025\\\/01\\\/HyPS-Hyvinkaan-Palloseura-logo-sininen-06-png.webp\",\"width\":457,\"height\":487,\"caption\":\"Hyvink\u00e4\u00e4n Palloseura\"},\"image\":{\"@id\":\"https:\\\/\\\/sponsorsmill-store.fi\\\/hyps\\\/#\\\/schema\\\/logo\\\/image\\\/\"}}]}<\/script>\n<!-- \/ Yoast SEO plugin. -->","yoast_head_json":{"title":"SmellWell - Freshener Bag XL - 3 PACK - Hyvink\u00e4\u00e4n Palloseura","robots":{"index":"index","follow":"follow","max-snippet":"max-snippet:-1","max-image-preview":"max-image-preview:large","max-video-preview":"max-video-preview:-1"},"canonical":"https:\/\/sponsorsmill-store.fi\/hyps\/tuote\/smellwell-freshener-bag-xl-3-pack","og_locale":"fi_FI","og_type":"article","og_title":"SmellWell - Freshener Bag XL - 3 PACK - Hyvink\u00e4\u00e4n Palloseura","og_description":"Smellwell Freshener Bag on k\u00e4tev\u00e4 treenilaukku, joka imee tehokkaasti kosteutta, neutralisoi ja torjuu pahoja hajuja sek\u00e4 est\u00e4\u00e4 bakteerien kasvua. Laukkua voidaan k\u00e4ytt\u00e4\u00e4 esimerkiksi treenivaatteiden ja -kenkien s\u00e4ilytt\u00e4miseen. Smellwell Freshener Bag -laukulla on muuttumaton kosteuden- ja hajunimukyky jopa kahden vuoden ajan, mutta se s\u00e4ilytt\u00e4\u00e4 hajuja neutraloivan ominaisuutensa my\u00f6s sen j\u00e4lkeen. K\u00e4\u00e4nn\u00e4 pussi nurinp\u00e4in ja aseta se aurinkoon muutaman kerran vuodessa, jotta vaikutus palautuu. Imee kosteutta ja ehk\u00e4isee ei-toivottuja hajuja ja bakteereita Vahva vedenkest\u00e4v\u00e4 ulkokangas Miedosti hajustettu Ei sis\u00e4ll\u00e4 haitallisia aineita Kehitetty, testattu ja suunniteltu Ruotsissa","og_url":"https:\/\/sponsorsmill-store.fi\/hyps\/tuote\/smellwell-freshener-bag-xl-3-pack","og_site_name":"Hyvink\u00e4\u00e4n Palloseura","article_modified_time":"2025-11-13T10:12:31+00:00","twitter_card":"summary_large_image","schema":{"@context":"https:\/\/schema.org","@graph":[{"@type":"WebPage","@id":"https:\/\/sponsorsmill-store.fi\/hyps\/tuote\/smellwell-freshener-bag-xl-3-pack","url":"https:\/\/sponsorsmill-store.fi\/hyps\/tuote\/smellwell-freshener-bag-xl-3-pack","name":"SmellWell - Freshener Bag XL - 3 PACK - Hyvink\u00e4\u00e4n Palloseura","isPartOf":{"@id":"https:\/\/sponsorsmill-store.fi\/hyps\/#website"},"primaryImageOfPage":{"@id":"https:\/\/sponsorsmill-store.fi\/hyps\/tuote\/smellwell-freshener-bag-xl-3-pack#primaryimage"},"image":{"@id":"https:\/\/sponsorsmill-store.fi\/hyps\/tuote\/smellwell-freshener-bag-xl-3-pack#primaryimage"},"thumbnailUrl":"https:\/\/sponsorsmill-store.fi\/hyps\/wp-content\/uploads\/2025\/02\/Freshener_Bag_XL_Black0001_Alpha_610x_crop_center-png-v-1627044323-2-1-png.webp","datePublished":"2025-09-07T13:43:18+00:00","dateModified":"2025-11-13T10:12:31+00:00","breadcrumb":{"@id":"https:\/\/sponsorsmill-store.fi\/hyps\/tuote\/smellwell-freshener-bag-xl-3-pack#breadcrumb"},"inLanguage":"fi","potentialAction":[{"@type":"ReadAction","target":["https:\/\/sponsorsmill-store.fi\/hyps\/tuote\/smellwell-freshener-bag-xl-3-pack"]}]},{"@type":"ImageObject","inLanguage":"fi","@id":"https:\/\/sponsorsmill-store.fi\/hyps\/tuote\/smellwell-freshener-bag-xl-3-pack#primaryimage","url":"https:\/\/sponsorsmill-store.fi\/hyps\/wp-content\/uploads\/2025\/02\/Freshener_Bag_XL_Black0001_Alpha_610x_crop_center-png-v-1627044323-2-1-png.webp","contentUrl":"https:\/\/sponsorsmill-store.fi\/hyps\/wp-content\/uploads\/2025\/02\/Freshener_Bag_XL_Black0001_Alpha_610x_crop_center-png-v-1627044323-2-1-png.webp"},{"@type":"BreadcrumbList","@id":"https:\/\/sponsorsmill-store.fi\/hyps\/tuote\/smellwell-freshener-bag-xl-3-pack#breadcrumb","itemListElement":[{"@type":"ListItem","position":1,"name":"Etusivu","item":"https:\/\/sponsorsmill-store.fi\/hyps\/"},{"@type":"ListItem","position":2,"name":"Kauppa","item":"https:\/\/sponsorsmill-store.fi\/hyps\/kauppa"},{"@type":"ListItem","position":3,"name":"SmellWell &#8211; Freshener Bag XL &#8211; 3 PACK"}]},{"@type":"WebSite","@id":"https:\/\/sponsorsmill-store.fi\/hyps\/#website","url":"https:\/\/sponsorsmill-store.fi\/hyps\/","name":"Hyvink\u00e4\u00e4n Palloseura","description":"","publisher":{"@id":"https:\/\/sponsorsmill-store.fi\/hyps\/#organization"},"potentialAction":[{"@type":"SearchAction","target":{"@type":"EntryPoint","urlTemplate":"https:\/\/sponsorsmill-store.fi\/hyps\/?s={search_term_string}"},"query-input":{"@type":"PropertyValueSpecification","valueRequired":true,"valueName":"search_term_string"}}],"inLanguage":"fi"},{"@type":"Organization","@id":"https:\/\/sponsorsmill-store.fi\/hyps\/#organization","name":"Hyvink\u00e4\u00e4n Palloseura","url":"https:\/\/sponsorsmill-store.fi\/hyps\/","logo":{"@type":"ImageObject","inLanguage":"fi","@id":"https:\/\/sponsorsmill-store.fi\/hyps\/#\/schema\/logo\/image\/","url":"https:\/\/sponsorsmill-store.fi\/hyps\/wp-content\/uploads\/sites\/17\/2025\/01\/HyPS-Hyvinkaan-Palloseura-logo-sininen-06-png.webp","contentUrl":"https:\/\/sponsorsmill-store.fi\/hyps\/wp-content\/uploads\/sites\/17\/2025\/01\/HyPS-Hyvinkaan-Palloseura-logo-sininen-06-png.webp","width":457,"height":487,"caption":"Hyvink\u00e4\u00e4n Palloseura"},"image":{"@id":"https:\/\/sponsorsmill-store.fi\/hyps\/#\/schema\/logo\/image\/"}}]}},"_links":{"self":[{"href":"https:\/\/sponsorsmill-store.fi\/hyps\/wp-json\/wp\/v2\/product\/3880","targetHints":{"allow":["GET"]}}],"collection":[{"href":"https:\/\/sponsorsmill-store.fi\/hyps\/wp-json\/wp\/v2\/product"}],"about":[{"href":"https:\/\/sponsorsmill-store.fi\/hyps\/wp-json\/wp\/v2\/types\/product"}],"wp:featuredmedia":[{"embeddable":true,"href":"https:\/\/sponsorsmill-store.fi\/hyps\/wp-json\/"}],"wp:attachment":[{"href":"https:\/\/sponsorsmill-store.fi\/hyps\/wp-json\/wp\/v2\/media?parent=3880"}],"wp:term":[{"taxonomy":"product_brand","embeddable":true,"href":"https:\/\/sponsorsmill-store.fi\/hyps\/wp-json\/wp\/v2\/product_brand?post=3880"},{"taxonomy":"product_cat","embeddable":true,"href":"https:\/\/sponsorsmill-store.fi\/hyps\/wp-json\/wp\/v2\/product_cat?post=3880"},{"taxonomy":"product_tag","embeddable":true,"href":"https:\/\/sponsorsmill-store.fi\/hyps\/wp-json\/wp\/v2\/product_tag?post=3880"}],"curies":[{"name":"wp","href":"https:\/\/api.w.org\/{rel}","templated":true}]}}