{"id":3960,"date":"2025-09-11T13:30:48","date_gmt":"2025-09-11T10:30:48","guid":{"rendered":"https:\/\/sponsorsmill-store.fi\/hyps\/tuote\/smellwell-active-xl-tiimituote"},"modified":"2025-11-13T12:11:49","modified_gmt":"2025-11-13T10:11:49","slug":"smellwell-active-xl-tiimituote","status":"publish","type":"product","link":"https:\/\/sponsorsmill-store.fi\/hyps\/tuote\/smellwell-active-xl-tiimituote","title":{"rendered":"SmellWell &#8211; Active XL &#8211; Tiimituote"},"content":{"rendered":"","protected":false},"excerpt":{"rendered":"<p>SmellWell Active XL ovat hajupusseja, jotka pit\u00e4v\u00e4t kenk\u00e4si, vaatteesi, laukkusi ja urheiluvarusteesi raikkaina pidemp\u00e4\u00e4n. N\u00e4m\u00e4 hajupussit ovat askel edell\u00e4 ja kehittyneempi versio SmellWell Active -tuotteesta. Ne absorboivat kosteutta ja pahaa hajua eritt\u00e4in tehokkaasti ja niiden kestoik\u00e4 on jopa 6 kuukautta p\u00e4ivitt\u00e4isess\u00e4 k\u00e4yt\u00f6ss\u00e4. On suositeltavaa laittaa SmellWell pusseja kenkiisi y\u00f6n ajaksi, jotta voit astua raikkaisiin kenkiin aamulla. Pussit sopivat my\u00f6s hyvin laitettaviksi esimerkiksi treenikassiin, nyrkkeilyhanskoihin tai monoja. Ne on testattu ymp\u00e4rist\u00f6n ja kuluttajan turvallisuuden varmistamiseksi, eiv\u00e4tk\u00e4 sis\u00e4ll\u00e4 bakteereja tappavia aineita.Kaikilla pusseilla on sama ihana tuoksu, mutta ne ovat saatavilla eri designeissa.<\/p>\n<p>Absorboi kosteutta ja pahaa hajua<br \/>\nLuonnolliset suolat ja absorboijat<br \/>\nK\u00e4yt\u00e4 kengiss\u00e4, laukuissa tai urheiluvarusteissa<br \/>\nMyyd\u00e4\u00e4n pareittain<\/p>\n","protected":false},"featured_media":10000006052,"template":"","meta":[],"product_brand":[],"product_cat":[61,230,177],"product_tag":[253],"class_list":{"0":"post-3960","1":"product","2":"type-product","3":"status-publish","4":"has-post-thumbnail","6":"product_cat-smellwell","7":"product_cat-smellwell-team-stores","8":"product_cat-smellwell-tiimituotteet","9":"product_tag-smellwell-active-xl","11":"first","12":"instock","13":"featured","14":"taxable","15":"shipping-taxable","16":"purchasable","17":"product-type-simple"},"yoast_head":"<!-- This site is optimized with the Yoast SEO plugin v27.4 - https:\/\/yoast.com\/product\/yoast-seo-wordpress\/ -->\n<title>SmellWell - Active XL - Tiimituote - Hyvink\u00e4\u00e4n Palloseura<\/title>\n<meta name=\"robots\" content=\"index, follow, max-snippet:-1, max-image-preview:large, max-video-preview:-1\" \/>\n<link rel=\"canonical\" href=\"https:\/\/sponsorsmill-store.fi\/hyps\/tuote\/smellwell-active-xl-tiimituote\" \/>\n<meta property=\"og:locale\" content=\"fi_FI\" \/>\n<meta property=\"og:type\" content=\"article\" \/>\n<meta property=\"og:title\" content=\"SmellWell - Active XL - Tiimituote - Hyvink\u00e4\u00e4n Palloseura\" \/>\n<meta property=\"og:description\" content=\"SmellWell Active XL ovat hajupusseja, jotka pit\u00e4v\u00e4t kenk\u00e4si, vaatteesi, laukkusi ja urheiluvarusteesi raikkaina pidemp\u00e4\u00e4n. N\u00e4m\u00e4 hajupussit ovat askel edell\u00e4 ja kehittyneempi versio SmellWell Active -tuotteesta. Ne absorboivat kosteutta ja pahaa hajua eritt\u00e4in tehokkaasti ja niiden kestoik\u00e4 on jopa 6 kuukautta p\u00e4ivitt\u00e4isess\u00e4 k\u00e4yt\u00f6ss\u00e4. On suositeltavaa laittaa SmellWell pusseja kenkiisi y\u00f6n ajaksi, jotta voit astua raikkaisiin kenkiin aamulla. Pussit sopivat my\u00f6s hyvin laitettaviksi esimerkiksi treenikassiin, nyrkkeilyhanskoihin tai monoja. Ne on testattu ymp\u00e4rist\u00f6n ja kuluttajan turvallisuuden varmistamiseksi, eiv\u00e4tk\u00e4 sis\u00e4ll\u00e4 bakteereja tappavia aineita.Kaikilla pusseilla on sama ihana tuoksu, mutta ne ovat saatavilla eri designeissa. Absorboi kosteutta ja pahaa hajua Luonnolliset suolat ja absorboijat K\u00e4yt\u00e4 kengiss\u00e4, laukuissa tai urheiluvarusteissa Myyd\u00e4\u00e4n pareittain\" \/>\n<meta property=\"og:url\" content=\"https:\/\/sponsorsmill-store.fi\/hyps\/tuote\/smellwell-active-xl-tiimituote\" \/>\n<meta property=\"og:site_name\" content=\"Hyvink\u00e4\u00e4n Palloseura\" \/>\n<meta property=\"article:modified_time\" content=\"2025-11-13T10:11:49+00:00\" \/>\n<meta name=\"twitter:card\" content=\"summary_large_image\" \/>\n<script type=\"application\/ld+json\" class=\"yoast-schema-graph\">{\"@context\":\"https:\\\/\\\/schema.org\",\"@graph\":[{\"@type\":\"WebPage\",\"@id\":\"https:\\\/\\\/sponsorsmill-store.fi\\\/hyps\\\/tuote\\\/smellwell-active-xl-tiimituote\",\"url\":\"https:\\\/\\\/sponsorsmill-store.fi\\\/hyps\\\/tuote\\\/smellwell-active-xl-tiimituote\",\"name\":\"SmellWell - Active XL - Tiimituote - Hyvink\u00e4\u00e4n Palloseura\",\"isPartOf\":{\"@id\":\"https:\\\/\\\/sponsorsmill-store.fi\\\/hyps\\\/#website\"},\"primaryImageOfPage\":{\"@id\":\"https:\\\/\\\/sponsorsmill-store.fi\\\/hyps\\\/tuote\\\/smellwell-active-xl-tiimituote#primaryimage\"},\"image\":{\"@id\":\"https:\\\/\\\/sponsorsmill-store.fi\\\/hyps\\\/tuote\\\/smellwell-active-xl-tiimituote#primaryimage\"},\"thumbnailUrl\":\"https:\\\/\\\/sponsorsmill-store.fi\\\/hyps\\\/wp-content\\\/uploads\\\/2025\\\/03\\\/Active_XL_family_Shot-scaled.webp\",\"datePublished\":\"2025-09-11T10:30:48+00:00\",\"dateModified\":\"2025-11-13T10:11:49+00:00\",\"breadcrumb\":{\"@id\":\"https:\\\/\\\/sponsorsmill-store.fi\\\/hyps\\\/tuote\\\/smellwell-active-xl-tiimituote#breadcrumb\"},\"inLanguage\":\"fi\",\"potentialAction\":[{\"@type\":\"ReadAction\",\"target\":[\"https:\\\/\\\/sponsorsmill-store.fi\\\/hyps\\\/tuote\\\/smellwell-active-xl-tiimituote\"]}]},{\"@type\":\"ImageObject\",\"inLanguage\":\"fi\",\"@id\":\"https:\\\/\\\/sponsorsmill-store.fi\\\/hyps\\\/tuote\\\/smellwell-active-xl-tiimituote#primaryimage\",\"url\":\"https:\\\/\\\/sponsorsmill-store.fi\\\/hyps\\\/wp-content\\\/uploads\\\/2025\\\/03\\\/Active_XL_family_Shot-scaled.webp\",\"contentUrl\":\"https:\\\/\\\/sponsorsmill-store.fi\\\/hyps\\\/wp-content\\\/uploads\\\/2025\\\/03\\\/Active_XL_family_Shot-scaled.webp\"},{\"@type\":\"BreadcrumbList\",\"@id\":\"https:\\\/\\\/sponsorsmill-store.fi\\\/hyps\\\/tuote\\\/smellwell-active-xl-tiimituote#breadcrumb\",\"itemListElement\":[{\"@type\":\"ListItem\",\"position\":1,\"name\":\"Etusivu\",\"item\":\"https:\\\/\\\/sponsorsmill-store.fi\\\/hyps\\\/\"},{\"@type\":\"ListItem\",\"position\":2,\"name\":\"Kauppa\",\"item\":\"https:\\\/\\\/sponsorsmill-store.fi\\\/hyps\\\/kauppa\"},{\"@type\":\"ListItem\",\"position\":3,\"name\":\"SmellWell &#8211; Active XL &#8211; Tiimituote\"}]},{\"@type\":\"WebSite\",\"@id\":\"https:\\\/\\\/sponsorsmill-store.fi\\\/hyps\\\/#website\",\"url\":\"https:\\\/\\\/sponsorsmill-store.fi\\\/hyps\\\/\",\"name\":\"Hyvink\u00e4\u00e4n Palloseura\",\"description\":\"\",\"publisher\":{\"@id\":\"https:\\\/\\\/sponsorsmill-store.fi\\\/hyps\\\/#organization\"},\"potentialAction\":[{\"@type\":\"SearchAction\",\"target\":{\"@type\":\"EntryPoint\",\"urlTemplate\":\"https:\\\/\\\/sponsorsmill-store.fi\\\/hyps\\\/?s={search_term_string}\"},\"query-input\":{\"@type\":\"PropertyValueSpecification\",\"valueRequired\":true,\"valueName\":\"search_term_string\"}}],\"inLanguage\":\"fi\"},{\"@type\":\"Organization\",\"@id\":\"https:\\\/\\\/sponsorsmill-store.fi\\\/hyps\\\/#organization\",\"name\":\"Hyvink\u00e4\u00e4n Palloseura\",\"url\":\"https:\\\/\\\/sponsorsmill-store.fi\\\/hyps\\\/\",\"logo\":{\"@type\":\"ImageObject\",\"inLanguage\":\"fi\",\"@id\":\"https:\\\/\\\/sponsorsmill-store.fi\\\/hyps\\\/#\\\/schema\\\/logo\\\/image\\\/\",\"url\":\"https:\\\/\\\/sponsorsmill-store.fi\\\/hyps\\\/wp-content\\\/uploads\\\/sites\\\/17\\\/2025\\\/01\\\/HyPS-Hyvinkaan-Palloseura-logo-sininen-06-png.webp\",\"contentUrl\":\"https:\\\/\\\/sponsorsmill-store.fi\\\/hyps\\\/wp-content\\\/uploads\\\/sites\\\/17\\\/2025\\\/01\\\/HyPS-Hyvinkaan-Palloseura-logo-sininen-06-png.webp\",\"width\":457,\"height\":487,\"caption\":\"Hyvink\u00e4\u00e4n Palloseura\"},\"image\":{\"@id\":\"https:\\\/\\\/sponsorsmill-store.fi\\\/hyps\\\/#\\\/schema\\\/logo\\\/image\\\/\"}}]}<\/script>\n<!-- \/ Yoast SEO plugin. -->","yoast_head_json":{"title":"SmellWell - Active XL - Tiimituote - Hyvink\u00e4\u00e4n Palloseura","robots":{"index":"index","follow":"follow","max-snippet":"max-snippet:-1","max-image-preview":"max-image-preview:large","max-video-preview":"max-video-preview:-1"},"canonical":"https:\/\/sponsorsmill-store.fi\/hyps\/tuote\/smellwell-active-xl-tiimituote","og_locale":"fi_FI","og_type":"article","og_title":"SmellWell - Active XL - Tiimituote - Hyvink\u00e4\u00e4n Palloseura","og_description":"SmellWell Active XL ovat hajupusseja, jotka pit\u00e4v\u00e4t kenk\u00e4si, vaatteesi, laukkusi ja urheiluvarusteesi raikkaina pidemp\u00e4\u00e4n. N\u00e4m\u00e4 hajupussit ovat askel edell\u00e4 ja kehittyneempi versio SmellWell Active -tuotteesta. Ne absorboivat kosteutta ja pahaa hajua eritt\u00e4in tehokkaasti ja niiden kestoik\u00e4 on jopa 6 kuukautta p\u00e4ivitt\u00e4isess\u00e4 k\u00e4yt\u00f6ss\u00e4. On suositeltavaa laittaa SmellWell pusseja kenkiisi y\u00f6n ajaksi, jotta voit astua raikkaisiin kenkiin aamulla. Pussit sopivat my\u00f6s hyvin laitettaviksi esimerkiksi treenikassiin, nyrkkeilyhanskoihin tai monoja. Ne on testattu ymp\u00e4rist\u00f6n ja kuluttajan turvallisuuden varmistamiseksi, eiv\u00e4tk\u00e4 sis\u00e4ll\u00e4 bakteereja tappavia aineita.Kaikilla pusseilla on sama ihana tuoksu, mutta ne ovat saatavilla eri designeissa. Absorboi kosteutta ja pahaa hajua Luonnolliset suolat ja absorboijat K\u00e4yt\u00e4 kengiss\u00e4, laukuissa tai urheiluvarusteissa Myyd\u00e4\u00e4n pareittain","og_url":"https:\/\/sponsorsmill-store.fi\/hyps\/tuote\/smellwell-active-xl-tiimituote","og_site_name":"Hyvink\u00e4\u00e4n Palloseura","article_modified_time":"2025-11-13T10:11:49+00:00","twitter_card":"summary_large_image","schema":{"@context":"https:\/\/schema.org","@graph":[{"@type":"WebPage","@id":"https:\/\/sponsorsmill-store.fi\/hyps\/tuote\/smellwell-active-xl-tiimituote","url":"https:\/\/sponsorsmill-store.fi\/hyps\/tuote\/smellwell-active-xl-tiimituote","name":"SmellWell - Active XL - Tiimituote - Hyvink\u00e4\u00e4n Palloseura","isPartOf":{"@id":"https:\/\/sponsorsmill-store.fi\/hyps\/#website"},"primaryImageOfPage":{"@id":"https:\/\/sponsorsmill-store.fi\/hyps\/tuote\/smellwell-active-xl-tiimituote#primaryimage"},"image":{"@id":"https:\/\/sponsorsmill-store.fi\/hyps\/tuote\/smellwell-active-xl-tiimituote#primaryimage"},"thumbnailUrl":"https:\/\/sponsorsmill-store.fi\/hyps\/wp-content\/uploads\/2025\/03\/Active_XL_family_Shot-scaled.webp","datePublished":"2025-09-11T10:30:48+00:00","dateModified":"2025-11-13T10:11:49+00:00","breadcrumb":{"@id":"https:\/\/sponsorsmill-store.fi\/hyps\/tuote\/smellwell-active-xl-tiimituote#breadcrumb"},"inLanguage":"fi","potentialAction":[{"@type":"ReadAction","target":["https:\/\/sponsorsmill-store.fi\/hyps\/tuote\/smellwell-active-xl-tiimituote"]}]},{"@type":"ImageObject","inLanguage":"fi","@id":"https:\/\/sponsorsmill-store.fi\/hyps\/tuote\/smellwell-active-xl-tiimituote#primaryimage","url":"https:\/\/sponsorsmill-store.fi\/hyps\/wp-content\/uploads\/2025\/03\/Active_XL_family_Shot-scaled.webp","contentUrl":"https:\/\/sponsorsmill-store.fi\/hyps\/wp-content\/uploads\/2025\/03\/Active_XL_family_Shot-scaled.webp"},{"@type":"BreadcrumbList","@id":"https:\/\/sponsorsmill-store.fi\/hyps\/tuote\/smellwell-active-xl-tiimituote#breadcrumb","itemListElement":[{"@type":"ListItem","position":1,"name":"Etusivu","item":"https:\/\/sponsorsmill-store.fi\/hyps\/"},{"@type":"ListItem","position":2,"name":"Kauppa","item":"https:\/\/sponsorsmill-store.fi\/hyps\/kauppa"},{"@type":"ListItem","position":3,"name":"SmellWell &#8211; Active XL &#8211; Tiimituote"}]},{"@type":"WebSite","@id":"https:\/\/sponsorsmill-store.fi\/hyps\/#website","url":"https:\/\/sponsorsmill-store.fi\/hyps\/","name":"Hyvink\u00e4\u00e4n Palloseura","description":"","publisher":{"@id":"https:\/\/sponsorsmill-store.fi\/hyps\/#organization"},"potentialAction":[{"@type":"SearchAction","target":{"@type":"EntryPoint","urlTemplate":"https:\/\/sponsorsmill-store.fi\/hyps\/?s={search_term_string}"},"query-input":{"@type":"PropertyValueSpecification","valueRequired":true,"valueName":"search_term_string"}}],"inLanguage":"fi"},{"@type":"Organization","@id":"https:\/\/sponsorsmill-store.fi\/hyps\/#organization","name":"Hyvink\u00e4\u00e4n Palloseura","url":"https:\/\/sponsorsmill-store.fi\/hyps\/","logo":{"@type":"ImageObject","inLanguage":"fi","@id":"https:\/\/sponsorsmill-store.fi\/hyps\/#\/schema\/logo\/image\/","url":"https:\/\/sponsorsmill-store.fi\/hyps\/wp-content\/uploads\/sites\/17\/2025\/01\/HyPS-Hyvinkaan-Palloseura-logo-sininen-06-png.webp","contentUrl":"https:\/\/sponsorsmill-store.fi\/hyps\/wp-content\/uploads\/sites\/17\/2025\/01\/HyPS-Hyvinkaan-Palloseura-logo-sininen-06-png.webp","width":457,"height":487,"caption":"Hyvink\u00e4\u00e4n Palloseura"},"image":{"@id":"https:\/\/sponsorsmill-store.fi\/hyps\/#\/schema\/logo\/image\/"}}]}},"_links":{"self":[{"href":"https:\/\/sponsorsmill-store.fi\/hyps\/wp-json\/wp\/v2\/product\/3960","targetHints":{"allow":["GET"]}}],"collection":[{"href":"https:\/\/sponsorsmill-store.fi\/hyps\/wp-json\/wp\/v2\/product"}],"about":[{"href":"https:\/\/sponsorsmill-store.fi\/hyps\/wp-json\/wp\/v2\/types\/product"}],"wp:featuredmedia":[{"embeddable":true,"href":"https:\/\/sponsorsmill-store.fi\/hyps\/wp-json\/"}],"wp:attachment":[{"href":"https:\/\/sponsorsmill-store.fi\/hyps\/wp-json\/wp\/v2\/media?parent=3960"}],"wp:term":[{"taxonomy":"product_brand","embeddable":true,"href":"https:\/\/sponsorsmill-store.fi\/hyps\/wp-json\/wp\/v2\/product_brand?post=3960"},{"taxonomy":"product_cat","embeddable":true,"href":"https:\/\/sponsorsmill-store.fi\/hyps\/wp-json\/wp\/v2\/product_cat?post=3960"},{"taxonomy":"product_tag","embeddable":true,"href":"https:\/\/sponsorsmill-store.fi\/hyps\/wp-json\/wp\/v2\/product_tag?post=3960"}],"curies":[{"name":"wp","href":"https:\/\/api.w.org\/{rel}","templated":true}]}}