{"id":4008,"date":"2025-11-17T13:24:28","date_gmt":"2025-11-17T11:24:28","guid":{"rendered":"https:\/\/sponsorsmill-store.fi\/hyps\/tuote\/pehmovita-monivitamiini-gummies-75-kpl"},"modified":"2025-11-17T13:49:46","modified_gmt":"2025-11-17T11:49:46","slug":"pehmovita-monivitamiini-gummies-75-kpl","status":"publish","type":"product","link":"https:\/\/sponsorsmill-store.fi\/hyps\/tuote\/pehmovita-monivitamiini-gummies-75-kpl","title":{"rendered":"PehmoVita monivitamiini Gummies 75 kpl"},"content":{"rendered":"<p>Puhdas+ PehmoVita Gummies tarjoaa koko perheelle luonnollisen ja herkullisen tavan huolehtia hyvinvoinnista \u2013 ilman turhia kompromisseja. Me uskomme, ett\u00e4 vitamiinien tulisi olla yht\u00e4 hyvi\u00e4 sis\u00e4ll\u00f6lt\u00e4\u00e4n kuin maultaan. Siksi olemme kehitt\u00e4neet pureskeltavat vitamiinit, jotka maistuvat hyv\u00e4lt\u00e4 ja tuntuvat viel\u00e4 paremmilta \u2013 kotimaisina ja ilman tarpeettomia lis\u00e4aineita.<\/p>\n<p>Ravintolis\u00e4. Ei sis\u00e4ll\u00e4 maitoa, laktoosia eik\u00e4 hiivaa. Ei sis\u00e4ll\u00e4 sokeria, soijaa eik\u00e4 gluteenia. Sis\u00e4lt\u00e4\u00e4 makeutusainetta. Liiallisella k\u00e4yt\u00f6ll\u00e4 saattaa olla laksatiivisia vaikutuksia.<\/p>\n<p class=\"h4 body-font\"><strong>K\u00e4ytt\u00f6ohje:<\/strong><\/p>\n<div class=\"about__accordion-toggle-icon\">Aikuisille ja yli 11-vuotiaille lapsille 2 kpl vuorokaudessa.<\/div>\n<div class=\"about__accordion-description\">\n<div class=\"metafield-rich_text_field\">\n<p>3\u201310-vuotiaille lapsille 1 kpl vuorokaudessa.<br \/>\nSuositeltua vuorokausiannosta ei saa ylitt\u00e4\u00e4.<br \/>\nRavintolis\u00e4 ei korvaa monipuolista ja tasapainoista ruokavaliota eik\u00e4 terveit\u00e4 el\u00e4m\u00e4ntapoja.<br \/>\nEi lasten ulottuville.<\/p>\n<p>F\u00f6r vuxna och barn \u00f6ver 11 \u00e5r, 2 stycken per dag.<br \/>\nF\u00f6r barn 3\u201311 \u00e5r, 1 stycken per dag.<br \/>\nDen rekommenderade dygndosen f\u00e5r inte \u00f6verskridas.<br \/>\nKosttillskott ers\u00e4tter inte en m\u00e5ngsidig och balanserad kost eller en h\u00e4lsosam livsstil.<br \/>\nF\u00f6rvaras o\u00e5tkomligt f\u00f6r barn. en h\u00e4lsosam livsstil.<\/p>\n<div class=\"about\">\n<div class=\"about__accordion-item\">\n<div class=\"about__accordion-description\">\n<div class=\"metafield-rich_text_field\">\n<p><strong>Ainesosat:<\/strong><\/p>\n<p><strong>FI:<\/strong><\/p>\n<ul>\n<li>Makeutusaine (maltitolisiirappi)<\/li>\n<li>Vesi<\/li>\n<li>Sakeuttamisaine (pektiini)<\/li>\n<li>C-vitamiini (askorbiinihappo)<\/li>\n<li>B3-vitamiini (nikotiiniamidi)<\/li>\n<li>E-vitamiini (DL-alfa-tokoferyyliasetaatti)<\/li>\n<li>B6-vitamiini (pyridoksiinihydrokloridi)<\/li>\n<li>A-vitamiini (retinyyliasetaatti)<\/li>\n<li>Foolihappo<\/li>\n<li>Biotiini (D-biotiini)<\/li>\n<li>D3-vitamiini (kolekalsiferoli)<\/li>\n<li>B12-vitamiini (syanokobalamiini)<\/li>\n<li>Happamuudens\u00e4\u00e4t\u00f6aineet (sitruunahappo, natriumsitraatti)<\/li>\n<li>Luontainen aromi (appelsiini)<\/li>\n<li>V\u00e4ri (karoteeni)<\/li>\n<li>Pintak\u00e4sittelyaine (karnaubavaha)<\/li>\n<\/ul>\n<p><strong>SV:<\/strong><\/p>\n<ul>\n<li>S\u00f6tningsmedel (maltitolsirap)<\/li>\n<li>Vatten<\/li>\n<li>F\u00f6rtjockningsmedel (pektin)<\/li>\n<li>C-vitamin (askorbinsyra)<\/li>\n<li>B3-vitamin (nikotinamid)<\/li>\n<li>E-vitamin (DL-alfa-tokoferylacetat)<\/li>\n<li>B6-vitamin (pyridoxinhydroklorid)<\/li>\n<li>A-vitamin (retinylacetat)<\/li>\n<li>Folsyra<\/li>\n<li>Biotin (D-biotin)<\/li>\n<li>D3-vitamin (kolekalciferol)<\/li>\n<li>B12-vitamin (cyanokobalamin)<\/li>\n<li>Surhetsreglerande medel (citronsyra, natriumcitrat)<\/li>\n<li>Naturlig arom (apelsin)<\/li>\n<li>F\u00e4rg\u00e4mne (karoten)<\/li>\n<li>Ytbehandlingsmedel (karnaubavax)<\/li>\n<\/ul>\n<table>\n<thead>\n<tr>\n<th>Ravintosis\u00e4lt\u00f6 \/ N\u00e4ringsinneh\u00e5ll<\/th>\n<th>1-2 kpl \/ st<\/th>\n<\/tr>\n<\/thead>\n<tbody>\n<tr>\n<td>A-vitamiini \/ -vitamin<\/td>\n<td>200-400 \u00b5g (*25-50 %)<\/td>\n<\/tr>\n<tr>\n<td>D3-vitamiini \/ -vitamin<\/td>\n<td>5-10 \u00b5g (*100-200%)<\/td>\n<\/tr>\n<tr>\n<td>E-vitamiini \/ -vitamin<\/td>\n<td>6-12 mg (*50-100%)<\/td>\n<\/tr>\n<tr>\n<td>C-vitamiini \/ -vitamin<\/td>\n<td>30-60 mg (*38-75 %)<\/td>\n<\/tr>\n<tr>\n<td>B3-vitamiini \/ -vitamin<\/td>\n<td>8-16 mg (*50-100%)<\/td>\n<\/tr>\n<tr>\n<td>B6-vitamiini \/ -vitamin<\/td>\n<td>0,7-1,4 mg (*50-100%)<\/td>\n<\/tr>\n<tr>\n<td>Foolihappo \/ Folsyra<\/td>\n<td>100-200 mg (*50-100%)<\/td>\n<\/tr>\n<tr>\n<td>B12-vitamiini \/ -vitamin<\/td>\n<td>1,25-2,5 \u00b5g (*50-100%)<\/td>\n<\/tr>\n<tr>\n<td>Biotiini \/ Biotin<\/td>\n<td>25-50 \u00b5g (*50-100 %)<\/td>\n<\/tr>\n<\/tbody>\n<\/table>\n<p>*% vuorokautisen saannin vertailuarvosta<br \/>\n*% av referensv\u00e4rder f\u00f6r det dagliga intaget<\/p>\n<\/div>\n<\/div>\n<\/div>\n<\/div>\n<\/div>\n<\/div>\n","protected":false},"excerpt":{"rendered":"<p data-start=\"82\" data-end=\"113\">Valitse parempi gummy!<\/p>\n<p data-start=\"114\" data-end=\"213\"><strong data-start=\"114\" data-end=\"135\">Puhdas+ PehmoVita<\/strong>\u00a0on uusi, herkullinen tapa huolehtia hyvinvoinnistasi \u2013 ilman kompromisseja.<\/p>\n<p data-start=\"215\" data-end=\"420\">Kehitetty ja\u00a0<strong data-start=\"228\" data-end=\"252\">valmistettu Suomessa<\/strong>, PehmoVita-gummyt syntyv\u00e4t laadukkaasti kotimaisena tuotantona. Ne tarjoavat kaiken, mit\u00e4 hyv\u00e4lt\u00e4 vitamiinivalmisteelta voi odottaa \u2013 ja j\u00e4tt\u00e4v\u00e4t pois kaiken turhan.<\/p>\n<p data-start=\"422\" data-end=\"536\">Ei sokeria.<br data-start=\"433\" data-end=\"436\" \/>Ei liivatetta.<br data-start=\"450\" data-end=\"453\" \/>Ei aspartaamia, asesulfaami K:ta tai sukraloosia.<br data-start=\"502\" data-end=\"505\" \/>Ei keinotekoisia v\u00e4riaineita.<\/p>\n<p data-start=\"538\" data-end=\"709\"><strong data-start=\"538\" data-end=\"559\">Puhdas+ PehmoVita<\/strong>\u00a0on luonnollinen valinta niin\u00a0<strong data-start=\"589\" data-end=\"620\">lapsille kuin aikuisillekin<\/strong>\u00a0\u2013 pehme\u00e4, maukas ja vastuullinen vaihtoehto perinteisille gummi vitamiineille.<\/p>\n<p data-start=\"711\" data-end=\"798\"><strong data-start=\"714\" data-end=\"798\">Puhdas+ PehmoVita \u2013 koska parempi gummy maistuu paremmalta ja tuntuu paremmalta.<\/strong><\/p>\n","protected":false},"featured_media":10000008345,"template":"","meta":[],"product_brand":[],"product_cat":[15],"product_tag":[268,269],"class_list":{"0":"post-4008","1":"product","2":"type-product","3":"status-publish","4":"has-post-thumbnail","6":"product_cat-yleinen","7":"product_tag-pehmovita-monivitamiini","8":"product_tag-puhdas-pehmovita","10":"first","11":"instock","12":"featured","13":"taxable","14":"shipping-taxable","15":"purchasable","16":"product-type-simple"},"yoast_head":"<!-- This site is optimized with the Yoast SEO plugin v27.4 - https:\/\/yoast.com\/product\/yoast-seo-wordpress\/ -->\n<title>PehmoVita monivitamiini Gummies 75 kpl - Hyvink\u00e4\u00e4n Palloseura<\/title>\n<meta name=\"robots\" content=\"index, follow, max-snippet:-1, max-image-preview:large, max-video-preview:-1\" \/>\n<link rel=\"canonical\" href=\"https:\/\/sponsorsmill-store.fi\/hyps\/tuote\/pehmovita-monivitamiini-gummies-75-kpl\" \/>\n<meta property=\"og:locale\" content=\"fi_FI\" \/>\n<meta property=\"og:type\" content=\"article\" \/>\n<meta property=\"og:title\" content=\"PehmoVita monivitamiini Gummies 75 kpl - Hyvink\u00e4\u00e4n Palloseura\" \/>\n<meta property=\"og:description\" content=\"Valitse parempi gummy! Puhdas+ PehmoVita\u00a0on uusi, herkullinen tapa huolehtia hyvinvoinnistasi \u2013 ilman kompromisseja. Kehitetty ja\u00a0valmistettu Suomessa, PehmoVita-gummyt syntyv\u00e4t laadukkaasti kotimaisena tuotantona. Ne tarjoavat kaiken, mit\u00e4 hyv\u00e4lt\u00e4 vitamiinivalmisteelta voi odottaa \u2013 ja j\u00e4tt\u00e4v\u00e4t pois kaiken turhan. Ei sokeria.Ei liivatetta.Ei aspartaamia, asesulfaami K:ta tai sukraloosia.Ei keinotekoisia v\u00e4riaineita. Puhdas+ PehmoVita\u00a0on luonnollinen valinta niin\u00a0lapsille kuin aikuisillekin\u00a0\u2013 pehme\u00e4, maukas ja vastuullinen vaihtoehto perinteisille gummi vitamiineille. Puhdas+ PehmoVita \u2013 koska parempi gummy maistuu paremmalta ja tuntuu paremmalta.\" \/>\n<meta property=\"og:url\" content=\"https:\/\/sponsorsmill-store.fi\/hyps\/tuote\/pehmovita-monivitamiini-gummies-75-kpl\" \/>\n<meta property=\"og:site_name\" content=\"Hyvink\u00e4\u00e4n Palloseura\" \/>\n<meta property=\"article:modified_time\" content=\"2025-11-17T11:49:46+00:00\" \/>\n<meta name=\"twitter:card\" content=\"summary_large_image\" \/>\n<meta name=\"twitter:label1\" content=\"Arvioitu lukuaika\" \/>\n\t<meta name=\"twitter:data1\" content=\"2 minuuttia\" \/>\n<script type=\"application\/ld+json\" class=\"yoast-schema-graph\">{\"@context\":\"https:\\\/\\\/schema.org\",\"@graph\":[{\"@type\":\"WebPage\",\"@id\":\"https:\\\/\\\/sponsorsmill-store.fi\\\/hyps\\\/tuote\\\/pehmovita-monivitamiini-gummies-75-kpl\",\"url\":\"https:\\\/\\\/sponsorsmill-store.fi\\\/hyps\\\/tuote\\\/pehmovita-monivitamiini-gummies-75-kpl\",\"name\":\"PehmoVita monivitamiini Gummies 75 kpl - Hyvink\u00e4\u00e4n Palloseura\",\"isPartOf\":{\"@id\":\"https:\\\/\\\/sponsorsmill-store.fi\\\/hyps\\\/#website\"},\"primaryImageOfPage\":{\"@id\":\"https:\\\/\\\/sponsorsmill-store.fi\\\/hyps\\\/tuote\\\/pehmovita-monivitamiini-gummies-75-kpl#primaryimage\"},\"image\":{\"@id\":\"https:\\\/\\\/sponsorsmill-store.fi\\\/hyps\\\/tuote\\\/pehmovita-monivitamiini-gummies-75-kpl#primaryimage\"},\"thumbnailUrl\":\"https:\\\/\\\/sponsorsmill-store.fi\\\/hyps\\\/wp-content\\\/uploads\\\/2025\\\/11\\\/gummies_new-2x1-1.webp\",\"datePublished\":\"2025-11-17T11:24:28+00:00\",\"dateModified\":\"2025-11-17T11:49:46+00:00\",\"breadcrumb\":{\"@id\":\"https:\\\/\\\/sponsorsmill-store.fi\\\/hyps\\\/tuote\\\/pehmovita-monivitamiini-gummies-75-kpl#breadcrumb\"},\"inLanguage\":\"fi\",\"potentialAction\":[{\"@type\":\"ReadAction\",\"target\":[\"https:\\\/\\\/sponsorsmill-store.fi\\\/hyps\\\/tuote\\\/pehmovita-monivitamiini-gummies-75-kpl\"]}]},{\"@type\":\"ImageObject\",\"inLanguage\":\"fi\",\"@id\":\"https:\\\/\\\/sponsorsmill-store.fi\\\/hyps\\\/tuote\\\/pehmovita-monivitamiini-gummies-75-kpl#primaryimage\",\"url\":\"https:\\\/\\\/sponsorsmill-store.fi\\\/hyps\\\/wp-content\\\/uploads\\\/2025\\\/11\\\/gummies_new-2x1-1.webp\",\"contentUrl\":\"https:\\\/\\\/sponsorsmill-store.fi\\\/hyps\\\/wp-content\\\/uploads\\\/2025\\\/11\\\/gummies_new-2x1-1.webp\"},{\"@type\":\"BreadcrumbList\",\"@id\":\"https:\\\/\\\/sponsorsmill-store.fi\\\/hyps\\\/tuote\\\/pehmovita-monivitamiini-gummies-75-kpl#breadcrumb\",\"itemListElement\":[{\"@type\":\"ListItem\",\"position\":1,\"name\":\"Etusivu\",\"item\":\"https:\\\/\\\/sponsorsmill-store.fi\\\/hyps\\\/\"},{\"@type\":\"ListItem\",\"position\":2,\"name\":\"Kauppa\",\"item\":\"https:\\\/\\\/sponsorsmill-store.fi\\\/hyps\\\/kauppa\"},{\"@type\":\"ListItem\",\"position\":3,\"name\":\"PehmoVita monivitamiini Gummies 75 kpl\"}]},{\"@type\":\"WebSite\",\"@id\":\"https:\\\/\\\/sponsorsmill-store.fi\\\/hyps\\\/#website\",\"url\":\"https:\\\/\\\/sponsorsmill-store.fi\\\/hyps\\\/\",\"name\":\"Hyvink\u00e4\u00e4n Palloseura\",\"description\":\"\",\"publisher\":{\"@id\":\"https:\\\/\\\/sponsorsmill-store.fi\\\/hyps\\\/#organization\"},\"potentialAction\":[{\"@type\":\"SearchAction\",\"target\":{\"@type\":\"EntryPoint\",\"urlTemplate\":\"https:\\\/\\\/sponsorsmill-store.fi\\\/hyps\\\/?s={search_term_string}\"},\"query-input\":{\"@type\":\"PropertyValueSpecification\",\"valueRequired\":true,\"valueName\":\"search_term_string\"}}],\"inLanguage\":\"fi\"},{\"@type\":\"Organization\",\"@id\":\"https:\\\/\\\/sponsorsmill-store.fi\\\/hyps\\\/#organization\",\"name\":\"Hyvink\u00e4\u00e4n Palloseura\",\"url\":\"https:\\\/\\\/sponsorsmill-store.fi\\\/hyps\\\/\",\"logo\":{\"@type\":\"ImageObject\",\"inLanguage\":\"fi\",\"@id\":\"https:\\\/\\\/sponsorsmill-store.fi\\\/hyps\\\/#\\\/schema\\\/logo\\\/image\\\/\",\"url\":\"https:\\\/\\\/sponsorsmill-store.fi\\\/hyps\\\/wp-content\\\/uploads\\\/sites\\\/17\\\/2025\\\/01\\\/HyPS-Hyvinkaan-Palloseura-logo-sininen-06-png.webp\",\"contentUrl\":\"https:\\\/\\\/sponsorsmill-store.fi\\\/hyps\\\/wp-content\\\/uploads\\\/sites\\\/17\\\/2025\\\/01\\\/HyPS-Hyvinkaan-Palloseura-logo-sininen-06-png.webp\",\"width\":457,\"height\":487,\"caption\":\"Hyvink\u00e4\u00e4n Palloseura\"},\"image\":{\"@id\":\"https:\\\/\\\/sponsorsmill-store.fi\\\/hyps\\\/#\\\/schema\\\/logo\\\/image\\\/\"}}]}<\/script>\n<!-- \/ Yoast SEO plugin. -->","yoast_head_json":{"title":"PehmoVita monivitamiini Gummies 75 kpl - Hyvink\u00e4\u00e4n Palloseura","robots":{"index":"index","follow":"follow","max-snippet":"max-snippet:-1","max-image-preview":"max-image-preview:large","max-video-preview":"max-video-preview:-1"},"canonical":"https:\/\/sponsorsmill-store.fi\/hyps\/tuote\/pehmovita-monivitamiini-gummies-75-kpl","og_locale":"fi_FI","og_type":"article","og_title":"PehmoVita monivitamiini Gummies 75 kpl - Hyvink\u00e4\u00e4n Palloseura","og_description":"Valitse parempi gummy! Puhdas+ PehmoVita\u00a0on uusi, herkullinen tapa huolehtia hyvinvoinnistasi \u2013 ilman kompromisseja. Kehitetty ja\u00a0valmistettu Suomessa, PehmoVita-gummyt syntyv\u00e4t laadukkaasti kotimaisena tuotantona. Ne tarjoavat kaiken, mit\u00e4 hyv\u00e4lt\u00e4 vitamiinivalmisteelta voi odottaa \u2013 ja j\u00e4tt\u00e4v\u00e4t pois kaiken turhan. Ei sokeria.Ei liivatetta.Ei aspartaamia, asesulfaami K:ta tai sukraloosia.Ei keinotekoisia v\u00e4riaineita. Puhdas+ PehmoVita\u00a0on luonnollinen valinta niin\u00a0lapsille kuin aikuisillekin\u00a0\u2013 pehme\u00e4, maukas ja vastuullinen vaihtoehto perinteisille gummi vitamiineille. Puhdas+ PehmoVita \u2013 koska parempi gummy maistuu paremmalta ja tuntuu paremmalta.","og_url":"https:\/\/sponsorsmill-store.fi\/hyps\/tuote\/pehmovita-monivitamiini-gummies-75-kpl","og_site_name":"Hyvink\u00e4\u00e4n Palloseura","article_modified_time":"2025-11-17T11:49:46+00:00","twitter_card":"summary_large_image","twitter_misc":{"Arvioitu lukuaika":"2 minuuttia"},"schema":{"@context":"https:\/\/schema.org","@graph":[{"@type":"WebPage","@id":"https:\/\/sponsorsmill-store.fi\/hyps\/tuote\/pehmovita-monivitamiini-gummies-75-kpl","url":"https:\/\/sponsorsmill-store.fi\/hyps\/tuote\/pehmovita-monivitamiini-gummies-75-kpl","name":"PehmoVita monivitamiini Gummies 75 kpl - Hyvink\u00e4\u00e4n Palloseura","isPartOf":{"@id":"https:\/\/sponsorsmill-store.fi\/hyps\/#website"},"primaryImageOfPage":{"@id":"https:\/\/sponsorsmill-store.fi\/hyps\/tuote\/pehmovita-monivitamiini-gummies-75-kpl#primaryimage"},"image":{"@id":"https:\/\/sponsorsmill-store.fi\/hyps\/tuote\/pehmovita-monivitamiini-gummies-75-kpl#primaryimage"},"thumbnailUrl":"https:\/\/sponsorsmill-store.fi\/hyps\/wp-content\/uploads\/2025\/11\/gummies_new-2x1-1.webp","datePublished":"2025-11-17T11:24:28+00:00","dateModified":"2025-11-17T11:49:46+00:00","breadcrumb":{"@id":"https:\/\/sponsorsmill-store.fi\/hyps\/tuote\/pehmovita-monivitamiini-gummies-75-kpl#breadcrumb"},"inLanguage":"fi","potentialAction":[{"@type":"ReadAction","target":["https:\/\/sponsorsmill-store.fi\/hyps\/tuote\/pehmovita-monivitamiini-gummies-75-kpl"]}]},{"@type":"ImageObject","inLanguage":"fi","@id":"https:\/\/sponsorsmill-store.fi\/hyps\/tuote\/pehmovita-monivitamiini-gummies-75-kpl#primaryimage","url":"https:\/\/sponsorsmill-store.fi\/hyps\/wp-content\/uploads\/2025\/11\/gummies_new-2x1-1.webp","contentUrl":"https:\/\/sponsorsmill-store.fi\/hyps\/wp-content\/uploads\/2025\/11\/gummies_new-2x1-1.webp"},{"@type":"BreadcrumbList","@id":"https:\/\/sponsorsmill-store.fi\/hyps\/tuote\/pehmovita-monivitamiini-gummies-75-kpl#breadcrumb","itemListElement":[{"@type":"ListItem","position":1,"name":"Etusivu","item":"https:\/\/sponsorsmill-store.fi\/hyps\/"},{"@type":"ListItem","position":2,"name":"Kauppa","item":"https:\/\/sponsorsmill-store.fi\/hyps\/kauppa"},{"@type":"ListItem","position":3,"name":"PehmoVita monivitamiini Gummies 75 kpl"}]},{"@type":"WebSite","@id":"https:\/\/sponsorsmill-store.fi\/hyps\/#website","url":"https:\/\/sponsorsmill-store.fi\/hyps\/","name":"Hyvink\u00e4\u00e4n Palloseura","description":"","publisher":{"@id":"https:\/\/sponsorsmill-store.fi\/hyps\/#organization"},"potentialAction":[{"@type":"SearchAction","target":{"@type":"EntryPoint","urlTemplate":"https:\/\/sponsorsmill-store.fi\/hyps\/?s={search_term_string}"},"query-input":{"@type":"PropertyValueSpecification","valueRequired":true,"valueName":"search_term_string"}}],"inLanguage":"fi"},{"@type":"Organization","@id":"https:\/\/sponsorsmill-store.fi\/hyps\/#organization","name":"Hyvink\u00e4\u00e4n Palloseura","url":"https:\/\/sponsorsmill-store.fi\/hyps\/","logo":{"@type":"ImageObject","inLanguage":"fi","@id":"https:\/\/sponsorsmill-store.fi\/hyps\/#\/schema\/logo\/image\/","url":"https:\/\/sponsorsmill-store.fi\/hyps\/wp-content\/uploads\/sites\/17\/2025\/01\/HyPS-Hyvinkaan-Palloseura-logo-sininen-06-png.webp","contentUrl":"https:\/\/sponsorsmill-store.fi\/hyps\/wp-content\/uploads\/sites\/17\/2025\/01\/HyPS-Hyvinkaan-Palloseura-logo-sininen-06-png.webp","width":457,"height":487,"caption":"Hyvink\u00e4\u00e4n Palloseura"},"image":{"@id":"https:\/\/sponsorsmill-store.fi\/hyps\/#\/schema\/logo\/image\/"}}]}},"_links":{"self":[{"href":"https:\/\/sponsorsmill-store.fi\/hyps\/wp-json\/wp\/v2\/product\/4008","targetHints":{"allow":["GET"]}}],"collection":[{"href":"https:\/\/sponsorsmill-store.fi\/hyps\/wp-json\/wp\/v2\/product"}],"about":[{"href":"https:\/\/sponsorsmill-store.fi\/hyps\/wp-json\/wp\/v2\/types\/product"}],"wp:featuredmedia":[{"embeddable":true,"href":"https:\/\/sponsorsmill-store.fi\/hyps\/wp-json\/"}],"wp:attachment":[{"href":"https:\/\/sponsorsmill-store.fi\/hyps\/wp-json\/wp\/v2\/media?parent=4008"}],"wp:term":[{"taxonomy":"product_brand","embeddable":true,"href":"https:\/\/sponsorsmill-store.fi\/hyps\/wp-json\/wp\/v2\/product_brand?post=4008"},{"taxonomy":"product_cat","embeddable":true,"href":"https:\/\/sponsorsmill-store.fi\/hyps\/wp-json\/wp\/v2\/product_cat?post=4008"},{"taxonomy":"product_tag","embeddable":true,"href":"https:\/\/sponsorsmill-store.fi\/hyps\/wp-json\/wp\/v2\/product_tag?post=4008"}],"curies":[{"name":"wp","href":"https:\/\/api.w.org\/{rel}","templated":true}]}}