{"id":3610,"date":"2025-03-13T12:39:37","date_gmt":"2025-03-13T10:39:37","guid":{"rendered":"https:\/\/sponsorsmill-store.fi\/okk\/tuote\/hart-sport-urheilujuomajauhe-sitruuna-sanko-45-kg-1-kpln-pakkaus"},"modified":"2025-10-14T15:25:19","modified_gmt":"2025-10-14T12:25:19","slug":"hart-sport-urheilujuomajauhe-sitruuna-sanko-45-kg-1-kpln-pakkaus","status":"publish","type":"product","link":"https:\/\/sponsorsmill-store.fi\/okk\/tuote\/hart-sport-urheilujuomajauhe-sitruuna-sanko-45-kg-1-kpln-pakkaus","title":{"rendered":"Hart-Sport Urheilujuomajauhe Sitruuna sanko 4,5 kg &#8211; 1 kpl:n pakkaus."},"content":{"rendered":"","protected":false},"excerpt":{"rendered":"<\/p>\n<p>Hart-Sport urheilujuoma Suomen vanhin urheilujuoma ja se on alun perin kehitetty 80-luvulla Hartwallin johdolla yhteisty\u00f6ss\u00e4 maailman johtavien suomalaisten urheilul\u00e4\u00e4k\u00e4reiden kanssa. <strong>Maistuu my\u00f6s l\u00e4mpim\u00e4n\u00e4!<\/strong><\/p>\n<p>Valitse 4,5 kg jauhesanko: <strong>83 litraa valmista Hart-Sport urheilujuomaa<\/strong> tai annospussi: 1 litra valmista juomaa.<\/p><\/p>\n","protected":false},"featured_media":10000005263,"template":"","meta":[],"product_brand":[],"product_cat":[599],"product_tag":[568,569],"class_list":{"0":"post-3610","1":"product","2":"type-product","3":"status-publish","4":"has-post-thumbnail","6":"product_cat-hart-sport-box","7":"product_tag-5-kg","8":"product_tag-hart-sport-urheilujuomajauhe-sitruuna-sanko-4","10":"first","11":"instock","12":"taxable","13":"shipping-taxable","14":"purchasable","15":"product-type-simple"},"yoast_head":"<!-- This site is optimized with the Yoast SEO plugin v27.4 - https:\/\/yoast.com\/product\/yoast-seo-wordpress\/ -->\n<title>Hart-Sport Urheilujuomajauhe Sitruuna sanko 4,5 kg - 1 kpl:n pakkaus. - Oulunkyl\u00e4n Kiekko-Kerho<\/title>\n<meta name=\"robots\" content=\"index, follow, max-snippet:-1, max-image-preview:large, max-video-preview:-1\" \/>\n<link rel=\"canonical\" href=\"https:\/\/sponsorsmill-store.fi\/okk\/tuote\/hart-sport-urheilujuomajauhe-sitruuna-sanko-45-kg-1-kpln-pakkaus\" \/>\n<meta property=\"og:locale\" content=\"fi_FI\" \/>\n<meta property=\"og:type\" content=\"article\" \/>\n<meta property=\"og:title\" content=\"Hart-Sport Urheilujuomajauhe Sitruuna sanko 4,5 kg - 1 kpl:n pakkaus. - Oulunkyl\u00e4n Kiekko-Kerho\" \/>\n<meta property=\"og:description\" content=\"Hart-Sport urheilujuoma Suomen vanhin urheilujuoma ja se on alun perin kehitetty 80-luvulla Hartwallin johdolla yhteisty\u00f6ss\u00e4 maailman johtavien suomalaisten urheilul\u00e4\u00e4k\u00e4reiden kanssa. Maistuu my\u00f6s l\u00e4mpim\u00e4n\u00e4! Valitse 4,5 kg jauhesanko: 83 litraa valmista Hart-Sport urheilujuomaa tai annospussi: 1 litra valmista juomaa.\" \/>\n<meta property=\"og:url\" content=\"https:\/\/sponsorsmill-store.fi\/okk\/tuote\/hart-sport-urheilujuomajauhe-sitruuna-sanko-45-kg-1-kpln-pakkaus\" \/>\n<meta property=\"og:site_name\" content=\"Oulunkyl\u00e4n Kiekko-Kerho\" \/>\n<meta property=\"article:modified_time\" content=\"2025-10-14T12:25:19+00:00\" \/>\n<meta name=\"twitter:card\" content=\"summary_large_image\" \/>\n<script type=\"application\/ld+json\" class=\"yoast-schema-graph\">{\"@context\":\"https:\\\/\\\/schema.org\",\"@graph\":[{\"@type\":\"WebPage\",\"@id\":\"https:\\\/\\\/sponsorsmill-store.fi\\\/okk\\\/tuote\\\/hart-sport-urheilujuomajauhe-sitruuna-sanko-45-kg-1-kpln-pakkaus\",\"url\":\"https:\\\/\\\/sponsorsmill-store.fi\\\/okk\\\/tuote\\\/hart-sport-urheilujuomajauhe-sitruuna-sanko-45-kg-1-kpln-pakkaus\",\"name\":\"Hart-Sport Urheilujuomajauhe Sitruuna sanko 4,5 kg - 1 kpl:n pakkaus. - Oulunkyl\u00e4n Kiekko-Kerho\",\"isPartOf\":{\"@id\":\"https:\\\/\\\/sponsorsmill-store.fi\\\/okk\\\/#website\"},\"primaryImageOfPage\":{\"@id\":\"https:\\\/\\\/sponsorsmill-store.fi\\\/okk\\\/tuote\\\/hart-sport-urheilujuomajauhe-sitruuna-sanko-45-kg-1-kpln-pakkaus#primaryimage\"},\"image\":{\"@id\":\"https:\\\/\\\/sponsorsmill-store.fi\\\/okk\\\/tuote\\\/hart-sport-urheilujuomajauhe-sitruuna-sanko-45-kg-1-kpln-pakkaus#primaryimage\"},\"thumbnailUrl\":\"https:\\\/\\\/sponsorsmill-store.fi\\\/okk\\\/wp-content\\\/uploads\\\/2025\\\/03\\\/Hart-Sport-45-kg-scaled.webp\",\"datePublished\":\"2025-03-13T10:39:37+00:00\",\"dateModified\":\"2025-10-14T12:25:19+00:00\",\"breadcrumb\":{\"@id\":\"https:\\\/\\\/sponsorsmill-store.fi\\\/okk\\\/tuote\\\/hart-sport-urheilujuomajauhe-sitruuna-sanko-45-kg-1-kpln-pakkaus#breadcrumb\"},\"inLanguage\":\"fi\",\"potentialAction\":[{\"@type\":\"ReadAction\",\"target\":[\"https:\\\/\\\/sponsorsmill-store.fi\\\/okk\\\/tuote\\\/hart-sport-urheilujuomajauhe-sitruuna-sanko-45-kg-1-kpln-pakkaus\"]}]},{\"@type\":\"ImageObject\",\"inLanguage\":\"fi\",\"@id\":\"https:\\\/\\\/sponsorsmill-store.fi\\\/okk\\\/tuote\\\/hart-sport-urheilujuomajauhe-sitruuna-sanko-45-kg-1-kpln-pakkaus#primaryimage\",\"url\":\"https:\\\/\\\/sponsorsmill-store.fi\\\/okk\\\/wp-content\\\/uploads\\\/2025\\\/03\\\/Hart-Sport-45-kg-scaled.webp\",\"contentUrl\":\"https:\\\/\\\/sponsorsmill-store.fi\\\/okk\\\/wp-content\\\/uploads\\\/2025\\\/03\\\/Hart-Sport-45-kg-scaled.webp\"},{\"@type\":\"BreadcrumbList\",\"@id\":\"https:\\\/\\\/sponsorsmill-store.fi\\\/okk\\\/tuote\\\/hart-sport-urheilujuomajauhe-sitruuna-sanko-45-kg-1-kpln-pakkaus#breadcrumb\",\"itemListElement\":[{\"@type\":\"ListItem\",\"position\":1,\"name\":\"Etusivu\",\"item\":\"https:\\\/\\\/sponsorsmill-store.fi\\\/okk\\\/\"},{\"@type\":\"ListItem\",\"position\":2,\"name\":\"Kauppa\",\"item\":\"https:\\\/\\\/sponsorsmill-store.fi\\\/okk\\\/kauppa\"},{\"@type\":\"ListItem\",\"position\":3,\"name\":\"Hart-Sport Urheilujuomajauhe Sitruuna sanko 4,5 kg &#8211; 1 kpl:n pakkaus.\"}]},{\"@type\":\"WebSite\",\"@id\":\"https:\\\/\\\/sponsorsmill-store.fi\\\/okk\\\/#website\",\"url\":\"https:\\\/\\\/sponsorsmill-store.fi\\\/okk\\\/\",\"name\":\"Oulunkyl\u00e4n Kiekko-Kerho\",\"description\":\"\",\"publisher\":{\"@id\":\"https:\\\/\\\/sponsorsmill-store.fi\\\/okk\\\/#organization\"},\"potentialAction\":[{\"@type\":\"SearchAction\",\"target\":{\"@type\":\"EntryPoint\",\"urlTemplate\":\"https:\\\/\\\/sponsorsmill-store.fi\\\/okk\\\/?s={search_term_string}\"},\"query-input\":{\"@type\":\"PropertyValueSpecification\",\"valueRequired\":true,\"valueName\":\"search_term_string\"}}],\"inLanguage\":\"fi\"},{\"@type\":\"Organization\",\"@id\":\"https:\\\/\\\/sponsorsmill-store.fi\\\/okk\\\/#organization\",\"name\":\"Oulunkyl\u00e4n Kiekko-Kerho\",\"url\":\"https:\\\/\\\/sponsorsmill-store.fi\\\/okk\\\/\",\"logo\":{\"@type\":\"ImageObject\",\"inLanguage\":\"fi\",\"@id\":\"https:\\\/\\\/sponsorsmill-store.fi\\\/okk\\\/#\\\/schema\\\/logo\\\/image\\\/\",\"url\":\"https:\\\/\\\/sponsorsmill-store.fi\\\/okk\\\/wp-content\\\/uploads\\\/sites\\\/2\\\/2025\\\/01\\\/cropped-logo-600-100x100-1.png\",\"contentUrl\":\"https:\\\/\\\/sponsorsmill-store.fi\\\/okk\\\/wp-content\\\/uploads\\\/sites\\\/2\\\/2025\\\/01\\\/cropped-logo-600-100x100-1.png\",\"width\":512,\"height\":512,\"caption\":\"Oulunkyl\u00e4n Kiekko-Kerho\"},\"image\":{\"@id\":\"https:\\\/\\\/sponsorsmill-store.fi\\\/okk\\\/#\\\/schema\\\/logo\\\/image\\\/\"}}]}<\/script>\n<!-- \/ Yoast SEO plugin. -->","yoast_head_json":{"title":"Hart-Sport Urheilujuomajauhe Sitruuna sanko 4,5 kg - 1 kpl:n pakkaus. - Oulunkyl\u00e4n Kiekko-Kerho","robots":{"index":"index","follow":"follow","max-snippet":"max-snippet:-1","max-image-preview":"max-image-preview:large","max-video-preview":"max-video-preview:-1"},"canonical":"https:\/\/sponsorsmill-store.fi\/okk\/tuote\/hart-sport-urheilujuomajauhe-sitruuna-sanko-45-kg-1-kpln-pakkaus","og_locale":"fi_FI","og_type":"article","og_title":"Hart-Sport Urheilujuomajauhe Sitruuna sanko 4,5 kg - 1 kpl:n pakkaus. - Oulunkyl\u00e4n Kiekko-Kerho","og_description":"Hart-Sport urheilujuoma Suomen vanhin urheilujuoma ja se on alun perin kehitetty 80-luvulla Hartwallin johdolla yhteisty\u00f6ss\u00e4 maailman johtavien suomalaisten urheilul\u00e4\u00e4k\u00e4reiden kanssa. Maistuu my\u00f6s l\u00e4mpim\u00e4n\u00e4! Valitse 4,5 kg jauhesanko: 83 litraa valmista Hart-Sport urheilujuomaa tai annospussi: 1 litra valmista juomaa.","og_url":"https:\/\/sponsorsmill-store.fi\/okk\/tuote\/hart-sport-urheilujuomajauhe-sitruuna-sanko-45-kg-1-kpln-pakkaus","og_site_name":"Oulunkyl\u00e4n Kiekko-Kerho","article_modified_time":"2025-10-14T12:25:19+00:00","twitter_card":"summary_large_image","schema":{"@context":"https:\/\/schema.org","@graph":[{"@type":"WebPage","@id":"https:\/\/sponsorsmill-store.fi\/okk\/tuote\/hart-sport-urheilujuomajauhe-sitruuna-sanko-45-kg-1-kpln-pakkaus","url":"https:\/\/sponsorsmill-store.fi\/okk\/tuote\/hart-sport-urheilujuomajauhe-sitruuna-sanko-45-kg-1-kpln-pakkaus","name":"Hart-Sport Urheilujuomajauhe Sitruuna sanko 4,5 kg - 1 kpl:n pakkaus. - Oulunkyl\u00e4n Kiekko-Kerho","isPartOf":{"@id":"https:\/\/sponsorsmill-store.fi\/okk\/#website"},"primaryImageOfPage":{"@id":"https:\/\/sponsorsmill-store.fi\/okk\/tuote\/hart-sport-urheilujuomajauhe-sitruuna-sanko-45-kg-1-kpln-pakkaus#primaryimage"},"image":{"@id":"https:\/\/sponsorsmill-store.fi\/okk\/tuote\/hart-sport-urheilujuomajauhe-sitruuna-sanko-45-kg-1-kpln-pakkaus#primaryimage"},"thumbnailUrl":"https:\/\/sponsorsmill-store.fi\/okk\/wp-content\/uploads\/2025\/03\/Hart-Sport-45-kg-scaled.webp","datePublished":"2025-03-13T10:39:37+00:00","dateModified":"2025-10-14T12:25:19+00:00","breadcrumb":{"@id":"https:\/\/sponsorsmill-store.fi\/okk\/tuote\/hart-sport-urheilujuomajauhe-sitruuna-sanko-45-kg-1-kpln-pakkaus#breadcrumb"},"inLanguage":"fi","potentialAction":[{"@type":"ReadAction","target":["https:\/\/sponsorsmill-store.fi\/okk\/tuote\/hart-sport-urheilujuomajauhe-sitruuna-sanko-45-kg-1-kpln-pakkaus"]}]},{"@type":"ImageObject","inLanguage":"fi","@id":"https:\/\/sponsorsmill-store.fi\/okk\/tuote\/hart-sport-urheilujuomajauhe-sitruuna-sanko-45-kg-1-kpln-pakkaus#primaryimage","url":"https:\/\/sponsorsmill-store.fi\/okk\/wp-content\/uploads\/2025\/03\/Hart-Sport-45-kg-scaled.webp","contentUrl":"https:\/\/sponsorsmill-store.fi\/okk\/wp-content\/uploads\/2025\/03\/Hart-Sport-45-kg-scaled.webp"},{"@type":"BreadcrumbList","@id":"https:\/\/sponsorsmill-store.fi\/okk\/tuote\/hart-sport-urheilujuomajauhe-sitruuna-sanko-45-kg-1-kpln-pakkaus#breadcrumb","itemListElement":[{"@type":"ListItem","position":1,"name":"Etusivu","item":"https:\/\/sponsorsmill-store.fi\/okk\/"},{"@type":"ListItem","position":2,"name":"Kauppa","item":"https:\/\/sponsorsmill-store.fi\/okk\/kauppa"},{"@type":"ListItem","position":3,"name":"Hart-Sport Urheilujuomajauhe Sitruuna sanko 4,5 kg &#8211; 1 kpl:n pakkaus."}]},{"@type":"WebSite","@id":"https:\/\/sponsorsmill-store.fi\/okk\/#website","url":"https:\/\/sponsorsmill-store.fi\/okk\/","name":"Oulunkyl\u00e4n Kiekko-Kerho","description":"","publisher":{"@id":"https:\/\/sponsorsmill-store.fi\/okk\/#organization"},"potentialAction":[{"@type":"SearchAction","target":{"@type":"EntryPoint","urlTemplate":"https:\/\/sponsorsmill-store.fi\/okk\/?s={search_term_string}"},"query-input":{"@type":"PropertyValueSpecification","valueRequired":true,"valueName":"search_term_string"}}],"inLanguage":"fi"},{"@type":"Organization","@id":"https:\/\/sponsorsmill-store.fi\/okk\/#organization","name":"Oulunkyl\u00e4n Kiekko-Kerho","url":"https:\/\/sponsorsmill-store.fi\/okk\/","logo":{"@type":"ImageObject","inLanguage":"fi","@id":"https:\/\/sponsorsmill-store.fi\/okk\/#\/schema\/logo\/image\/","url":"https:\/\/sponsorsmill-store.fi\/okk\/wp-content\/uploads\/sites\/2\/2025\/01\/cropped-logo-600-100x100-1.png","contentUrl":"https:\/\/sponsorsmill-store.fi\/okk\/wp-content\/uploads\/sites\/2\/2025\/01\/cropped-logo-600-100x100-1.png","width":512,"height":512,"caption":"Oulunkyl\u00e4n Kiekko-Kerho"},"image":{"@id":"https:\/\/sponsorsmill-store.fi\/okk\/#\/schema\/logo\/image\/"}}]}},"_links":{"self":[{"href":"https:\/\/sponsorsmill-store.fi\/okk\/wp-json\/wp\/v2\/product\/3610","targetHints":{"allow":["GET"]}}],"collection":[{"href":"https:\/\/sponsorsmill-store.fi\/okk\/wp-json\/wp\/v2\/product"}],"about":[{"href":"https:\/\/sponsorsmill-store.fi\/okk\/wp-json\/wp\/v2\/types\/product"}],"wp:featuredmedia":[{"embeddable":true,"href":"https:\/\/sponsorsmill-store.fi\/okk\/wp-json\/"}],"wp:attachment":[{"href":"https:\/\/sponsorsmill-store.fi\/okk\/wp-json\/wp\/v2\/media?parent=3610"}],"wp:term":[{"taxonomy":"product_brand","embeddable":true,"href":"https:\/\/sponsorsmill-store.fi\/okk\/wp-json\/wp\/v2\/product_brand?post=3610"},{"taxonomy":"product_cat","embeddable":true,"href":"https:\/\/sponsorsmill-store.fi\/okk\/wp-json\/wp\/v2\/product_cat?post=3610"},{"taxonomy":"product_tag","embeddable":true,"href":"https:\/\/sponsorsmill-store.fi\/okk\/wp-json\/wp\/v2\/product_tag?post=3610"}],"curies":[{"name":"wp","href":"https:\/\/api.w.org\/{rel}","templated":true}]}}