{"id":3339,"date":"2025-03-13T12:36:36","date_gmt":"2025-03-13T10:36:36","guid":{"rendered":"https:\/\/sponsorsmill-store.fi\/pk35\/tuote\/hart-sport-4-teho-magnesium-60-vegekaps-6-kpln-pakkaus"},"modified":"2025-11-13T13:03:08","modified_gmt":"2025-11-13T11:03:08","slug":"hart-sport-4-teho-magnesium-60-vegekaps-6-kpln-pakkaus","status":"publish","type":"product","link":"https:\/\/sponsorsmill-store.fi\/pk35\/tuote\/hart-sport-4-teho-magnesium-60-vegekaps-6-kpln-pakkaus","title":{"rendered":"Hart-Sport 4-TEHO Magnesium 60 vegekaps &#8211; 6 kpl:n pakkaus."},"content":{"rendered":"","protected":false},"excerpt":{"rendered":"<p>Vapauta huippusuorituskykysi 4-Teho Magnesiumin avulla!<\/p>\n<p>4-Teho Magnesium on suunniteltu erityisesti urheilun harrastajille.<\/p>\n<p>Mullistava koostumuksemme yhdist\u00e4\u00e4 ei yht\u00e4, ei kahta, vaan nelj\u00e4\u00e4 eri magnesiumlajia, jotta urheilusuorituskykysi saataisiin ennenn\u00e4kem\u00e4tt\u00f6m\u00e4ll\u00e4 tavalla huippulukemiin!<\/p>\n<p>Magnesium v\u00e4hent\u00e4\u00e4 v\u00e4symyst\u00e4, pit\u00e4\u00e4 lihakset tervein\u00e4 ja yll\u00e4pit\u00e4\u00e4 elektrolyyttitasapainoa.<\/p>\n<p>4-Teho Magnesium on Suomessa valmistettu.<\/p>\n","protected":false},"featured_media":10000005269,"template":"","meta":[],"product_brand":[],"product_cat":[146],"product_tag":[148],"class_list":{"0":"post-3339","1":"product","2":"type-product","3":"status-publish","4":"has-post-thumbnail","6":"product_cat-hart-sport-box","7":"product_tag-hart-sport-4-teho-magnesium-60-vegekaps","9":"first","10":"instock","11":"featured","12":"taxable","13":"shipping-taxable","14":"purchasable","15":"product-type-simple"},"yoast_head":"<!-- This site is optimized with the Yoast SEO plugin v27.4 - https:\/\/yoast.com\/product\/yoast-seo-wordpress\/ -->\n<title>Hart-Sport 4-TEHO Magnesium 60 vegekaps - 6 kpl:n pakkaus. - PK-35<\/title>\n<meta name=\"robots\" content=\"index, follow, max-snippet:-1, max-image-preview:large, max-video-preview:-1\" \/>\n<link rel=\"canonical\" href=\"https:\/\/sponsorsmill-store.fi\/pk35\/tuote\/hart-sport-4-teho-magnesium-60-vegekaps-6-kpln-pakkaus\" \/>\n<meta property=\"og:locale\" content=\"fi_FI\" \/>\n<meta property=\"og:type\" content=\"article\" \/>\n<meta property=\"og:title\" content=\"Hart-Sport 4-TEHO Magnesium 60 vegekaps - 6 kpl:n pakkaus. - PK-35\" \/>\n<meta property=\"og:description\" content=\"Vapauta huippusuorituskykysi 4-Teho Magnesiumin avulla! 4-Teho Magnesium on suunniteltu erityisesti urheilun harrastajille. Mullistava koostumuksemme yhdist\u00e4\u00e4 ei yht\u00e4, ei kahta, vaan nelj\u00e4\u00e4 eri magnesiumlajia, jotta urheilusuorituskykysi saataisiin ennenn\u00e4kem\u00e4tt\u00f6m\u00e4ll\u00e4 tavalla huippulukemiin! Magnesium v\u00e4hent\u00e4\u00e4 v\u00e4symyst\u00e4, pit\u00e4\u00e4 lihakset tervein\u00e4 ja yll\u00e4pit\u00e4\u00e4 elektrolyyttitasapainoa. 4-Teho Magnesium on Suomessa valmistettu.\" \/>\n<meta property=\"og:url\" content=\"https:\/\/sponsorsmill-store.fi\/pk35\/tuote\/hart-sport-4-teho-magnesium-60-vegekaps-6-kpln-pakkaus\" \/>\n<meta property=\"og:site_name\" content=\"PK-35\" \/>\n<meta property=\"article:modified_time\" content=\"2025-11-13T11:03:08+00:00\" \/>\n<meta name=\"twitter:card\" content=\"summary_large_image\" \/>\n<script type=\"application\/ld+json\" class=\"yoast-schema-graph\">{\"@context\":\"https:\\\/\\\/schema.org\",\"@graph\":[{\"@type\":\"WebPage\",\"@id\":\"https:\\\/\\\/sponsorsmill-store.fi\\\/pk35\\\/tuote\\\/hart-sport-4-teho-magnesium-60-vegekaps-6-kpln-pakkaus\",\"url\":\"https:\\\/\\\/sponsorsmill-store.fi\\\/pk35\\\/tuote\\\/hart-sport-4-teho-magnesium-60-vegekaps-6-kpln-pakkaus\",\"name\":\"Hart-Sport 4-TEHO Magnesium 60 vegekaps - 6 kpl:n pakkaus. - PK-35\",\"isPartOf\":{\"@id\":\"https:\\\/\\\/sponsorsmill-store.fi\\\/pk35\\\/#website\"},\"primaryImageOfPage\":{\"@id\":\"https:\\\/\\\/sponsorsmill-store.fi\\\/pk35\\\/tuote\\\/hart-sport-4-teho-magnesium-60-vegekaps-6-kpln-pakkaus#primaryimage\"},\"image\":{\"@id\":\"https:\\\/\\\/sponsorsmill-store.fi\\\/pk35\\\/tuote\\\/hart-sport-4-teho-magnesium-60-vegekaps-6-kpln-pakkaus#primaryimage\"},\"thumbnailUrl\":\"https:\\\/\\\/sponsorsmill-store.fi\\\/pk35\\\/wp-content\\\/uploads\\\/2025\\\/03\\\/Hart-Sport-MAGNESIUM-60KAPS-scaled.webp\",\"datePublished\":\"2025-03-13T10:36:36+00:00\",\"dateModified\":\"2025-11-13T11:03:08+00:00\",\"breadcrumb\":{\"@id\":\"https:\\\/\\\/sponsorsmill-store.fi\\\/pk35\\\/tuote\\\/hart-sport-4-teho-magnesium-60-vegekaps-6-kpln-pakkaus#breadcrumb\"},\"inLanguage\":\"fi\",\"potentialAction\":[{\"@type\":\"ReadAction\",\"target\":[\"https:\\\/\\\/sponsorsmill-store.fi\\\/pk35\\\/tuote\\\/hart-sport-4-teho-magnesium-60-vegekaps-6-kpln-pakkaus\"]}]},{\"@type\":\"ImageObject\",\"inLanguage\":\"fi\",\"@id\":\"https:\\\/\\\/sponsorsmill-store.fi\\\/pk35\\\/tuote\\\/hart-sport-4-teho-magnesium-60-vegekaps-6-kpln-pakkaus#primaryimage\",\"url\":\"https:\\\/\\\/sponsorsmill-store.fi\\\/pk35\\\/wp-content\\\/uploads\\\/2025\\\/03\\\/Hart-Sport-MAGNESIUM-60KAPS-scaled.webp\",\"contentUrl\":\"https:\\\/\\\/sponsorsmill-store.fi\\\/pk35\\\/wp-content\\\/uploads\\\/2025\\\/03\\\/Hart-Sport-MAGNESIUM-60KAPS-scaled.webp\"},{\"@type\":\"BreadcrumbList\",\"@id\":\"https:\\\/\\\/sponsorsmill-store.fi\\\/pk35\\\/tuote\\\/hart-sport-4-teho-magnesium-60-vegekaps-6-kpln-pakkaus#breadcrumb\",\"itemListElement\":[{\"@type\":\"ListItem\",\"position\":1,\"name\":\"Etusivu\",\"item\":\"https:\\\/\\\/sponsorsmill-store.fi\\\/pk35\\\/\"},{\"@type\":\"ListItem\",\"position\":2,\"name\":\"Kauppa\",\"item\":\"https:\\\/\\\/sponsorsmill-store.fi\\\/pk35\\\/kauppa\"},{\"@type\":\"ListItem\",\"position\":3,\"name\":\"Hart-Sport 4-TEHO Magnesium 60 vegekaps &#8211; 6 kpl:n pakkaus.\"}]},{\"@type\":\"WebSite\",\"@id\":\"https:\\\/\\\/sponsorsmill-store.fi\\\/pk35\\\/#website\",\"url\":\"https:\\\/\\\/sponsorsmill-store.fi\\\/pk35\\\/\",\"name\":\"PK-35\",\"description\":\"\",\"publisher\":{\"@id\":\"https:\\\/\\\/sponsorsmill-store.fi\\\/pk35\\\/#organization\"},\"potentialAction\":[{\"@type\":\"SearchAction\",\"target\":{\"@type\":\"EntryPoint\",\"urlTemplate\":\"https:\\\/\\\/sponsorsmill-store.fi\\\/pk35\\\/?s={search_term_string}\"},\"query-input\":{\"@type\":\"PropertyValueSpecification\",\"valueRequired\":true,\"valueName\":\"search_term_string\"}}],\"inLanguage\":\"fi\"},{\"@type\":\"Organization\",\"@id\":\"https:\\\/\\\/sponsorsmill-store.fi\\\/pk35\\\/#organization\",\"name\":\"PK-35\",\"url\":\"https:\\\/\\\/sponsorsmill-store.fi\\\/pk35\\\/\",\"logo\":{\"@type\":\"ImageObject\",\"inLanguage\":\"fi\",\"@id\":\"https:\\\/\\\/sponsorsmill-store.fi\\\/pk35\\\/#\\\/schema\\\/logo\\\/image\\\/\",\"url\":\"https:\\\/\\\/sponsorsmill-store.fi\\\/pk35\\\/wp-content\\\/uploads\\\/sites\\\/19\\\/2025\\\/02\\\/cropped-cropped-circle-cropped2-resized-png.webp\",\"contentUrl\":\"https:\\\/\\\/sponsorsmill-store.fi\\\/pk35\\\/wp-content\\\/uploads\\\/sites\\\/19\\\/2025\\\/02\\\/cropped-cropped-circle-cropped2-resized-png.webp\",\"width\":512,\"height\":512,\"caption\":\"PK-35\"},\"image\":{\"@id\":\"https:\\\/\\\/sponsorsmill-store.fi\\\/pk35\\\/#\\\/schema\\\/logo\\\/image\\\/\"}}]}<\/script>\n<!-- \/ Yoast SEO plugin. -->","yoast_head_json":{"title":"Hart-Sport 4-TEHO Magnesium 60 vegekaps - 6 kpl:n pakkaus. - PK-35","robots":{"index":"index","follow":"follow","max-snippet":"max-snippet:-1","max-image-preview":"max-image-preview:large","max-video-preview":"max-video-preview:-1"},"canonical":"https:\/\/sponsorsmill-store.fi\/pk35\/tuote\/hart-sport-4-teho-magnesium-60-vegekaps-6-kpln-pakkaus","og_locale":"fi_FI","og_type":"article","og_title":"Hart-Sport 4-TEHO Magnesium 60 vegekaps - 6 kpl:n pakkaus. - PK-35","og_description":"Vapauta huippusuorituskykysi 4-Teho Magnesiumin avulla! 4-Teho Magnesium on suunniteltu erityisesti urheilun harrastajille. Mullistava koostumuksemme yhdist\u00e4\u00e4 ei yht\u00e4, ei kahta, vaan nelj\u00e4\u00e4 eri magnesiumlajia, jotta urheilusuorituskykysi saataisiin ennenn\u00e4kem\u00e4tt\u00f6m\u00e4ll\u00e4 tavalla huippulukemiin! Magnesium v\u00e4hent\u00e4\u00e4 v\u00e4symyst\u00e4, pit\u00e4\u00e4 lihakset tervein\u00e4 ja yll\u00e4pit\u00e4\u00e4 elektrolyyttitasapainoa. 4-Teho Magnesium on Suomessa valmistettu.","og_url":"https:\/\/sponsorsmill-store.fi\/pk35\/tuote\/hart-sport-4-teho-magnesium-60-vegekaps-6-kpln-pakkaus","og_site_name":"PK-35","article_modified_time":"2025-11-13T11:03:08+00:00","twitter_card":"summary_large_image","schema":{"@context":"https:\/\/schema.org","@graph":[{"@type":"WebPage","@id":"https:\/\/sponsorsmill-store.fi\/pk35\/tuote\/hart-sport-4-teho-magnesium-60-vegekaps-6-kpln-pakkaus","url":"https:\/\/sponsorsmill-store.fi\/pk35\/tuote\/hart-sport-4-teho-magnesium-60-vegekaps-6-kpln-pakkaus","name":"Hart-Sport 4-TEHO Magnesium 60 vegekaps - 6 kpl:n pakkaus. - PK-35","isPartOf":{"@id":"https:\/\/sponsorsmill-store.fi\/pk35\/#website"},"primaryImageOfPage":{"@id":"https:\/\/sponsorsmill-store.fi\/pk35\/tuote\/hart-sport-4-teho-magnesium-60-vegekaps-6-kpln-pakkaus#primaryimage"},"image":{"@id":"https:\/\/sponsorsmill-store.fi\/pk35\/tuote\/hart-sport-4-teho-magnesium-60-vegekaps-6-kpln-pakkaus#primaryimage"},"thumbnailUrl":"https:\/\/sponsorsmill-store.fi\/pk35\/wp-content\/uploads\/2025\/03\/Hart-Sport-MAGNESIUM-60KAPS-scaled.webp","datePublished":"2025-03-13T10:36:36+00:00","dateModified":"2025-11-13T11:03:08+00:00","breadcrumb":{"@id":"https:\/\/sponsorsmill-store.fi\/pk35\/tuote\/hart-sport-4-teho-magnesium-60-vegekaps-6-kpln-pakkaus#breadcrumb"},"inLanguage":"fi","potentialAction":[{"@type":"ReadAction","target":["https:\/\/sponsorsmill-store.fi\/pk35\/tuote\/hart-sport-4-teho-magnesium-60-vegekaps-6-kpln-pakkaus"]}]},{"@type":"ImageObject","inLanguage":"fi","@id":"https:\/\/sponsorsmill-store.fi\/pk35\/tuote\/hart-sport-4-teho-magnesium-60-vegekaps-6-kpln-pakkaus#primaryimage","url":"https:\/\/sponsorsmill-store.fi\/pk35\/wp-content\/uploads\/2025\/03\/Hart-Sport-MAGNESIUM-60KAPS-scaled.webp","contentUrl":"https:\/\/sponsorsmill-store.fi\/pk35\/wp-content\/uploads\/2025\/03\/Hart-Sport-MAGNESIUM-60KAPS-scaled.webp"},{"@type":"BreadcrumbList","@id":"https:\/\/sponsorsmill-store.fi\/pk35\/tuote\/hart-sport-4-teho-magnesium-60-vegekaps-6-kpln-pakkaus#breadcrumb","itemListElement":[{"@type":"ListItem","position":1,"name":"Etusivu","item":"https:\/\/sponsorsmill-store.fi\/pk35\/"},{"@type":"ListItem","position":2,"name":"Kauppa","item":"https:\/\/sponsorsmill-store.fi\/pk35\/kauppa"},{"@type":"ListItem","position":3,"name":"Hart-Sport 4-TEHO Magnesium 60 vegekaps &#8211; 6 kpl:n pakkaus."}]},{"@type":"WebSite","@id":"https:\/\/sponsorsmill-store.fi\/pk35\/#website","url":"https:\/\/sponsorsmill-store.fi\/pk35\/","name":"PK-35","description":"","publisher":{"@id":"https:\/\/sponsorsmill-store.fi\/pk35\/#organization"},"potentialAction":[{"@type":"SearchAction","target":{"@type":"EntryPoint","urlTemplate":"https:\/\/sponsorsmill-store.fi\/pk35\/?s={search_term_string}"},"query-input":{"@type":"PropertyValueSpecification","valueRequired":true,"valueName":"search_term_string"}}],"inLanguage":"fi"},{"@type":"Organization","@id":"https:\/\/sponsorsmill-store.fi\/pk35\/#organization","name":"PK-35","url":"https:\/\/sponsorsmill-store.fi\/pk35\/","logo":{"@type":"ImageObject","inLanguage":"fi","@id":"https:\/\/sponsorsmill-store.fi\/pk35\/#\/schema\/logo\/image\/","url":"https:\/\/sponsorsmill-store.fi\/pk35\/wp-content\/uploads\/sites\/19\/2025\/02\/cropped-cropped-circle-cropped2-resized-png.webp","contentUrl":"https:\/\/sponsorsmill-store.fi\/pk35\/wp-content\/uploads\/sites\/19\/2025\/02\/cropped-cropped-circle-cropped2-resized-png.webp","width":512,"height":512,"caption":"PK-35"},"image":{"@id":"https:\/\/sponsorsmill-store.fi\/pk35\/#\/schema\/logo\/image\/"}}]}},"_links":{"self":[{"href":"https:\/\/sponsorsmill-store.fi\/pk35\/wp-json\/wp\/v2\/product\/3339","targetHints":{"allow":["GET"]}}],"collection":[{"href":"https:\/\/sponsorsmill-store.fi\/pk35\/wp-json\/wp\/v2\/product"}],"about":[{"href":"https:\/\/sponsorsmill-store.fi\/pk35\/wp-json\/wp\/v2\/types\/product"}],"wp:featuredmedia":[{"embeddable":true,"href":"https:\/\/sponsorsmill-store.fi\/pk35\/wp-json\/"}],"wp:attachment":[{"href":"https:\/\/sponsorsmill-store.fi\/pk35\/wp-json\/wp\/v2\/media?parent=3339"}],"wp:term":[{"taxonomy":"product_brand","embeddable":true,"href":"https:\/\/sponsorsmill-store.fi\/pk35\/wp-json\/wp\/v2\/product_brand?post=3339"},{"taxonomy":"product_cat","embeddable":true,"href":"https:\/\/sponsorsmill-store.fi\/pk35\/wp-json\/wp\/v2\/product_cat?post=3339"},{"taxonomy":"product_tag","embeddable":true,"href":"https:\/\/sponsorsmill-store.fi\/pk35\/wp-json\/wp\/v2\/product_tag?post=3339"}],"curies":[{"name":"wp","href":"https:\/\/api.w.org\/{rel}","templated":true}]}}