{"id":3749,"date":"2025-09-08T11:59:49","date_gmt":"2025-09-08T08:59:49","guid":{"rendered":"https:\/\/sponsorsmill-store.fi\/tpsjj\/?page_id=3749"},"modified":"2025-10-01T17:15:48","modified_gmt":"2025-10-01T14:15:48","slug":"smellwell","status":"publish","type":"page","link":"https:\/\/sponsorsmill-store.fi\/tpsjj\/smellwell","title":{"rendered":"SmellWell"},"content":{"rendered":"<div class=\"et_pb_section_0 et_pb_section et_section_regular et_flex_section\"><span class=\"et-pb-background-video\"><\/span>\n<div class=\"et_pb_row_0 et_pb_row et_flex_row\">\n<div class=\"et_pb_column_0 et_pb_column et-last-child et_flex_column et_pb_css_mix_blend_mode_passthrough et_flex_column_24_24 et_flex_column_24_24_tablet et_flex_column_24_24_phoneWide et_flex_column_24_24_tabletWide\">\n<div class=\"et_pb_heading_0 et_pb_heading et_pb_module et_flex_module\"><div class=\"et_pb_heading_container\"><h1 class=\"et_pb_module_header\">SMELLWELL - KEEP IT FRESH -  MAKE IT LAST<\/h1><\/div><\/div>\n<\/div>\n<\/div>\n\n<div class=\"et_pb_row_1 et_pb_row et_flex_row\">\n<div class=\"et_pb_column_1 et_pb_column et_flex_column et_pb_css_mix_blend_mode_passthrough et_flex_column_24_24 et_flex_column_24_24_tablet et_flex_column_24_24_phoneWide et_flex_column_24_24_tabletWide\">\n<div class=\"et_pb_text_0 et_pb_text et_pb_bg_layout_light et_pb_module et_flex_module\"><div class=\"et_pb_text_inner\"><p>Iloinen harrastaminen syksyisess\u00e4 ilmassa \u2013 raikkautta SmellWell tuotteilla osaksi joka p\u00e4iv\u00e4ist\u00e4 el\u00e4m\u00e4\u00e4!<\/p>\n<p>Syksy on t\u00e4ynn\u00e4 mahdollisuuksia liikkua, innostua ja nauttia raikkaasta ulkoilmasta \u2013 olipa kyseess\u00e4 mets\u00e4lenkki, salitreeni tai yst\u00e4vien kanssa pelattu jalkapallomatsi, unohtamatta aktiivista tekemist\u00e4 ymp\u00e4rivuoden eri harrastuksissa. Mutta mit\u00e4 tehd\u00e4, kun keng\u00e4t, treenikassi ja urheiluvarusteet alkavat muistuttaa harrastuksista my\u00f6s tuoksunsa puolesta? Tai onko joskus tullut mietitty\u00e4, voisiko ty\u00f6- ja vapaa-ajan jalkineet ja varusteet, kenties olla hieman miellytt\u00e4v\u00e4mm\u00e4t tuoksultaan? Ratkaisu l\u00f6ytyy SmellWell-tuotteista!<\/p>\n<p><b>SmellWell \u2013 Raikkautta arjen seikkailuihin<\/b><\/p>\n<p>Uudet, edelleen kehitetyt SmellWell Insert tuoksutyynyt ovat astetta tehokkaampi versio tutusta SmellWell Active -tuotteesta. N\u00e4m\u00e4 tyynyt pit\u00e4v\u00e4t kenk\u00e4si, vaatteesi, laukkusi ja kaikki varusteesi miellytt\u00e4v\u00e4n raikkaina ja kuivina pidemp\u00e4\u00e4n \u2013 jopa kuuden kuukauden ajan jokap\u00e4iv\u00e4isess\u00e4 k\u00e4yt\u00f6ss\u00e4!<\/p>\n<p><b>Tehokasta kosteuden ja hajun imua<\/b><\/p>\n<p>Unohda tunkkaisuus! SmellWell Insert tuoksutyynyt absorboivat kosteutta ja neutraloivat pahan hajun eritt\u00e4in tehokkaasti. Laita tuoksutyynyt kenkiisi y\u00f6n ajaksi, ja astu aamulla raikkaisiin kenkiin \u2013 valmiina uusiin syksyn seikkailuihin. Tyynyt sopivat t\u00e4ydellisesti my\u00f6s treenikassiin, nyrkkeilyhanskoihin, monoille tai mihin tahansa varusteeseen, joka kaipaa ripauksen raikkautta. Lis\u00e4ksi SmellWell Freshener Bags t\u00e4ydent\u00e4v\u00e4t k\u00e4ytt\u00f6kohteita.<\/p>\n<p><b>Turvallisesti testatut ja ymp\u00e4rist\u00f6yst\u00e4v\u00e4lliset<\/b><\/p>\n<p>SmellWell tuotteet on testattu huolellisesti sek\u00e4 ymp\u00e4rist\u00f6- ett\u00e4 kuluttajaturvallisuuden osalta. Ne eiv\u00e4t sis\u00e4ll\u00e4 bakteereja tappavia aineita, joten voit k\u00e4ytt\u00e4\u00e4 niit\u00e4 huoletta kaikenik\u00e4isten varusteissa.<\/p>\n<\/div><\/div>\n<\/div>\n\n<div class=\"et_pb_column_2 et_pb_column et-last-child et_flex_column et_pb_css_mix_blend_mode_passthrough et_flex_column_24_24 et_flex_column_24_24_tablet et_flex_column_24_24_phoneWide et_flex_column_24_24_tabletWide\">\n<div class=\"et_pb_video_0 et_pb_video et_pb_module et_flex_module lwp-video-autoplay\"><div class=\"et_pb_video_box\"><video controls><source type=\"video\/mp4\" src=\"https:\/\/sponsorsmill-store.fi\/wp-content\/uploads\/2025\/09\/SmellWell-produkt-\ufffd-Final-HD-1080p.webm\" \/><\/video><\/div><\/div>\n<\/div>\n<\/div>\n\n<div class=\"et_pb_row_2 et_pb_row et_flex_row et_animated\">\n<div class=\"et_pb_column_3 et_pb_column et_flex_column et_pb_css_mix_blend_mode_passthrough et_clickable et_flex_column_24_24 et_flex_column_24_24_tablet et_flex_column_24_24_phoneWide et_flex_column_24_24_tabletWide\">\n<div class=\"et_pb_image_0 et_pb_image et_animated et_pb_module et_flex_module\"><a href=\"https:\/\/sponsorsmill-store.fi\/tpsjj\/tuote\/smellwell-active-original-tiimituote\"><span class=\"et_pb_image_wrap\"><img decoding=\"async\" src=\"https:\/\/sponsorsmill-store.fi\/tpsjj\/wp-content\/uploads\/sites\/5\/2025\/10\/221344_101_SMELLWELL_SMELLWELL.webp\" class=\"wp-image-7611\" title=\"221344_101_SMELLWELL_SMELLWELL\" \/><\/span><\/a><\/div>\n<\/div>\n\n<div class=\"et_pb_column_4 et_pb_column et_flex_column et_pb_css_mix_blend_mode_passthrough et_flex_column_24_24 et_flex_column_24_24_tablet et_flex_column_24_24_phoneWide et_flex_column_24_24_tabletWide\">\n<div class=\"et_pb_image_1 et_pb_image et_animated et_pb_module et_flex_module\"><a href=\"https:\/\/sponsorsmill-store.fi\/tpsjj\/tuote\/smellwell-active-xl-tiimituote\"><span class=\"et_pb_image_wrap\"><img decoding=\"async\" src=\"https:\/\/sponsorsmill-store.fi\/tpsjj\/wp-content\/uploads\/sites\/5\/2025\/10\/2511_SW_Active_XL_Black_Shadow_package_pouches_angle.webp\" class=\"wp-image-7551\" title=\"2511_SW_Active_XL_Black_Shadow_package_pouches_angle\" \/><\/span><\/a><\/div>\n<\/div>\n\n<div class=\"et_pb_column_5 et_pb_column et_flex_column et_pb_css_mix_blend_mode_passthrough et_flex_column_24_24 et_flex_column_24_24_tablet et_flex_column_24_24_phoneWide et_flex_column_24_24_tabletWide\">\n<div class=\"et_pb_image_2 et_pb_image et_animated et_pb_module et_flex_module\"><a href=\"https:\/\/sponsorsmill-store.fi\/tpsjj\/tuote\/smellwell-freshener-bag-tiimituote-2\"><span class=\"et_pb_image_wrap\"><img decoding=\"async\" src=\"https:\/\/sponsorsmill-store.fi\/tpsjj\/wp-content\/uploads\/sites\/5\/2025\/10\/Freshener_Bag_Small_Floral0001_Alpha.webp\" class=\"wp-image-7585\" title=\"Freshener_Bag_Small_Floral0001_Alpha\" \/><\/span><\/a><\/div>\n<\/div>\n\n<div class=\"et_pb_column_6 et_pb_column et-last-child et_flex_column et_pb_css_mix_blend_mode_passthrough et_flex_column_24_24 et_flex_column_24_24_tablet et_flex_column_24_24_phoneWide et_flex_column_24_24_tabletWide\">\n<div class=\"et_pb_image_3 et_pb_image et_animated et_pb_module et_flex_module\"><a href=\"https:\/\/sponsorsmill-store.fi\/tpsjj\/tuote\/smellwell-freshener-bag-xl-tiimituote\"><span class=\"et_pb_image_wrap\"><img decoding=\"async\" src=\"https:\/\/sponsorsmill-store.fi\/tpsjj\/wp-content\/uploads\/sites\/5\/2025\/10\/mini_Freshener_Bag_XL_camo0001_Alpha.webp\" class=\"wp-image-7632\" title=\"mini_Freshener_Bag_XL_camo0001_Alpha\" \/><\/span><\/a><\/div>\n<\/div>\n<\/div>\n\n<div class=\"et_pb_row_3 et_pb_row et_flex_row\">\n<div class=\"et_pb_column_7 et_pb_column et_flex_column et_pb_css_mix_blend_mode_passthrough et_flex_column_24_24 et_flex_column_24_24_tablet et_flex_column_24_24_phoneWide et_flex_column_24_24_tabletWide\">\n<div class=\"et_pb_video_1 et_pb_video et_pb_module et_flex_module lwp-video-autoplay\"><div class=\"et_pb_video_box\"><video controls><source type=\"video\/mp4\" src=\"https:\/\/sponsorsmill-store.fi\/wp-content\/uploads\/2025\/09\/Wellness-Horosintell-final.webm\" \/><\/video><\/div><\/div>\n\n<div class=\"et_pb_code_0 et_pb_code et_pb_module\"><div class=\"et_pb_code_inner\"><script>\njQuery(document).ready(function() {\n    if (jQuery('.lwp-video-autoplay .et_pb_video_box').length !== 0) {\n        jQuery('.lwp-video-autoplay .et_pb_video_box').find('video').prop('muted', true);\n        jQuery(\".lwp-video-autoplay .et_pb_video_box\").find('video').attr('loop', 'loop');\n        jQuery(\".lwp-video-autoplay .et_pb_video_box\").find('video').attr('playsInline', '');\n \n        jQuery(\".lwp-video-autoplay .et_pb_video_box\").each(function() {\n            jQuery(this).find('video').get(0).play();\n        });\n        jQuery('.lwp-video-autoplay .et_pb_video_box').find('video').removeAttr('controls');\n    }\n});\n<\/script><\/div><\/div>\n<\/div>\n\n<div class=\"et_pb_column_8 et_pb_column et-last-child et_flex_column et_pb_css_mix_blend_mode_passthrough et_flex_column_24_24 et_flex_column_24_24_tablet et_flex_column_24_24_phoneWide et_flex_column_24_24_tabletWide\">\n<div class=\"et_pb_video_2 et_pb_video et_animated et_pb_module et_flex_module lwp-video-autoplay\"><div class=\"et_pb_video_box\"><video controls><source type=\"video\/mp4\" src=\"https:\/\/sponsorsmill-store.fi\/wp-content\/uploads\/2025\/09\/IMG_0604.webm\" \/><\/video><\/div><\/div>\n\n<div class=\"et_pb_code_1 et_pb_code et_pb_module\"><div class=\"et_pb_code_inner\"><script>\njQuery(document).ready(function() {\n    if (jQuery('.lwp-video-autoplay .et_pb_video_box').length !== 0) {\n        jQuery('.lwp-video-autoplay .et_pb_video_box').find('video').prop('muted', true);\n        jQuery(\".lwp-video-autoplay .et_pb_video_box\").find('video').attr('loop', 'loop');\n        jQuery(\".lwp-video-autoplay .et_pb_video_box\").find('video').attr('playsInline', '');\n \n        jQuery(\".lwp-video-autoplay .et_pb_video_box\").each(function() {\n            jQuery(this).find('video').get(0).play();\n        });\n        jQuery('.lwp-video-autoplay .et_pb_video_box').find('video').removeAttr('controls');\n    }\n});\n<\/script><\/div><\/div>\n<\/div>\n<\/div>\n<\/div>","protected":false},"excerpt":{"rendered":"","protected":false},"author":1,"featured_media":0,"parent":0,"menu_order":0,"comment_status":"closed","ping_status":"closed","template":"","meta":{"footnotes":""},"class_list":["post-3749","page","type-page","status-publish","hentry"],"yoast_head":"<!-- This site is optimized with the Yoast SEO plugin v27.2 - https:\/\/yoast.com\/product\/yoast-seo-wordpress\/ -->\n<title>SmellWell - TPS Juniorijalkapallo Ry<\/title>\n<meta name=\"robots\" content=\"index, follow, max-snippet:-1, max-image-preview:large, max-video-preview:-1\" \/>\n<link rel=\"canonical\" href=\"https:\/\/sponsorsmill-store.fi\/tpsjj\/smellwell\" \/>\n<meta property=\"og:locale\" content=\"fi_FI\" \/>\n<meta property=\"og:type\" content=\"article\" \/>\n<meta property=\"og:title\" content=\"SmellWell - TPS Juniorijalkapallo Ry\" \/>\n<meta property=\"og:url\" content=\"https:\/\/sponsorsmill-store.fi\/tpsjj\/smellwell\" \/>\n<meta property=\"og:site_name\" content=\"TPS Juniorijalkapallo Ry\" \/>\n<meta property=\"article:modified_time\" content=\"2025-10-01T14:15:48+00:00\" \/>\n<meta name=\"twitter:card\" content=\"summary_large_image\" \/>\n<script type=\"application\/ld+json\" class=\"yoast-schema-graph\">{\"@context\":\"https:\/\/schema.org\",\"@graph\":[{\"@type\":\"WebPage\",\"@id\":\"https:\/\/sponsorsmill-store.fi\/tpsjj\/smellwell\",\"url\":\"https:\/\/sponsorsmill-store.fi\/tpsjj\/smellwell\",\"name\":\"SmellWell - TPS Juniorijalkapallo Ry\",\"isPartOf\":{\"@id\":\"https:\/\/sponsorsmill-store.fi\/tpsjj\/#website\"},\"datePublished\":\"2025-09-08T08:59:49+00:00\",\"dateModified\":\"2025-10-01T14:15:48+00:00\",\"breadcrumb\":{\"@id\":\"https:\/\/sponsorsmill-store.fi\/tpsjj\/smellwell#breadcrumb\"},\"inLanguage\":\"fi\",\"potentialAction\":[{\"@type\":\"ReadAction\",\"target\":[\"https:\/\/sponsorsmill-store.fi\/tpsjj\/smellwell\"]}]},{\"@type\":\"BreadcrumbList\",\"@id\":\"https:\/\/sponsorsmill-store.fi\/tpsjj\/smellwell#breadcrumb\",\"itemListElement\":[{\"@type\":\"ListItem\",\"position\":1,\"name\":\"Etusivu\",\"item\":\"https:\/\/sponsorsmill-store.fi\/tpsjj\/\"},{\"@type\":\"ListItem\",\"position\":2,\"name\":\"SmellWell\"}]},{\"@type\":\"WebSite\",\"@id\":\"https:\/\/sponsorsmill-store.fi\/tpsjj\/#website\",\"url\":\"https:\/\/sponsorsmill-store.fi\/tpsjj\/\",\"name\":\"TPS Juniorijalkapallo Ry\",\"description\":\"\",\"publisher\":{\"@id\":\"https:\/\/sponsorsmill-store.fi\/tpsjj\/#organization\"},\"potentialAction\":[{\"@type\":\"SearchAction\",\"target\":{\"@type\":\"EntryPoint\",\"urlTemplate\":\"https:\/\/sponsorsmill-store.fi\/tpsjj\/?s={search_term_string}\"},\"query-input\":{\"@type\":\"PropertyValueSpecification\",\"valueRequired\":true,\"valueName\":\"search_term_string\"}}],\"inLanguage\":\"fi\"},{\"@type\":\"Organization\",\"@id\":\"https:\/\/sponsorsmill-store.fi\/tpsjj\/#organization\",\"name\":\"TPS Juniorijalkapallo Ry\",\"url\":\"https:\/\/sponsorsmill-store.fi\/tpsjj\/\",\"logo\":{\"@type\":\"ImageObject\",\"inLanguage\":\"fi\",\"@id\":\"https:\/\/sponsorsmill-store.fi\/tpsjj\/#\/schema\/logo\/image\/\",\"url\":\"https:\/\/sponsorsmill-store.fi\/tpsjj\/wp-content\/uploads\/sites\/5\/2025\/01\/cropped-TPS-logo_2017_RGB.png\",\"contentUrl\":\"https:\/\/sponsorsmill-store.fi\/tpsjj\/wp-content\/uploads\/sites\/5\/2025\/01\/cropped-TPS-logo_2017_RGB.png\",\"width\":512,\"height\":512,\"caption\":\"TPS Juniorijalkapallo Ry\"},\"image\":{\"@id\":\"https:\/\/sponsorsmill-store.fi\/tpsjj\/#\/schema\/logo\/image\/\"}}]}<\/script>\n<!-- \/ Yoast SEO plugin. -->","yoast_head_json":{"title":"SmellWell - TPS Juniorijalkapallo Ry","robots":{"index":"index","follow":"follow","max-snippet":"max-snippet:-1","max-image-preview":"max-image-preview:large","max-video-preview":"max-video-preview:-1"},"canonical":"https:\/\/sponsorsmill-store.fi\/tpsjj\/smellwell","og_locale":"fi_FI","og_type":"article","og_title":"SmellWell - TPS Juniorijalkapallo Ry","og_url":"https:\/\/sponsorsmill-store.fi\/tpsjj\/smellwell","og_site_name":"TPS Juniorijalkapallo Ry","article_modified_time":"2025-10-01T14:15:48+00:00","twitter_card":"summary_large_image","schema":{"@context":"https:\/\/schema.org","@graph":[{"@type":"WebPage","@id":"https:\/\/sponsorsmill-store.fi\/tpsjj\/smellwell","url":"https:\/\/sponsorsmill-store.fi\/tpsjj\/smellwell","name":"SmellWell - TPS Juniorijalkapallo Ry","isPartOf":{"@id":"https:\/\/sponsorsmill-store.fi\/tpsjj\/#website"},"datePublished":"2025-09-08T08:59:49+00:00","dateModified":"2025-10-01T14:15:48+00:00","breadcrumb":{"@id":"https:\/\/sponsorsmill-store.fi\/tpsjj\/smellwell#breadcrumb"},"inLanguage":"fi","potentialAction":[{"@type":"ReadAction","target":["https:\/\/sponsorsmill-store.fi\/tpsjj\/smellwell"]}]},{"@type":"BreadcrumbList","@id":"https:\/\/sponsorsmill-store.fi\/tpsjj\/smellwell#breadcrumb","itemListElement":[{"@type":"ListItem","position":1,"name":"Etusivu","item":"https:\/\/sponsorsmill-store.fi\/tpsjj\/"},{"@type":"ListItem","position":2,"name":"SmellWell"}]},{"@type":"WebSite","@id":"https:\/\/sponsorsmill-store.fi\/tpsjj\/#website","url":"https:\/\/sponsorsmill-store.fi\/tpsjj\/","name":"TPS Juniorijalkapallo Ry","description":"","publisher":{"@id":"https:\/\/sponsorsmill-store.fi\/tpsjj\/#organization"},"potentialAction":[{"@type":"SearchAction","target":{"@type":"EntryPoint","urlTemplate":"https:\/\/sponsorsmill-store.fi\/tpsjj\/?s={search_term_string}"},"query-input":{"@type":"PropertyValueSpecification","valueRequired":true,"valueName":"search_term_string"}}],"inLanguage":"fi"},{"@type":"Organization","@id":"https:\/\/sponsorsmill-store.fi\/tpsjj\/#organization","name":"TPS Juniorijalkapallo Ry","url":"https:\/\/sponsorsmill-store.fi\/tpsjj\/","logo":{"@type":"ImageObject","inLanguage":"fi","@id":"https:\/\/sponsorsmill-store.fi\/tpsjj\/#\/schema\/logo\/image\/","url":"https:\/\/sponsorsmill-store.fi\/tpsjj\/wp-content\/uploads\/sites\/5\/2025\/01\/cropped-TPS-logo_2017_RGB.png","contentUrl":"https:\/\/sponsorsmill-store.fi\/tpsjj\/wp-content\/uploads\/sites\/5\/2025\/01\/cropped-TPS-logo_2017_RGB.png","width":512,"height":512,"caption":"TPS Juniorijalkapallo Ry"},"image":{"@id":"https:\/\/sponsorsmill-store.fi\/tpsjj\/#\/schema\/logo\/image\/"}}]}},"_links":{"self":[{"href":"https:\/\/sponsorsmill-store.fi\/tpsjj\/wp-json\/wp\/v2\/pages\/3749","targetHints":{"allow":["GET"]}}],"collection":[{"href":"https:\/\/sponsorsmill-store.fi\/tpsjj\/wp-json\/wp\/v2\/pages"}],"about":[{"href":"https:\/\/sponsorsmill-store.fi\/tpsjj\/wp-json\/wp\/v2\/types\/page"}],"author":[{"embeddable":true,"href":"https:\/\/sponsorsmill-store.fi\/tpsjj\/wp-json\/wp\/v2\/users\/1"}],"replies":[{"embeddable":true,"href":"https:\/\/sponsorsmill-store.fi\/tpsjj\/wp-json\/wp\/v2\/comments?post=3749"}],"version-history":[{"count":0,"href":"https:\/\/sponsorsmill-store.fi\/tpsjj\/wp-json\/wp\/v2\/pages\/3749\/revisions"}],"wp:attachment":[{"href":"https:\/\/sponsorsmill-store.fi\/tpsjj\/wp-json\/wp\/v2\/media?parent=3749"}],"curies":[{"name":"wp","href":"https:\/\/api.w.org\/{rel}","templated":true}]}}